{"id":24090,"date":"2026-03-29T20:13:04","date_gmt":"2026-03-29T19:13:04","guid":{"rendered":"https:\/\/bigbuy.tupique.com\/produto\/smart-tv-philips-55bdl6052h-12-full-hd-546\/"},"modified":"2026-04-15T03:31:23","modified_gmt":"2026-04-15T02:31:23","slug":"smart-tv-philips-55bdl6052h-12-full-hd-546","status":"publish","type":"product","link":"https:\/\/bigbuy.tupique.com\/pt\/produto\/smart-tv-philips-55bdl6052h-12-full-hd-546\/","title":{"rendered":"TV intelligente Philips 55BDL6052H\/12 Full HD 54,6&#8243;"},"content":{"rendered":"<p>Si vous \u00eates passionn\u00e9 d&#8217;<b>informatique et d&#8217;\u00e9lectronique<\/b>, si vous \u00eates \u00e0 la pointe de la technologie et qu&#8217;aucun d\u00e9tail ne vous \u00e9chappe, achetez <b>TV intelligente Philips 55BDL6052H\/12 Full HD 54,6&#8243;<\/b> au meilleur prix.<\/p>\n<p>Le <b>Philips 55BDL6052H\/12<\/b> est un <b>Smart TV<\/b> con\u00e7u pour la signalisation num\u00e9rique avec un <b>\u00e9cran plat de 54,6 pouces (138,7 cm de diagonale)<\/b> offrant une exp\u00e9rience visuelle haute d\u00e9finition gr\u00e2ce \u00e0 sa r\u00e9solution <b>Full HD de 1920 x 1080 pixels<\/b>. Ce mod\u00e8le se distingue par sa <b>luminosit\u00e9 de 2500 cd\/m\u00b2<\/b>, garantissant une excellente visibilit\u00e9 m\u00eame dans des environnements tr\u00e8s \u00e9clair\u00e9s, une caract\u00e9ristique essentielle pour un usage professionnel et les espaces publics. Son <b>format d\u2019image 16:9<\/b> est standard pour les contenus multim\u00e9dias, offrant une image nette et des proportions \u00e9quilibr\u00e9es pour la vid\u00e9o et diverses applications. Il est \u00e9quip\u00e9 de connectivit\u00e9s <b>HDMI et USB<\/b>, facilitant la connexion de p\u00e9riph\u00e9riques externes tels que lecteurs, cl\u00e9s USB ou ordinateurs, \u00e9largissant ainsi ses capacit\u00e9s d\u2019utilisation et de lecture. De plus, il dispose d\u2019une connexion <b>Wi-Fi<\/b> int\u00e9gr\u00e9e, permettant l\u2019acc\u00e8s \u00e0 Internet et aux applications via son syst\u00e8me d\u2019exploitation <b>Android 11<\/b>, qui offre une interface moderne, un support applicatif et une mise \u00e0 jour ais\u00e9e. Ce t\u00e9l\u00e9viseur est con\u00e7u pour fonctionner en continu <b>24\/7<\/b>, assurant performance et durabilit\u00e9 m\u00eame en usage intensif, id\u00e9al pour la signalisation professionnelle, les commerces, les salles de classe ou les lieux publics. Sa finition en <b>noir<\/b> apporte un design sobre et adaptable \u00e0 diff\u00e9rents environnements. En r\u00e9sum\u00e9, le Philips 55BDL6052H\/12 combine des caract\u00e9ristiques techniques avanc\u00e9es et une connectivit\u00e9 polyvalente, se positionnant comme une solution fiable et fonctionnelle dans la gamme moyenne pour la signalisation num\u00e9rique et les usages professionnels exigeants.<\/p>\n<ul>\n<li>Produit \u00e0 brancher: Oui<\/li>\n<li>Type de prise: Prise EU<\/li>\n<li>Type: T\u00e9l\u00e9vision<\/li>\n<li>TV intelligente: Oui<\/li>\n<li>Bloc d\u2019Alimentation: r\u00e9seau \u00e9lectrique<\/li>\n<li>Couleur: Noir<\/li>\n<li>Connexions:\n<ul>\n<li>USB<\/li>\n<li>USB x 2<\/li>\n<li>HDMI<\/li>\n<\/ul>\n<\/li>\n<li>Rapport d&#8217;aspect: 16:9<\/li>\n<li>Connectivit\u00e9: Wi-Fi<\/li>\n<li>R\u00e9solution: Full HD<\/li>\n<li>Ecran: 54,6&#8243;<\/li>\n<li>Fr\u00e9quence:\n<ul>\n<li>60 Hz<\/li>\n<li>50 &#8211; 60 Hz<\/li>\n<\/ul>\n<\/li>\n<li>R\u00e9solution (px): 1920 x 1080 px<\/li>\n<li>Caract\u00e9ristiques: Universel<\/li>\n<li>Rapport de contraste: 1200:1<\/li>\n<li>Piles incluses: Oui<\/li>\n<li>Inclut: T\u00e9l\u00e9commande<\/li>\n<li>Tension: 100 &#8211; 240 V<\/li>\n<li>Angle: 178\u00ba<\/li>\n<li>Montage: VESA<\/li>\n<li>Diagonale de l&#8217;\u00e9cran (cm):\n<ul>\n<li>137,2 cm<\/li>\n<li>138,7 cm<\/li>\n<\/ul>\n<\/li>\n<\/ul>","protected":false},"excerpt":{"rendered":"<p>Si vous \u00eates passionn\u00e9 d&#8217;informatique et d&#8217;\u00e9lectronique, si vous \u00eates \u00e0 la pointe de la technologie et qu&#8217;aucun d\u00e9tail ne vous \u00e9chappe, achetez TV intelligente Philips 55BDL6052H\/12 Full HD 54,6&#8243; au meilleur prix. Le Philips 55BDL6052H\/12 est un Smart TV con\u00e7u pour la signalisation num\u00e9rique avec un \u00e9cran plat de 54,6 pouces (138,7 cm de [&hellip;]<\/p>\n","protected":false},"featured_media":24089,"comment_status":"open","ping_status":"closed","template":"","meta":[],"product_brand":[315],"product_cat":[589,65,957],"product_tag":[],"class_list":{"0":"post-24090","1":"product","2":"type-product","3":"status-publish","4":"has-post-thumbnail","6":"product_brand-brandp_571","7":"product_cat-electronique-television","8":"product_cat-informatique-electronique","9":"product_cat-televisions-et-smart-tv","11":"first","12":"instock","13":"taxable","14":"shipping-taxable","15":"purchasable","16":"product-type-simple"},"_links":{"self":[{"href":"https:\/\/bigbuy.tupique.com\/pt\/wp-json\/wp\/v2\/product\/24090","targetHints":{"allow":["GET"]}}],"collection":[{"href":"https:\/\/bigbuy.tupique.com\/pt\/wp-json\/wp\/v2\/product"}],"about":[{"href":"https:\/\/bigbuy.tupique.com\/pt\/wp-json\/wp\/v2\/types\/product"}],"replies":[{"embeddable":true,"href":"https:\/\/bigbuy.tupique.com\/pt\/wp-json\/wp\/v2\/comments?post=24090"}],"wp:featuredmedia":[{"embeddable":true,"href":"https:\/\/bigbuy.tupique.com\/pt\/wp-json\/wp\/v2\/media\/24089"}],"wp:attachment":[{"href":"https:\/\/bigbuy.tupique.com\/pt\/wp-json\/wp\/v2\/media?parent=24090"}],"wp:term":[{"taxonomy":"product_brand","embeddable":true,"href":"https:\/\/bigbuy.tupique.com\/pt\/wp-json\/wp\/v2\/product_brand?post=24090"},{"taxonomy":"product_cat","embeddable":true,"href":"https:\/\/bigbuy.tupique.com\/pt\/wp-json\/wp\/v2\/product_cat?post=24090"},{"taxonomy":"product_tag","embeddable":true,"href":"https:\/\/bigbuy.tupique.com\/pt\/wp-json\/wp\/v2\/product_tag?post=24090"}],"curies":[{"name":"wp","href":"https:\/\/api.w.org\/{rel}","templated":true}]}}