{"id":24060,"date":"2026-03-29T20:12:20","date_gmt":"2026-03-29T19:12:20","guid":{"rendered":"https:\/\/bigbuy.tupique.com\/produto\/stick-vacuum-cleaner-bissell-2\/"},"modified":"2026-04-16T16:32:25","modified_gmt":"2026-04-16T15:32:25","slug":"stick-vacuum-cleaner-bissell-2","status":"publish","type":"product","link":"https:\/\/bigbuy.tupique.com\/pt\/produto\/stick-vacuum-cleaner-bissell-2\/","title":{"rendered":"Aspirateur balai Bissell"},"content":{"rendered":"<p>Si vous recherchez des \u00e9lectrom\u00e9nagers pour votre maison aux meilleurs prix, ne manquez pas <b>Aspirateur balai Bissell<\/b> et une large s\u00e9lection de petits \u00e9lectrom\u00e9nagers de qualit\u00e9 !<\/p>\n<p>Le <b>aspirateur balai<\/b> BISSELL CrossWave OmniForce Edge Select est un appareil innovant con\u00e7u pour offrir un nettoyage multisurfaces efficace et confortable. Ce mod\u00e8le sans fil, au design <b>noir<\/b> et aux dimensions compactes de <b>27 cm<\/b> de largeur, permet une bonne maniabilit\u00e9 dans les espaces restreints et d\u2019atteindre les zones difficiles. Son poids l\u00e9ger de <b>4,8 kg<\/b> facilite une utilisation prolong\u00e9e sans fatigue. \u00c9quip\u00e9 d\u2019une prise europ\u00e9enne (<b>prise EU<\/b>), il garantit compatibilit\u00e9 et s\u00e9curit\u00e9 pour un usage domestique. La technologie 3 en 1 int\u00e9gr\u00e9e combine aspiration, lavage et s\u00e9chage, permettant un nettoyage en profondeur sur diff\u00e9rents types de sols sans changer d\u2019appareil. Son syst\u00e8me avanc\u00e9 r\u00e9duit le temps consacr\u00e9 aux t\u00e2ches quotidiennes et assure une meilleure efficacit\u00e9 dans l\u2019absorption de poussi\u00e8re, salet\u00e9 et liquides. Sa construction robuste et son design ergonomique renforcent sa praticit\u00e9 et sa durabilit\u00e9, en faisant un outil adapt\u00e9 aux besoins vari\u00e9s des foyers. La marque BISSELL est reconnue pour son engagement envers la qualit\u00e9 et la long\u00e9vit\u00e9 des produits d\u2019entretien. En r\u00e9sum\u00e9, le BISSELL CrossWave OmniForce Edge Select est une solution polyvalente et fiable dans la cat\u00e9gorie des aspirateurs balais, destin\u00e9e aux utilisateurs recherchant un appareil puissant, maniable et multifonction pour l\u2019entretien r\u00e9gulier de leur maison.<\/p>\n<ul>\n<li>Type: Aspirateur balai<\/li>\n<li>Produit \u00e0 brancher: Oui<\/li>\n<li>Type de prise: Prise EU<\/li>\n<li>Bloc d\u2019Alimentation:\n<ul>\n<li>r\u00e9seau \u00e9lectrique<\/li>\n<li>Batterie<\/li>\n<\/ul>\n<\/li>\n<li>Couleur: Noir<\/li>\n<li>Niveau sonore: 69 dB<\/li>\n<li>Capacit\u00e9: 0,44 L<\/li>\n<li>Dimensions approx.:\n<ul>\n<li>27 cm<\/li>\n<li>27 x 27 x 110 cm<\/li>\n<\/ul>\n<\/li>\n<li>Fonctions: Indicateur de batterie faible<\/li>\n<li>Caract\u00e9ristiques:\n<ul>\n<li>LED indicateur de chargement<\/li>\n<li>Humide et sec<\/li>\n<\/ul>\n<\/li>\n<li>Filtre: Lavable<\/li>\n<li>Contr\u00f4le: \u00c9lectronique<\/li>\n<li>Technologie: LCD<\/li>\n<li>Facteur de forme: Vertical<\/li>\n<li>Inclut: Manuel de l&#8217;utilisateur<\/li>\n<li>Type de batterie: Litio Ion<\/li>\n<li>Vitesse: 3 vitesses<\/li>\n<li>Autonomie approx.: 30 minutes<\/li>\n<\/ul>","protected":false},"excerpt":{"rendered":"<p>Si vous recherchez des \u00e9lectrom\u00e9nagers pour votre maison aux meilleurs prix, ne manquez pas Aspirateur balai Bissell et une large s\u00e9lection de petits \u00e9lectrom\u00e9nagers de qualit\u00e9 ! Le aspirateur balai BISSELL CrossWave OmniForce Edge Select est un appareil innovant con\u00e7u pour offrir un nettoyage multisurfaces efficace et confortable. Ce mod\u00e8le sans fil, au design noir [&hellip;]<\/p>\n","protected":false},"featured_media":24054,"comment_status":"open","ping_status":"closed","template":"","meta":[],"product_brand":[817],"product_cat":[762,239,240],"product_tag":[59,56,210],"class_list":{"0":"post-24060","1":"product","2":"type-product","3":"status-publish","4":"has-post-thumbnail","6":"product_brand-brandp_3102","7":"product_cat-aspirateurs-et-robots","8":"product_cat-maison-jardin","9":"product_cat-nettoyage-aspirateur-et-repassage","10":"product_tag-tag_1304","11":"product_tag-tag_930","12":"product_tag-tag_25","14":"first","15":"instock","16":"taxable","17":"shipping-taxable","18":"purchasable","19":"product-type-simple"},"_links":{"self":[{"href":"https:\/\/bigbuy.tupique.com\/pt\/wp-json\/wp\/v2\/product\/24060","targetHints":{"allow":["GET"]}}],"collection":[{"href":"https:\/\/bigbuy.tupique.com\/pt\/wp-json\/wp\/v2\/product"}],"about":[{"href":"https:\/\/bigbuy.tupique.com\/pt\/wp-json\/wp\/v2\/types\/product"}],"replies":[{"embeddable":true,"href":"https:\/\/bigbuy.tupique.com\/pt\/wp-json\/wp\/v2\/comments?post=24060"}],"wp:featuredmedia":[{"embeddable":true,"href":"https:\/\/bigbuy.tupique.com\/pt\/wp-json\/wp\/v2\/media\/24054"}],"wp:attachment":[{"href":"https:\/\/bigbuy.tupique.com\/pt\/wp-json\/wp\/v2\/media?parent=24060"}],"wp:term":[{"taxonomy":"product_brand","embeddable":true,"href":"https:\/\/bigbuy.tupique.com\/pt\/wp-json\/wp\/v2\/product_brand?post=24060"},{"taxonomy":"product_cat","embeddable":true,"href":"https:\/\/bigbuy.tupique.com\/pt\/wp-json\/wp\/v2\/product_cat?post=24060"},{"taxonomy":"product_tag","embeddable":true,"href":"https:\/\/bigbuy.tupique.com\/pt\/wp-json\/wp\/v2\/product_tag?post=24060"}],"curies":[{"name":"wp","href":"https:\/\/api.w.org\/{rel}","templated":true}]}}