{"id":24022,"date":"2026-03-29T20:11:21","date_gmt":"2026-03-29T19:11:21","guid":{"rendered":"https:\/\/bigbuy.tupique.com\/produto\/tablet-samsung-x826n-124-octa-core-12-gb-ram-512-gb-silver\/"},"modified":"2026-05-11T19:55:26","modified_gmt":"2026-05-11T17:55:26","slug":"tablet-samsung-x826n-124-octa-core-12-gb-ram-512-gb-silver","status":"publish","type":"product","link":"https:\/\/bigbuy.tupique.com\/pt\/produto\/tablet-samsung-x826n-124-octa-core-12-gb-ram-512-gb-silver\/","title":{"rendered":"Tablette Samsung X826N 12,4&#8243; Octa Core 12 GB RAM 512 GB Argent\u00e9"},"content":{"rendered":"<p>Si vous \u00eates passionn\u00e9 d&#8217;<b>informatique et d&#8217;\u00e9lectronique<\/b>, si vous \u00eates \u00e0 la pointe de la technologie et qu&#8217;aucun d\u00e9tail ne vous \u00e9chappe, achetez <b>Tablette Samsung X826N 12,4&#8243; Octa Core 12 GB RAM 512 GB Argent\u00e9<\/b> au meilleur prix.<\/p>\n<p>La <b>Samsung Galaxy Tab S10+<\/b> est une <b>tablette<\/b> haut de gamme qui se distingue par son parfait \u00e9quilibre entre design, puissance et fonctionnalit\u00e9s avanc\u00e9es. \u00c9quip\u00e9e d\u2019un <b>\u00e9cran Dynamic AMOLED 2X de 12,4 pouces<\/b>, elle offre une qualit\u00e9 visuelle exceptionnelle avec des couleurs profondes et des noirs intenses, ainsi que la technologie antireflet et Vision Booster pour une meilleure visibilit\u00e9 m\u00eame en environnement lumineux. Elle dispose de <b>12 Go de m\u00e9moire RAM<\/b> assurant une performance fluide et un multit\u00e2che efficace, tandis que son <b>stockage interne de 512 Go<\/b> offre un grand espace pour applications, documents, photos et vid\u00e9os sans contrainte. C\u00f4t\u00e9 connectivit\u00e9, elle int\u00e8gre le <b>Bluetooth et le Wi-Fi<\/b>, permettant des connexions sans fil rapides et stables pour le transfert de donn\u00e9es et l\u2019acc\u00e8s internet. La Galaxy Tab S10+ int\u00e8gre des innovations telles que <b>Galaxy AI<\/b>, qui optimise la productivit\u00e9 avec des fonctions avanc\u00e9es pour prendre des notes, enregistrer et transcrire automatiquement les r\u00e9unions, formater et r\u00e9sumer facilement les textes, ainsi que des outils sp\u00e9cifiques comme <b>Solve Math<\/b> pour r\u00e9soudre des calculs complexes et <b>Handwriting Help<\/b> pour interpr\u00e9ter l\u2019\u00e9criture manuscrite. Son design en couleur <b>argent\u00e9e<\/b> refl\u00e8te une esth\u00e9tique soign\u00e9e et sophistiqu\u00e9e avec des mat\u00e9riaux premium offrant une exp\u00e9rience tactile agr\u00e9able et durable. La tablette inclut un <b>S Pen<\/b> facilitant l\u2019interaction et la cr\u00e9ativit\u00e9, adapt\u00e9 aux professionnels et utilisateurs cr\u00e9atifs. Pour la performance, elle int\u00e8gre un <b>processeur ultra-rapide<\/b> et un syst\u00e8me de refroidissement par chambre \u00e0 vapeur qui maintient un fonctionnement stable et frais, m\u00eame lors de longues sessions de jeu ou de visionnage multim\u00e9dia. La <b>batterie de 10 090 mAh<\/b> assure une autonomie longue dur\u00e9e, et sa fonction de <b>Super Fast Charge<\/b> permet des recharges rapides pour r\u00e9duire les temps d\u2019attente. De plus, la cam\u00e9ra frontale ultra grand-angle garantit des appels vid\u00e9o avec un large cadrage et la capture de photos et vid\u00e9os en haute d\u00e9finition, \u00e9ditables directement sur l\u2019appareil. En r\u00e9sum\u00e9, la <b>Samsung Galaxy Tab S10+<\/b> est un choix remarquable sur le march\u00e9 des tablettes gr\u00e2ce \u00e0 son \u00e9quilibre entre robustesse technique, capacit\u00e9s cr\u00e9atives et exp\u00e9rience visuelle sup\u00e9rieure, destin\u00e9e aux utilisateurs exigeants en performance et polyvalence dans un format portable.<\/p>\n<ul>\n<li>Diagonale de l&#8217;\u00e9cran (cm): 31,5 cm<\/li>\n<li>Type: Tablette<\/li>\n<li>Produit \u00e0 brancher: Oui<\/li>\n<li>Type de prise: Prise EU<\/li>\n<li>Bloc d\u2019Alimentation: r\u00e9seau \u00e9lectrique<\/li>\n<li>Connexions:\n<ul>\n<li>USB-C<\/li>\n<li>USB-C 3.2 Gen 1 (3.1 Gen 1)<\/li>\n<\/ul>\n<\/li>\n<li>Cam\u00e9ra\/Appareil Photo:\n<ul>\n<li>12 mpx<\/li>\n<li>13 mpx<\/li>\n<li>Dual<\/li>\n<li>8 MP<\/li>\n<li>13 MP<\/li>\n<\/ul>\n<\/li>\n<li>Syst\u00e8me d&#8217;exploitation: Android<\/li>\n<li>Capacit\u00e9 de la batterie: 10090 mAh<\/li>\n<li>Ecran: 12,4&#8243;<\/li>\n<li>Processeur: Octa Core<\/li>\n<li>M\u00e9moire RAM: 12 GB RAM<\/li>\n<li>M\u00e9moire interne: 512 GB<\/li>\n<li>Couleur: Argent\u00e9<\/li>\n<li>Mati\u00e8re: Aluminium<\/li>\n<li>Caract\u00e9ristiques:\n<ul>\n<li>Cam\u00e9ra frontale<\/li>\n<li>R\u00e9sistant \u00e0 l&#8217;eau et \u00e0 la poussi\u00e8re<\/li>\n<li>Autofocus<\/li>\n<li>Pile incluse<\/li>\n<li>Lecteur de Cartes<\/li>\n<li>Lecteur d&#8217;empreintes<\/li>\n<li>Connexion au r\u00e9seau mobile<\/li>\n<li>Boussole \u00e9lectronique<\/li>\n<\/ul>\n<\/li>\n<li>Connectivit\u00e9:\n<ul>\n<li>Bluetooth<\/li>\n<li>Wi-Fi<\/li>\n<li>GPS<\/li>\n<li>Galileo<\/li>\n<li>5G<\/li>\n<li>Wi-Fi 6 GHz<\/li>\n<li>Bluetooth 5.3<\/li>\n<\/ul>\n<\/li>\n<li>vitesse:\n<ul>\n<li>2 GHz<\/li>\n<li>30 fps<\/li>\n<li>3.4 GHz<\/li>\n<\/ul>\n<\/li>\n<li>Autonomie approx.: 11 heures<\/li>\n<li>Fonctions: Acc\u00e9l\u00e9rom\u00e8tre<\/li>\n<li>Technologie: AMOLED<\/li>\n<li>Non Inclus: Adaptateur AC<\/li>\n<li>Fr\u00e9quence: 120 Hz<\/li>\n<li>Cartes M\u00e9moire Compatibles: MicroSD (TransFlash)<\/li>\n<li>R\u00e9solution:\n<ul>\n<li>2800 x 1752 px<\/li>\n<li>WQXGA+<\/li>\n<\/ul>\n<\/li>\n<li>Batterie au lithium rechargeable: 10090 mAh<\/li>\n<li>Inclut: Crayon tactile<\/li>\n<li>Noyaux: 8 Noyaux<\/li>\n<li>R\u00e9solution (px): 3840 x 2160 px<\/li>\n<\/ul>","protected":false},"excerpt":{"rendered":"<p>Si vous \u00eates passionn\u00e9 d&#8217;informatique et d&#8217;\u00e9lectronique, si vous \u00eates \u00e0 la pointe de la technologie et qu&#8217;aucun d\u00e9tail ne vous \u00e9chappe, achetez Tablette Samsung X826N 12,4&#8243; Octa Core 12 GB RAM 512 GB Argent\u00e9 au meilleur prix. La Samsung Galaxy Tab S10+ est une tablette haut de gamme qui se distingue par son parfait [&hellip;]<\/p>\n","protected":false},"featured_media":24018,"comment_status":"open","ping_status":"closed","template":"","meta":[],"product_brand":[183],"product_cat":[575,65,1052],"product_tag":[566,106],"class_list":{"0":"post-24022","1":"product","2":"type-product","3":"status-publish","4":"has-post-thumbnail","6":"product_brand-brandp_576","7":"product_cat-electronique-telephonie-et-tablettes","8":"product_cat-informatique-electronique","9":"product_cat-tablettes","10":"product_tag-tag_547","11":"product_tag-tag_1295","13":"first","14":"instock","15":"taxable","16":"shipping-taxable","17":"purchasable","18":"product-type-simple"},"_links":{"self":[{"href":"https:\/\/bigbuy.tupique.com\/pt\/wp-json\/wp\/v2\/product\/24022","targetHints":{"allow":["GET"]}}],"collection":[{"href":"https:\/\/bigbuy.tupique.com\/pt\/wp-json\/wp\/v2\/product"}],"about":[{"href":"https:\/\/bigbuy.tupique.com\/pt\/wp-json\/wp\/v2\/types\/product"}],"replies":[{"embeddable":true,"href":"https:\/\/bigbuy.tupique.com\/pt\/wp-json\/wp\/v2\/comments?post=24022"}],"wp:featuredmedia":[{"embeddable":true,"href":"https:\/\/bigbuy.tupique.com\/pt\/wp-json\/wp\/v2\/media\/24018"}],"wp:attachment":[{"href":"https:\/\/bigbuy.tupique.com\/pt\/wp-json\/wp\/v2\/media?parent=24022"}],"wp:term":[{"taxonomy":"product_brand","embeddable":true,"href":"https:\/\/bigbuy.tupique.com\/pt\/wp-json\/wp\/v2\/product_brand?post=24022"},{"taxonomy":"product_cat","embeddable":true,"href":"https:\/\/bigbuy.tupique.com\/pt\/wp-json\/wp\/v2\/product_cat?post=24022"},{"taxonomy":"product_tag","embeddable":true,"href":"https:\/\/bigbuy.tupique.com\/pt\/wp-json\/wp\/v2\/product_tag?post=24022"}],"curies":[{"name":"wp","href":"https:\/\/api.w.org\/{rel}","templated":true}]}}