{"id":23881,"date":"2026-03-29T19:58:01","date_gmt":"2026-03-29T18:58:01","guid":{"rendered":"https:\/\/bigbuy.tupique.com\/produto\/printer-epson-et-18100\/"},"modified":"2026-04-15T02:59:14","modified_gmt":"2026-04-15T01:59:14","slug":"printer-epson-et-18100","status":"publish","type":"product","link":"https:\/\/bigbuy.tupique.com\/pt\/produto\/printer-epson-et-18100\/","title":{"rendered":"Imprimante Epson ET-18100"},"content":{"rendered":"<p>Si vous \u00eates passionn\u00e9 d&#8217;<b>informatique et d&#8217;\u00e9lectronique<\/b>, si vous \u00eates \u00e0 la pointe de la technologie et qu&#8217;aucun d\u00e9tail ne vous \u00e9chappe, achetez <b>Imprimante Epson ET-18100<\/b> au meilleur prix.<\/p>\n<p>La <b>Imprimante Epson EcoTank ET-18100<\/b> est un appareil \u00e0 jet d\u2019encre con\u00e7u pour offrir une impression de haute qualit\u00e9 aussi bien en environnement domestique que professionnel, se distinguant par sa capacit\u00e9 \u00e0 imprimer en grands formats comme le <b>A3<\/b> et les photos au format <b>10&#215;15 cm<\/b>. Sa technologie d\u2019impression permet d\u2019atteindre une <b>r\u00e9solution maximale de 5760 x 1440 dpi<\/b>, garantissant des r\u00e9sultats aux couleurs vives et aux d\u00e9tails nets, id\u00e9al pour documents, graphiques et photos sans bordure. Cette imprimante pr\u00e9sente un design fonctionnel avec un <b>contr\u00f4le par boutons<\/b> facilitant son utilisation, et offre une connectivit\u00e9 flexible via <b>USB et Wi-Fi<\/b>, permettant une int\u00e9gration simple en environnement filaire ou sans fil pour imprimer depuis ordinateurs, mobiles et autres appareils compatibles. Son bo\u00eetier de couleur <b>noir<\/b> apporte une esth\u00e9tique sobre et professionnelle, adapt\u00e9e \u00e0 tout bureau ou studio cr\u00e9atif. La technologie EcoTank permet une \u00e9conomie notable gr\u00e2ce \u00e0 des r\u00e9servoirs d\u2019encre rechargeables, augmentant l\u2019autonomie et r\u00e9duisant les co\u00fbts d\u2019impression par rapport aux consommables classiques. Dans l\u2019ensemble, l\u2019Epson EcoTank ET-18100 offre une solution fiable et polyvalente pour les utilisateurs recherchant une imprimante multifonction haute d\u00e9finition capable de g\u00e9rer divers formats et supports, alliant efficacit\u00e9, qualit\u00e9 et connectivit\u00e9 moderne. Ce mod\u00e8le constitue une alternative comp\u00e9titive dans le segment des imprimantes \u00e0 jet d\u2019encre, ax\u00e9e sur la performance, la qualit\u00e9 et le confort d\u2019utilisation.<\/p>\n<ul>\n<li>Produit \u00e0 brancher: Oui<\/li>\n<li>Type de prise: Prise EU<\/li>\n<li>Type: Imprimante<\/li>\n<li>Bloc d\u2019Alimentation: r\u00e9seau \u00e9lectrique<\/li>\n<li>Couleur: Noir<\/li>\n<li>Connectivit\u00e9: Wi-Fi<\/li>\n<li>R\u00e9solution d&#8217;image maximale: 5760 x 1440 dpi<\/li>\n<li>Technologie: Injection d&#8217;encre<\/li>\n<li>Taille:\n<ul>\n<li>A3<\/li>\n<li>10&#215;15<\/li>\n<\/ul>\n<\/li>\n<li>Caract\u00e9ristiques: Commande par boutons<\/li>\n<li>Connexions: USB<\/li>\n<li>Tension: 100 &#8211; 240 V<\/li>\n<li>Fr\u00e9quence d&#8217;entr\u00e9e AC: 50-60 Hz<\/li>\n<li>Ethernet: Non<\/li>\n<li>\u00c9lev\u00e9: 15 cm<\/li>\n<li>Non Inclus: Bluetooth<\/li>\n<\/ul>","protected":false},"excerpt":{"rendered":"<p>Si vous \u00eates passionn\u00e9 d&#8217;informatique et d&#8217;\u00e9lectronique, si vous \u00eates \u00e0 la pointe de la technologie et qu&#8217;aucun d\u00e9tail ne vous \u00e9chappe, achetez Imprimante Epson ET-18100 au meilleur prix. La Imprimante Epson EcoTank ET-18100 est un appareil \u00e0 jet d\u2019encre con\u00e7u pour offrir une impression de haute qualit\u00e9 aussi bien en environnement domestique que professionnel, [&hellip;]<\/p>\n","protected":false},"featured_media":23878,"comment_status":"open","ping_status":"closed","template":"","meta":[],"product_brand":[632],"product_cat":[592,65,581],"product_tag":[213,106],"class_list":{"0":"post-23881","1":"product","2":"type-product","3":"status-publish","4":"has-post-thumbnail","6":"product_brand-brandp_547","7":"product_cat-imprimantes","8":"product_cat-informatique-electronique","9":"product_cat-informatique-peripheriques-et-consommables","10":"product_tag-tag_933","11":"product_tag-tag_1295","13":"first","14":"instock","15":"taxable","16":"shipping-taxable","17":"purchasable","18":"product-type-simple"},"_links":{"self":[{"href":"https:\/\/bigbuy.tupique.com\/pt\/wp-json\/wp\/v2\/product\/23881","targetHints":{"allow":["GET"]}}],"collection":[{"href":"https:\/\/bigbuy.tupique.com\/pt\/wp-json\/wp\/v2\/product"}],"about":[{"href":"https:\/\/bigbuy.tupique.com\/pt\/wp-json\/wp\/v2\/types\/product"}],"replies":[{"embeddable":true,"href":"https:\/\/bigbuy.tupique.com\/pt\/wp-json\/wp\/v2\/comments?post=23881"}],"wp:featuredmedia":[{"embeddable":true,"href":"https:\/\/bigbuy.tupique.com\/pt\/wp-json\/wp\/v2\/media\/23878"}],"wp:attachment":[{"href":"https:\/\/bigbuy.tupique.com\/pt\/wp-json\/wp\/v2\/media?parent=23881"}],"wp:term":[{"taxonomy":"product_brand","embeddable":true,"href":"https:\/\/bigbuy.tupique.com\/pt\/wp-json\/wp\/v2\/product_brand?post=23881"},{"taxonomy":"product_cat","embeddable":true,"href":"https:\/\/bigbuy.tupique.com\/pt\/wp-json\/wp\/v2\/product_cat?post=23881"},{"taxonomy":"product_tag","embeddable":true,"href":"https:\/\/bigbuy.tupique.com\/pt\/wp-json\/wp\/v2\/product_tag?post=23881"}],"curies":[{"name":"wp","href":"https:\/\/api.w.org\/{rel}","templated":true}]}}