{"id":23875,"date":"2026-03-29T19:57:54","date_gmt":"2026-03-29T18:57:54","guid":{"rendered":"https:\/\/bigbuy.tupique.com\/produto\/smartphone-apple-iphone-16-plus-67-128-gb-white\/"},"modified":"2026-04-15T02:59:13","modified_gmt":"2026-04-15T01:59:13","slug":"smartphone-apple-iphone-16-plus-67-128-gb-white","status":"publish","type":"product","link":"https:\/\/bigbuy.tupique.com\/pt\/produto\/smartphone-apple-iphone-16-plus-67-128-gb-white\/","title":{"rendered":"Smartphone Apple iPhone 16 Plus 6,7&#8243; 128 GB Blanc"},"content":{"rendered":"<p>Si vous \u00eates passionn\u00e9 d&#8217;<b>informatique et d&#8217;\u00e9lectronique<\/b>, si vous \u00eates \u00e0 la pointe de la technologie et qu&#8217;aucun d\u00e9tail ne vous \u00e9chappe, achetez <b>Smartphone Apple iPhone 16 Plus 6,7&#8243; 128 GB Blanc<\/b> au meilleur prix.<\/p>\n<p>Le <b>iPhone 16 Plus<\/b> d\u2019Apple est un <b>smartphone<\/b> haut de gamme con\u00e7u pour les utilisateurs recherchant un \u00e9quilibre entre performance, taille et fonctionnalit\u00e9s avanc\u00e9es. Il dispose d\u2019un large <b>\u00e9cran de 6,7 pouces<\/b>, id\u00e9al pour profiter des contenus multim\u00e9dias avec un grand niveau de d\u00e9tail et un confort visuel gr\u00e2ce \u00e0 son format \u00e9tendu, qui am\u00e9liore l\u2019exp\u00e9rience sur les applications, jeux et navigation. Il est disponible en finition \u00e9l\u00e9gante <b>blanche<\/b>, apportant une touche sophistiqu\u00e9e et moderne \u00e0 son design. Il int\u00e8gre une m\u00e9moire RAM de <b>8 Go<\/b>, garantissant une gestion multit\u00e2che fluide et une grande r\u00e9activit\u00e9 sur les t\u00e2ches exigeantes, ainsi qu\u2019une capacit\u00e9 de stockage interne de <b>128 Go<\/b>, suffisante pour conserver de nombreuses applications, photos, vid\u00e9os et documents sans recourir constamment \u00e0 un stockage externe. Parmi ses fonctionnalit\u00e9s, on trouve un syst\u00e8me <b>GPS<\/b> assurant une navigation pr\u00e9cise et le support des applications de localisation et services cartographiques, un atout essentiel pour les utilisateurs actifs et voyageurs. Ce mod\u00e8le comprend \u00e9galement des capteurs avanc\u00e9s comme un barom\u00e8tre et un capteur de lumi\u00e8re ambiante, qui optimisent l\u2019utilisation en ajustant automatiquement la luminosit\u00e9 de l\u2019\u00e9cran et am\u00e9liorent l\u2019exp\u00e9rience dans les applications li\u00e9es \u00e0 l\u2019environnement et \u00e0 la sant\u00e9. L\u2019appareil photo dispose de d\u00e9clencheurs automatiques facilitant la capture d\u2019images de haute qualit\u00e9 sans difficult\u00e9. C\u00f4t\u00e9 connectivit\u00e9, il est compatible avec les technologies actuelles garantissant un transfert rapide des donn\u00e9es et une communication efficace. Ce mod\u00e8le illustre l\u2019engagement d\u2019Apple \u00e0 offrir un appareil \u00e9quilibr\u00e9 combinant un format g\u00e9n\u00e9reux, des performances stables et un ensemble de capteurs et fonctions \u00e9largissant ses capacit\u00e9s au quotidien. En r\u00e9sum\u00e9, l\u2019iPhone 16 Plus se pr\u00e9sente comme une option de choix pour ceux qui recherchent un t\u00e9l\u00e9phone mobile aux prestations avanc\u00e9es et au format confortable, favorisant \u00e0 la fois productivit\u00e9 et divertissement.<\/p>\n<ul>\n<li>Couleur: Blanc<\/li>\n<li>Diagonale de l&#8217;\u00e9cran (cm):\n<ul>\n<li>17 cm<\/li>\n<li>15,5 cm<\/li>\n<\/ul>\n<\/li>\n<li>M\u00e9moire interne: 128 GB<\/li>\n<li>Cam\u00e9ra\/Appareil Photo:\n<ul>\n<li>48 MP<\/li>\n<li>12 mpx<\/li>\n<li>Dual<\/li>\n<li>12 MP<\/li>\n<li>Frontal<\/li>\n<\/ul>\n<\/li>\n<li>R\u00e9solution (px):\n<ul>\n<li>2796 X 1290 PX<\/li>\n<li>3840 x 2160 px<\/li>\n<li>2160 px<\/li>\n<\/ul>\n<\/li>\n<li>Connectivit\u00e9:\n<ul>\n<li>5G<\/li>\n<li>Bluetooth<\/li>\n<li>NFC<\/li>\n<li>Wi-Fi<\/li>\n<li>BeiDou<\/li>\n<li>Positionnement de Wi-Fi<\/li>\n<li>Bluetooth 5.3<\/li>\n<li>WI-FI 7<\/li>\n<\/ul>\n<\/li>\n<li>Connexions:\n<ul>\n<li>Dual SIM<\/li>\n<li>USB-C<\/li>\n<li>USB<\/li>\n<\/ul>\n<\/li>\n<li>Ecran:\n<ul>\n<li>6,7&#8243;<\/li>\n<li>6,1&#8243;<\/li>\n<\/ul>\n<\/li>\n<li>Syst\u00e8me d&#8217;exploitation: iOS<\/li>\n<li>Produit \u00e0 brancher: Oui<\/li>\n<li>Type:\n<ul>\n<li>Smartphone<\/li>\n<li>D\u00e9clenchement de l&#8217;appareil photo<\/li>\n<\/ul>\n<\/li>\n<li>Type de prise: Prise EU<\/li>\n<li>Bloc d\u2019Alimentation:\n<ul>\n<li>r\u00e9seau \u00e9lectrique<\/li>\n<li>USB<\/li>\n<\/ul>\n<\/li>\n<li>Capacit\u00e9 de la batterie: 4674 mah<\/li>\n<li>puissance: 30 W<\/li>\n<li>Processeur: Hexa Core<\/li>\n<li>M\u00e9moire RAM: 8 GB RAM<\/li>\n<li>Caract\u00e9ristiques:\n<ul>\n<li>GPS<\/li>\n<li>Barom\u00e8tre<\/li>\n<li>Capteur de lumi\u00e8re ambiante<\/li>\n<li>MMS<\/li>\n<li>Appel vid\u00e9o<\/li>\n<li>HDR<\/li>\n<li>Autofocus<\/li>\n<li>Activation vocale<\/li>\n<li>Chargement rapide et fiable<\/li>\n<li>SMS<\/li>\n<li>Chargeur sans fil<\/li>\n<li>Syst\u00e8me de reconnaissance faciale<\/li>\n<li>Stabilisateur d&#8217;image<\/li>\n<li>Capteur de proximit\u00e9<\/li>\n<li>Ceramic Shield<\/li>\n<li>\u00c9cran avec coins arrondis<\/li>\n<li>\u00c9cran plat<\/li>\n<\/ul>\n<\/li>\n<li>Fonctions:\n<ul>\n<li>D\u00e9clencheur<\/li>\n<li>ECO<\/li>\n<li>G\u00e9olocalisation<\/li>\n<li>Vibration<\/li>\n<\/ul>\n<\/li>\n<li>Zoom Num\u00e9rique: 10x<\/li>\n<li>Classification \u00e9nerg\u00e9tique: B<\/li>\n<li>Capteurs:\n<ul>\n<li>Acc\u00e9l\u00e9rom\u00e8tre<\/li>\n<li>Gyroscope<\/li>\n<\/ul>\n<\/li>\n<li>Classification IP: IP68<\/li>\n<li>Compatible: Windows<\/li>\n<li>Inclut:\n<ul>\n<li>Haut-parleur<\/li>\n<li>USB Type-C &#8211; USB Type-C<\/li>\n<\/ul>\n<\/li>\n<li>Technologie:\n<ul>\n<li>Mime<\/li>\n<li>Glonass<\/li>\n<li>OLED<\/li>\n<li>Capacitive<\/li>\n<\/ul>\n<\/li>\n<li>Brille: 1000 cd\/m\u00b2<\/li>\n<li>Flash: Oui<\/li>\n<li>Non Inclus: Adaptateur AC<\/li>\n<li>Autonomie approx.: 100heures<\/li>\n<li>Angle: 120\u00ba<\/li>\n<li>Type de batterie: Litio Ion<\/li>\n<li>Noyaux:\n<ul>\n<li>6 Noyaux<\/li>\n<li>16 Noyaux<\/li>\n<\/ul>\n<\/li>\n<li>Dispositif intelligent: Apple Intelligence<\/li>\n<\/ul>","protected":false},"excerpt":{"rendered":"<p>Si vous \u00eates passionn\u00e9 d&#8217;informatique et d&#8217;\u00e9lectronique, si vous \u00eates \u00e0 la pointe de la technologie et qu&#8217;aucun d\u00e9tail ne vous \u00e9chappe, achetez Smartphone Apple iPhone 16 Plus 6,7&#8243; 128 GB Blanc au meilleur prix. Le iPhone 16 Plus d\u2019Apple est un smartphone haut de gamme con\u00e7u pour les utilisateurs recherchant un \u00e9quilibre entre performance, [&hellip;]<\/p>\n","protected":false},"featured_media":23866,"comment_status":"open","ping_status":"closed","template":"","meta":[],"product_brand":[979],"product_cat":[575,65,960],"product_tag":[213,566,106],"class_list":{"0":"post-23875","1":"product","2":"type-product","3":"status-publish","4":"has-post-thumbnail","6":"product_brand-brandp_533","7":"product_cat-electronique-telephonie-et-tablettes","8":"product_cat-informatique-electronique","9":"product_cat-telephones-portables","10":"product_tag-tag_933","11":"product_tag-tag_547","12":"product_tag-tag_1295","14":"first","15":"instock","16":"taxable","17":"shipping-taxable","18":"purchasable","19":"product-type-simple"},"_links":{"self":[{"href":"https:\/\/bigbuy.tupique.com\/pt\/wp-json\/wp\/v2\/product\/23875","targetHints":{"allow":["GET"]}}],"collection":[{"href":"https:\/\/bigbuy.tupique.com\/pt\/wp-json\/wp\/v2\/product"}],"about":[{"href":"https:\/\/bigbuy.tupique.com\/pt\/wp-json\/wp\/v2\/types\/product"}],"replies":[{"embeddable":true,"href":"https:\/\/bigbuy.tupique.com\/pt\/wp-json\/wp\/v2\/comments?post=23875"}],"wp:featuredmedia":[{"embeddable":true,"href":"https:\/\/bigbuy.tupique.com\/pt\/wp-json\/wp\/v2\/media\/23866"}],"wp:attachment":[{"href":"https:\/\/bigbuy.tupique.com\/pt\/wp-json\/wp\/v2\/media?parent=23875"}],"wp:term":[{"taxonomy":"product_brand","embeddable":true,"href":"https:\/\/bigbuy.tupique.com\/pt\/wp-json\/wp\/v2\/product_brand?post=23875"},{"taxonomy":"product_cat","embeddable":true,"href":"https:\/\/bigbuy.tupique.com\/pt\/wp-json\/wp\/v2\/product_cat?post=23875"},{"taxonomy":"product_tag","embeddable":true,"href":"https:\/\/bigbuy.tupique.com\/pt\/wp-json\/wp\/v2\/product_tag?post=23875"}],"curies":[{"name":"wp","href":"https:\/\/api.w.org\/{rel}","templated":true}]}}