{"id":23828,"date":"2026-03-29T19:56:45","date_gmt":"2026-03-29T18:56:45","guid":{"rendered":"https:\/\/bigbuy.tupique.com\/produto\/smartphone-samsung-galaxy-s24-fe-5g-67-8-gb-ram-128-gb-grey\/"},"modified":"2026-04-16T23:20:26","modified_gmt":"2026-04-16T22:20:26","slug":"smartphone-samsung-galaxy-s24-fe-5g-67-8-gb-ram-128-gb-grey","status":"publish","type":"product","link":"https:\/\/bigbuy.tupique.com\/pt\/produto\/smartphone-samsung-galaxy-s24-fe-5g-67-8-gb-ram-128-gb-grey\/","title":{"rendered":"Smartphone Samsung Galaxy S24 FE 5G 6,7&#8243; 8 GB RAM 128 GB Gris"},"content":{"rendered":"<p>Si vous \u00eates passionn\u00e9 d&#8217;<b>informatique et d&#8217;\u00e9lectronique<\/b>, si vous \u00eates \u00e0 la pointe de la technologie et qu&#8217;aucun d\u00e9tail ne vous \u00e9chappe, achetez <b>Smartphone Samsung Galaxy S24 FE 5G 6,7&#8243; 8 GB RAM 128 GB Gris<\/b> au meilleur prix.<\/p>\n<p>Le <b>Samsung Galaxy S24 FE<\/b> est un <b>smartphone<\/b> avanc\u00e9 con\u00e7u pour offrir un \u00e9quilibre exceptionnel entre performance, robustesse et exp\u00e9rience visuelle. Disponible en couleurs <b>gris, graphite et acier<\/b> avec une construction combinant <b>plastique r\u00e9sistant<\/b> et finitions haut de gamme, cet appareil int\u00e8gre un \u00e9cran <b>Dynamic AMOLED 2X<\/b> en deux tailles, <b>6,2&#8243; et 6,7&#8243;<\/b>, garantissant des images lumineuses, nettes et des couleurs vives, avec des bordures r\u00e9duites pour optimiser l\u2019espace d\u2019affichage. \u00c9quip\u00e9 du <b>processeur Samsung Exynos 2400e<\/b>, il offre des performances fluides et avanc\u00e9es, sp\u00e9cialement con\u00e7ues pour le gaming et le multit\u00e2che intensif. Le Galaxy S24 FE se distingue aussi par son syst\u00e8me photo boost\u00e9 par IA, avec <b>ProVisual Engine<\/b>, qui assure des clich\u00e9s aux d\u00e9tails pr\u00e9cis, une clart\u00e9 m\u00eame en faible luminosit\u00e9 et un zoom optique de qualit\u00e9 sans perte de d\u00e9finition. Ses fonctions avanc\u00e9es d\u2019\u00e9dition incluent <b>Photo Assist<\/b>, un outil intelligent pour redimensionner, supprimer des \u00e9l\u00e9ments et transformer des dessins en images, facilitant la cr\u00e9ation de contenu visuel unique. Pour la protection, l\u2019appareil int\u00e8gre un rev\u00eatement en <b>Corning\u00ae Gorilla\u00ae Glass Victus\u00ae+<\/b> sur les deux faces et b\u00e9n\u00e9ficie de la certification <b>IP68<\/b>, garantissant une r\u00e9sistance efficace \u00e0 l\u2019eau et \u00e0 la poussi\u00e8re pour une utilisation durable et s\u00fbre. La batterie de <b>4 700 mAh<\/b> est optimis\u00e9e pour offrir une autonomie prolong\u00e9e en jeu et en lecture vid\u00e9o sans interruption. De plus, il est \u00e9quip\u00e9 de capteurs int\u00e9gr\u00e9s tels que GPS, acc\u00e9l\u00e9rom\u00e8tre et barom\u00e8tre pour une exp\u00e9rience compl\u00e8te. Il est important de noter que, en raison de restrictions r\u00e9gionales, la fonction Samsung Pay peut ne pas \u00eatre disponible, l\u2019usage d\u2019alternatives NFC comme Google Play pour les paiements mobiles \u00e9tant recommand\u00e9. En r\u00e9sum\u00e9, le Samsung Galaxy S24 FE repr\u00e9sente une solution \u00e9quilibr\u00e9e et performante dans le segment des smartphones, destin\u00e9e \u00e0 ceux qui valorisent \u00e0 la fois durabilit\u00e9 et puissance en photo, jeu et multim\u00e9dia.<\/p>\n<ul>\n<li>Couleur:\n<ul>\n<li>Graphite<\/li>\n<li>Gris<\/li>\n<li>Acier<\/li>\n<\/ul>\n<\/li>\n<li>Gyroscope: Oui<\/li>\n<li>Glonass: Oui<\/li>\n<li>Type de flash: LED<\/li>\n<li>Fr\u00e9quence: 120 Hz<\/li>\n<li>Zoom Num\u00e9rique: 30x<\/li>\n<li>M\u00e9moire interne: 128 GB<\/li>\n<li>Capacit\u00e9 de la batterie:\n<ul>\n<li>4000 mAh<\/li>\n<li>4700 mAh<\/li>\n<\/ul>\n<\/li>\n<li>Cam\u00e9ra\/Appareil Photo:\n<ul>\n<li>50 Mp<\/li>\n<li>Frontal<\/li>\n<li>10 Mp<\/li>\n<li>Triple<\/li>\n<\/ul>\n<\/li>\n<li>Diagonale de l&#8217;\u00e9cran (cm):\n<ul>\n<li>15,7 cm<\/li>\n<li>17 cm<\/li>\n<\/ul>\n<\/li>\n<li>Connectivit\u00e9:\n<ul>\n<li>5G<\/li>\n<li>Bluetooth 5.0<\/li>\n<li>Bluetooth<\/li>\n<li>Wi-Fi<\/li>\n<li>NFC<\/li>\n<li>4G<\/li>\n<li>BeiDou<\/li>\n<li>Bluetooth 5.3<\/li>\n<\/ul>\n<\/li>\n<li>Caract\u00e9ristiques:\n<ul>\n<li>Acc\u00e9l\u00e9rom\u00e8tre<\/li>\n<li>GPS<\/li>\n<li>Barom\u00e8tre<\/li>\n<li>Ecran tactile<\/li>\n<li>Capteur de lumi\u00e8re ambiante<\/li>\n<li>Autofocus<\/li>\n<li>Chargement rapide et fiable<\/li>\n<li>Chargeur sans fil<\/li>\n<li>Lecteur d&#8217;empreintes<\/li>\n<li>Capteur g\u00e9omagn\u00e9tique<\/li>\n<li>Capteur de proximit\u00e9<\/li>\n<li>Gorilla Glass<\/li>\n<li>\u00c9cran plat<\/li>\n<\/ul>\n<\/li>\n<li>Connexions:\n<ul>\n<li>USB-C<\/li>\n<li>Dual SIM<\/li>\n<li>USB<\/li>\n<li>USB 3.2<\/li>\n<\/ul>\n<\/li>\n<li>Facteur de forme: Bar<\/li>\n<li>Classification IP: IP68<\/li>\n<li>M\u00e9moire RAM: 8 GB RAM<\/li>\n<li>Produit \u00e0 brancher: Oui<\/li>\n<li>Type: Smartphone<\/li>\n<li>Type de prise: Prise EU<\/li>\n<li>Bloc d\u2019Alimentation:\n<ul>\n<li>r\u00e9seau \u00e9lectrique<\/li>\n<li>USB<\/li>\n<\/ul>\n<\/li>\n<li>Indice de r\u00e9parabilit\u00e9: 8.4<\/li>\n<li>Ecran:\n<ul>\n<li>6,7&#8243;<\/li>\n<li>6,2&#8243;<\/li>\n<\/ul>\n<\/li>\n<li>Syst\u00e8me d&#8217;exploitation: Android<\/li>\n<li>Mati\u00e8re: Plastique<\/li>\n<li>Rapport d&#8217;aspect: 16:9<\/li>\n<li>Classification \u00e9nerg\u00e9tique: B<\/li>\n<li>Ouverture: F\/1,8<\/li>\n<li>Technologie:\n<ul>\n<li>LED<\/li>\n<li>Mime<\/li>\n<li>AMOLED<\/li>\n<li>Glonass<\/li>\n<\/ul>\n<\/li>\n<li>Capteurs:\n<ul>\n<li>Acc\u00e9l\u00e9rom\u00e8tre<\/li>\n<li>Gyroscope<\/li>\n<li>Magn\u00e9tom\u00e8tre<\/li>\n<\/ul>\n<\/li>\n<li>Disque dur: 128 GB SSD<\/li>\n<li>Fonctions: ECO<\/li>\n<li>R\u00e9solution: 2340 x 1080 px<\/li>\n<li>Non Inclus: Adaptateur AC<\/li>\n<li>Type de batterie: Batterie au lithium rechargeable<\/li>\n<li>Noyaux: 4 Noyaux<\/li>\n<\/ul>","protected":false},"excerpt":{"rendered":"<p>Si vous \u00eates passionn\u00e9 d&#8217;informatique et d&#8217;\u00e9lectronique, si vous \u00eates \u00e0 la pointe de la technologie et qu&#8217;aucun d\u00e9tail ne vous \u00e9chappe, achetez Smartphone Samsung Galaxy S24 FE 5G 6,7&#8243; 8 GB RAM 128 GB Gris au meilleur prix. Le Samsung Galaxy S24 FE est un smartphone avanc\u00e9 con\u00e7u pour offrir un \u00e9quilibre exceptionnel entre [&hellip;]<\/p>\n","protected":false},"featured_media":23821,"comment_status":"open","ping_status":"closed","template":"","meta":[],"product_brand":[183],"product_cat":[575,65,960],"product_tag":[213,566,106],"class_list":{"0":"post-23828","1":"product","2":"type-product","3":"status-publish","4":"has-post-thumbnail","6":"product_brand-brandp_576","7":"product_cat-electronique-telephonie-et-tablettes","8":"product_cat-informatique-electronique","9":"product_cat-telephones-portables","10":"product_tag-tag_933","11":"product_tag-tag_547","12":"product_tag-tag_1295","14":"first","15":"instock","16":"taxable","17":"shipping-taxable","18":"purchasable","19":"product-type-simple"},"_links":{"self":[{"href":"https:\/\/bigbuy.tupique.com\/pt\/wp-json\/wp\/v2\/product\/23828","targetHints":{"allow":["GET"]}}],"collection":[{"href":"https:\/\/bigbuy.tupique.com\/pt\/wp-json\/wp\/v2\/product"}],"about":[{"href":"https:\/\/bigbuy.tupique.com\/pt\/wp-json\/wp\/v2\/types\/product"}],"replies":[{"embeddable":true,"href":"https:\/\/bigbuy.tupique.com\/pt\/wp-json\/wp\/v2\/comments?post=23828"}],"wp:featuredmedia":[{"embeddable":true,"href":"https:\/\/bigbuy.tupique.com\/pt\/wp-json\/wp\/v2\/media\/23821"}],"wp:attachment":[{"href":"https:\/\/bigbuy.tupique.com\/pt\/wp-json\/wp\/v2\/media?parent=23828"}],"wp:term":[{"taxonomy":"product_brand","embeddable":true,"href":"https:\/\/bigbuy.tupique.com\/pt\/wp-json\/wp\/v2\/product_brand?post=23828"},{"taxonomy":"product_cat","embeddable":true,"href":"https:\/\/bigbuy.tupique.com\/pt\/wp-json\/wp\/v2\/product_cat?post=23828"},{"taxonomy":"product_tag","embeddable":true,"href":"https:\/\/bigbuy.tupique.com\/pt\/wp-json\/wp\/v2\/product_tag?post=23828"}],"curies":[{"name":"wp","href":"https:\/\/api.w.org\/{rel}","templated":true}]}}