{"id":23801,"date":"2026-03-29T19:56:03","date_gmt":"2026-03-29T18:56:03","guid":{"rendered":"https:\/\/bigbuy.tupique.com\/produto\/hard-drive-axis-01858-001-4-tb-ssd\/"},"modified":"2026-04-15T02:59:09","modified_gmt":"2026-04-15T01:59:09","slug":"hard-drive-axis-01858-001-4-tb-ssd","status":"publish","type":"product","link":"https:\/\/bigbuy.tupique.com\/pt\/produto\/hard-drive-axis-01858-001-4-tb-ssd\/","title":{"rendered":"Disque dur Axis 01858-001 4 TB SSD"},"content":{"rendered":"<p>Si vous \u00eates passionn\u00e9 d&#8217;<b>informatique et d&#8217;\u00e9lectronique<\/b>, si vous \u00eates \u00e0 la pointe de la technologie et qu&#8217;aucun d\u00e9tail ne vous \u00e9chappe, achetez <b>Disque dur Axis 01858-001 4 TB SSD<\/b> au meilleur prix.<\/p>\n<ul>\n<li>Disque dur:\n<ul>\n<li>4 TB<\/li>\n<li>4 TB SSD<\/li>\n<li>4 TB HDD<\/li>\n<\/ul>\n<\/li>\n<li>Taille: 3,5&#8243;<\/li>\n<li>Type:\n<ul>\n<li>Disque dur interne<\/li>\n<li>Cam\u00e9ra\/Appareil Photo<\/li>\n<li>HDD<\/li>\n<\/ul>\n<\/li>\n<li>Connexions: SATA<\/li>\n<li>vitesse: 5400 rpm<\/li>\n<li>Vitesse de rotation: 5400 rpm<\/li>\n<li>Compatible: Surveillance System<\/li>\n<li>Tension: 5-12 V<\/li>\n<li>Temp\u00e9rature approximative: -40\u00ba \/ 70\u00ba<\/li>\n<li>Plage de temp\u00e9ratures de travail: 0\u00ba \/ 70\u00ba<\/li>\n<\/ul>","protected":false},"excerpt":{"rendered":"<p>Si vous \u00eates passionn\u00e9 d&#8217;informatique et d&#8217;\u00e9lectronique, si vous \u00eates \u00e0 la pointe de la technologie et qu&#8217;aucun d\u00e9tail ne vous \u00e9chappe, achetez Disque dur Axis 01858-001 4 TB SSD au meilleur prix. Disque dur: 4 TB 4 TB SSD 4 TB HDD Taille: 3,5&#8243; Type: Disque dur interne Cam\u00e9ra\/Appareil Photo HDD Connexions: SATA vitesse: [&hellip;]<\/p>\n","protected":false},"featured_media":23800,"comment_status":"open","ping_status":"closed","template":"","meta":[],"product_brand":[645],"product_cat":[588,65,584],"product_tag":[106],"class_list":{"0":"post-23801","1":"product","2":"type-product","3":"status-publish","4":"has-post-thumbnail","6":"product_brand-brandp_4776","7":"product_cat-disques-durs","8":"product_cat-informatique-electronique","9":"product_cat-informatique-reseaux-et-composants","10":"product_tag-tag_1295","12":"first","13":"instock","14":"taxable","15":"shipping-taxable","16":"purchasable","17":"product-type-simple"},"_links":{"self":[{"href":"https:\/\/bigbuy.tupique.com\/pt\/wp-json\/wp\/v2\/product\/23801","targetHints":{"allow":["GET"]}}],"collection":[{"href":"https:\/\/bigbuy.tupique.com\/pt\/wp-json\/wp\/v2\/product"}],"about":[{"href":"https:\/\/bigbuy.tupique.com\/pt\/wp-json\/wp\/v2\/types\/product"}],"replies":[{"embeddable":true,"href":"https:\/\/bigbuy.tupique.com\/pt\/wp-json\/wp\/v2\/comments?post=23801"}],"wp:featuredmedia":[{"embeddable":true,"href":"https:\/\/bigbuy.tupique.com\/pt\/wp-json\/wp\/v2\/media\/23800"}],"wp:attachment":[{"href":"https:\/\/bigbuy.tupique.com\/pt\/wp-json\/wp\/v2\/media?parent=23801"}],"wp:term":[{"taxonomy":"product_brand","embeddable":true,"href":"https:\/\/bigbuy.tupique.com\/pt\/wp-json\/wp\/v2\/product_brand?post=23801"},{"taxonomy":"product_cat","embeddable":true,"href":"https:\/\/bigbuy.tupique.com\/pt\/wp-json\/wp\/v2\/product_cat?post=23801"},{"taxonomy":"product_tag","embeddable":true,"href":"https:\/\/bigbuy.tupique.com\/pt\/wp-json\/wp\/v2\/product_tag?post=23801"}],"curies":[{"name":"wp","href":"https:\/\/api.w.org\/{rel}","templated":true}]}}