{"id":23769,"date":"2026-03-29T19:55:11","date_gmt":"2026-03-29T18:55:11","guid":{"rendered":"https:\/\/bigbuy.tupique.com\/produto\/smartphone-google-pixel-8-pro-67-12-gb-ram-128-gb-white\/"},"modified":"2026-04-16T23:16:09","modified_gmt":"2026-04-16T22:16:09","slug":"smartphone-google-pixel-8-pro-67-12-gb-ram-128-gb-white","status":"publish","type":"product","link":"https:\/\/bigbuy.tupique.com\/pt\/produto\/smartphone-google-pixel-8-pro-67-12-gb-ram-128-gb-white\/","title":{"rendered":"Smartphone Google Pixel 8 Pro 6,7&#8243; 12 GB RAM 128 GB Blanc"},"content":{"rendered":"<p>Si vous \u00eates passionn\u00e9 d&#8217;<b>informatique et d&#8217;\u00e9lectronique<\/b>, si vous \u00eates \u00e0 la pointe de la technologie et qu&#8217;aucun d\u00e9tail ne vous \u00e9chappe, achetez <b>Smartphone Google Pixel 8 Pro 6,7&#8243; 12 GB RAM 128 GB Blanc<\/b> au meilleur prix.<\/p>\n<p>Le <b>Pixel 8 Pro<\/b> de Google est un <b>smartphone<\/b> avanc\u00e9 qui se distingue par son \u00e9quilibre entre puissance, qualit\u00e9 d\u2019image et exp\u00e9rience utilisateur, int\u00e9grant les derni\u00e8res innovations technologiques de la marque. Dot\u00e9 de <b>12 Go de RAM<\/b> et d\u2019un espace de stockage interne de <b>128 Go<\/b>, il permet de g\u00e9rer plusieurs applications et fichiers volumineux avec fluidit\u00e9, id\u00e9al pour ceux qui recherchent l\u2019efficacit\u00e9 aussi bien dans un cadre personnel que professionnel. Son <b>\u00e9cran de 6,7 pouces<\/b> offre une surface large et immersive pour la visualisation de contenus, tandis que le bo\u00eetier en <b>aluminium<\/b> garantit durabilit\u00e9 et sensation haut de gamme en main. L\u2019appareil est propos\u00e9 dans des finitions \u00e9l\u00e9gantes <b>blanc, beige et gris<\/b>, s\u2019adaptant \u00e0 diff\u00e9rents styles. Il int\u00e8gre des fonctionnalit\u00e9s essentielles telles que <b>GPS<\/b> et <b>acc\u00e9l\u00e9rom\u00e8tre<\/b>, facilitant la navigation pr\u00e9cise et l\u2019utilisation fluide d\u2019applications n\u00e9cessitant des fonctions de mouvement et de localisation. La s\u00e9curit\u00e9 et la confidentialit\u00e9 sont assur\u00e9es par les solutions int\u00e9gr\u00e9es de Google ainsi que par une politique de mises \u00e0 jour r\u00e9guli\u00e8res, pla\u00e7ant ce mod\u00e8le \u00e0 la pointe en mati\u00e8re de protection des donn\u00e9es et d\u2019exp\u00e9rience Android. En r\u00e9sum\u00e9, le Google Pixel 8 Pro constitue un choix solide dans le segment premium pour ceux qui privil\u00e9gient performance, fiabilit\u00e9 et interface intuitive associ\u00e9e \u00e0 la derni\u00e8re g\u00e9n\u00e9ration de smartphones.<\/p>\n<ul>\n<li>Connectivit\u00e9:\n<ul>\n<li>WI-FI 7<\/li>\n<li>5G<\/li>\n<li>Bluetooth 5.3<\/li>\n<li>Galileo<\/li>\n<li>Bluetooth 5.0<\/li>\n<li>4G<\/li>\n<li>Wi-Fi<\/li>\n<li>Bluetooth<\/li>\n<li>GPS<\/li>\n<li>NFC<\/li>\n<li>LTE<\/li>\n<\/ul>\n<\/li>\n<li>Fr\u00e9quence: 120 Hz<\/li>\n<li>Technologie:\n<ul>\n<li>OLED<\/li>\n<li>Corning Gorilla Glass<\/li>\n<li>Mime<\/li>\n<li>Glonass<\/li>\n<\/ul>\n<\/li>\n<li>Acc\u00e9l\u00e9rom\u00e8tre: Oui<\/li>\n<li>Stabilisateur d&#8217;image: Oui<\/li>\n<li>Glonass: Oui<\/li>\n<li>Type:\n<ul>\n<li>Dual SIM<\/li>\n<li>Smartphone<\/li>\n<\/ul>\n<\/li>\n<li>Chargeur sans fil: Oui<\/li>\n<li>Gyroscope: Oui<\/li>\n<li>Caract\u00e9ristiques:\n<ul>\n<li>Lecteur d&#8217;empreintes<\/li>\n<li>Chargement rapide<\/li>\n<li>St\u00e9r\u00e9o<\/li>\n<li>HDR<\/li>\n<li>Acc\u00e9l\u00e9rom\u00e8tre<\/li>\n<li>GPS<\/li>\n<li>Barom\u00e8tre<\/li>\n<li>Capteur de lumi\u00e8re ambiante<\/li>\n<li>Autofocus<\/li>\n<li>Chargement rapide et fiable<\/li>\n<li>Chargeur sans fil<\/li>\n<li>Syst\u00e8me de reconnaissance faciale<\/li>\n<li>Stabilisateur d&#8217;image<\/li>\n<li>Capteur de proximit\u00e9<\/li>\n<li>Gorilla Glass<\/li>\n<li>\u00c9cran plat<\/li>\n<\/ul>\n<\/li>\n<li>Capteurs:\n<ul>\n<li>Magn\u00e9tique<\/li>\n<li>Acc\u00e9l\u00e9rom\u00e8tre<\/li>\n<li>Gyroscope<\/li>\n<\/ul>\n<\/li>\n<li>Rapport d&#8217;aspect: 20:9<\/li>\n<li>Zoom Num\u00e9rique:\n<ul>\n<li>7x<\/li>\n<li>20x<\/li>\n<\/ul>\n<\/li>\n<li>Type de m\u00e9moire: LPDDR5X<\/li>\n<li>Brille:\n<ul>\n<li>1600 CD\/M\u00b2<\/li>\n<li>2400 cd\/m\u00b2<\/li>\n<\/ul>\n<\/li>\n<li>Capacit\u00e9 de la batterie: 5050 mAh<\/li>\n<li>Cam\u00e9ra\/Appareil Photo:\n<ul>\n<li>50 Mp<\/li>\n<li>Frontal<\/li>\n<li>48 MP<\/li>\n<li>Triple<\/li>\n<\/ul>\n<\/li>\n<li>M\u00e9moire interne: 128 GB<\/li>\n<li>Connexions:\n<ul>\n<li>nano SIM<\/li>\n<li>USB-C<\/li>\n<li>Dual SIM<\/li>\n<li>USB<\/li>\n<li>USB 3.2<\/li>\n<\/ul>\n<\/li>\n<li>Zoom Optique:\n<ul>\n<li>10x<\/li>\n<li>x 5<\/li>\n<\/ul>\n<\/li>\n<li>Fonctions:\n<ul>\n<li>Barom\u00e8tre<\/li>\n<li>ECO<\/li>\n<\/ul>\n<\/li>\n<li>Mati\u00e8re: Aluminium<\/li>\n<li>Couleur:\n<ul>\n<li>Gris<\/li>\n<li>Beige<\/li>\n<li>Blanc<\/li>\n<\/ul>\n<\/li>\n<li>GPS: Oui<\/li>\n<li>Ecran: 6,7&#8243;<\/li>\n<li>Inclut:\n<ul>\n<li>Adaptateur AC<\/li>\n<li>C\u00e2ble USB-C<\/li>\n<\/ul>\n<\/li>\n<li>M\u00e9moire RAM: 12 GB RAM<\/li>\n<li>Classification IP: IP68<\/li>\n<li>Facteur de forme: Bar<\/li>\n<li>Produit \u00e0 brancher: Oui<\/li>\n<li>Diagonale de l&#8217;\u00e9cran (cm): 17 cm<\/li>\n<li>Type de prise: Prise EU<\/li>\n<li>Bloc d\u2019Alimentation: r\u00e9seau \u00e9lectrique<\/li>\n<li>Indice de r\u00e9parabilit\u00e9: 8.2<\/li>\n<li>Syst\u00e8me d&#8217;exploitation: Android<\/li>\n<li>puissance: 30 W<\/li>\n<li>Non Inclus: Adaptateur AC<\/li>\n<li>Rapport de contraste: 1000000:1<\/li>\n<li>R\u00e9solution (px): 1080 px<\/li>\n<\/ul>","protected":false},"excerpt":{"rendered":"<p>Si vous \u00eates passionn\u00e9 d&#8217;informatique et d&#8217;\u00e9lectronique, si vous \u00eates \u00e0 la pointe de la technologie et qu&#8217;aucun d\u00e9tail ne vous \u00e9chappe, achetez Smartphone Google Pixel 8 Pro 6,7&#8243; 12 GB RAM 128 GB Blanc au meilleur prix. Le Pixel 8 Pro de Google est un smartphone avanc\u00e9 qui se distingue par son \u00e9quilibre entre [&hellip;]<\/p>\n","protected":false},"featured_media":23764,"comment_status":"open","ping_status":"closed","template":"","meta":[],"product_brand":[1149],"product_cat":[575,65,960],"product_tag":[213,566,106],"class_list":{"0":"post-23769","1":"product","2":"type-product","3":"status-publish","4":"has-post-thumbnail","6":"product_brand-brandp_2817","7":"product_cat-electronique-telephonie-et-tablettes","8":"product_cat-informatique-electronique","9":"product_cat-telephones-portables","10":"product_tag-tag_933","11":"product_tag-tag_547","12":"product_tag-tag_1295","14":"first","15":"instock","16":"taxable","17":"shipping-taxable","18":"purchasable","19":"product-type-simple"},"_links":{"self":[{"href":"https:\/\/bigbuy.tupique.com\/pt\/wp-json\/wp\/v2\/product\/23769","targetHints":{"allow":["GET"]}}],"collection":[{"href":"https:\/\/bigbuy.tupique.com\/pt\/wp-json\/wp\/v2\/product"}],"about":[{"href":"https:\/\/bigbuy.tupique.com\/pt\/wp-json\/wp\/v2\/types\/product"}],"replies":[{"embeddable":true,"href":"https:\/\/bigbuy.tupique.com\/pt\/wp-json\/wp\/v2\/comments?post=23769"}],"wp:featuredmedia":[{"embeddable":true,"href":"https:\/\/bigbuy.tupique.com\/pt\/wp-json\/wp\/v2\/media\/23764"}],"wp:attachment":[{"href":"https:\/\/bigbuy.tupique.com\/pt\/wp-json\/wp\/v2\/media?parent=23769"}],"wp:term":[{"taxonomy":"product_brand","embeddable":true,"href":"https:\/\/bigbuy.tupique.com\/pt\/wp-json\/wp\/v2\/product_brand?post=23769"},{"taxonomy":"product_cat","embeddable":true,"href":"https:\/\/bigbuy.tupique.com\/pt\/wp-json\/wp\/v2\/product_cat?post=23769"},{"taxonomy":"product_tag","embeddable":true,"href":"https:\/\/bigbuy.tupique.com\/pt\/wp-json\/wp\/v2\/product_tag?post=23769"}],"curies":[{"name":"wp","href":"https:\/\/api.w.org\/{rel}","templated":true}]}}