{"id":23672,"date":"2026-03-29T19:52:52","date_gmt":"2026-03-29T18:52:52","guid":{"rendered":"https:\/\/bigbuy.tupique.com\/produto\/smartphone-samsung-galaxy-z-flip5-5g-sm-f731b-67-octa-core-8-gb-ram-512-gb-grey\/"},"modified":"2026-04-16T23:20:26","modified_gmt":"2026-04-16T22:20:26","slug":"smartphone-samsung-galaxy-z-flip5-5g-sm-f731b-67-octa-core-8-gb-ram-512-gb-grey","status":"publish","type":"product","link":"https:\/\/bigbuy.tupique.com\/pt\/produto\/smartphone-samsung-galaxy-z-flip5-5g-sm-f731b-67-octa-core-8-gb-ram-512-gb-grey\/","title":{"rendered":"Smartphone Samsung Galaxy Z Flip5 5G SM-F731B 6,7&#8243; Octa Core 8 GB RAM 512 GB Gris"},"content":{"rendered":"<p>Si vous \u00eates passionn\u00e9 d&#8217;<b>informatique et d&#8217;\u00e9lectronique<\/b>, si vous \u00eates \u00e0 la pointe de la technologie et qu&#8217;aucun d\u00e9tail ne vous \u00e9chappe, achetez <b>Smartphone Samsung Galaxy Z Flip5 5G SM-F731B 6,7&#8243; Octa Core 8 GB RAM 512 GB Gris<\/b> au meilleur prix.<\/p>\n<p>Le <b>Galaxy Z Flip5 SM-F731B<\/b> de Samsung est un <b>smartphone<\/b> innovant qui allie technologie avanc\u00e9e et design compact et polyvalent. Ce mod\u00e8le dispose d\u2019un \u00e9cran principal de <b>6,7 pouces<\/b>, offrant une exp\u00e9rience visuelle large et claire, id\u00e9ale pour le multim\u00e9dia et le multit\u00e2che. Son design pliable permet de r\u00e9duire consid\u00e9rablement la taille de l\u2019appareil, facilitant son transport et son rangement sans sacrifier une surface d\u2019\u00e9cran g\u00e9n\u00e9reuse. Il est disponible en deux finitions \u00e9l\u00e9gantes et actuelles : <b>graphite<\/b> et <b>acier<\/b>, qui apportent un style sobre et moderne. Il est \u00e9quip\u00e9 de <b>8 Go de RAM<\/b>, garantissant des performances fluides pour les applications multit\u00e2ches et les jeux, avec une r\u00e9ponse rapide et une stabilit\u00e9 assur\u00e9e. Bien que la capacit\u00e9 de stockage soit indiqu\u00e9e comme <b>8 Go<\/b> dans les attributs, il s\u2019agit probablement d\u2019une confusion avec la RAM, car ce type d\u2019appareil int\u00e8gre g\u00e9n\u00e9ralement une capacit\u00e9 interne bien plus importante pour les donn\u00e9es et applications. Dans l\u2019ensemble, le Galaxy Z Flip5 se distingue par son \u00e9quilibre entre fonctionnalit\u00e9 et design de pointe, constituant une option attrayante pour ceux qui recherchent un smartphone compact avec des sp\u00e9cifications techniques adapt\u00e9es \u00e0 un usage dynamique et moderne. Cet appareil illustre l\u2019engagement de Samsung en faveur de l\u2019innovation dans les t\u00e9l\u00e9phones pliables, r\u00e9pondant aux besoins actuels sans sacrifier la polyvalence ni les performances.<\/p>\n<ul>\n<li>R\u00e9solution (px):\n<ul>\n<li>3000 X 4000 PX<\/li>\n<li>720 X 748 PX<\/li>\n<li>2640 x 1080 px<\/li>\n<li>3840 x 2160 px<\/li>\n<li>2160 px<\/li>\n<\/ul>\n<\/li>\n<li>Brille:\n<ul>\n<li>900 cd\/m\u00b2<\/li>\n<li>1750 CD \/ M\u00b2<\/li>\n<li>1000 cd\/m\u00b2<\/li>\n<\/ul>\n<\/li>\n<li>Caract\u00e9ristiques:\n<ul>\n<li>Chargement rapide<\/li>\n<li>Lecteur d&#8217;empreintes<\/li>\n<li>Gyroscope<\/li>\n<li>Acc\u00e9l\u00e9rom\u00e8tre<\/li>\n<li>R\u00e9sistant \u00e0 l&#8217;eau<\/li>\n<li>GPS<\/li>\n<li>Barom\u00e8tre<\/li>\n<li>Ecran tactile<\/li>\n<li>Capteur de lumi\u00e8re ambiante<\/li>\n<li>Autofocus<\/li>\n<li>Chargement rapide et fiable<\/li>\n<li>Chargeur sans fil<\/li>\n<li>Syst\u00e8me de reconnaissance faciale<\/li>\n<li>Capteur g\u00e9omagn\u00e9tique<\/li>\n<li>Capteur de proximit\u00e9<\/li>\n<li>Gorilla Glass<\/li>\n<li>\u00c9cran avec coins arrondis<\/li>\n<li>\u00c9cran plat<\/li>\n<\/ul>\n<\/li>\n<li>Connexions:\n<ul>\n<li>nano SIM<\/li>\n<li>USB-C<\/li>\n<li>USB 3.2<\/li>\n<li>Dual SIM<\/li>\n<li>USB<\/li>\n<li>USB OTG<\/li>\n<\/ul>\n<\/li>\n<li>Facteur de forme: Coquillage<\/li>\n<li>M\u00e9moire interne:\n<ul>\n<li>512 GB<\/li>\n<li>8 GB<\/li>\n<\/ul>\n<\/li>\n<li>Fr\u00e9quence:\n<ul>\n<li>120 Hz<\/li>\n<li>60 Hz<\/li>\n<\/ul>\n<\/li>\n<li>Technologie:\n<ul>\n<li>OLED<\/li>\n<li>Corning Gorilla Glass<\/li>\n<li>52.1 Dynamic AMOLED 2X<\/li>\n<li>Super AMOLED<\/li>\n<li>OTG<\/li>\n<li>LED<\/li>\n<li>Glonass<\/li>\n<\/ul>\n<\/li>\n<li>Poids approx.: 187 g<\/li>\n<li>Type de flash: LED<\/li>\n<li>Acc\u00e9l\u00e9rom\u00e8tre: Oui<\/li>\n<li>Stabilisateur d&#8217;image: Oui<\/li>\n<li>Glonass: Oui<\/li>\n<li>Connectivit\u00e9:\n<ul>\n<li>Wi-Fi 5 GHz<\/li>\n<li>Wi-Fi 6E ghz<\/li>\n<li>Bluetooth 5.3<\/li>\n<li>GPS<\/li>\n<li>4G<\/li>\n<li>Wi-Fi<\/li>\n<li>Bluetooth<\/li>\n<li>Galileo<\/li>\n<li>5G<\/li>\n<li>BeiDou<\/li>\n<li>Glonass<\/li>\n<li>Bluetooth 5.0<\/li>\n<li>NFC<\/li>\n<li>Wi-Fi 6 GHz<\/li>\n<\/ul>\n<\/li>\n<li>Noyaux:\n<ul>\n<li>8 Noyaux<\/li>\n<li>8<\/li>\n<\/ul>\n<\/li>\n<li>R\u00e9solution:\n<ul>\n<li>425 PPP<\/li>\n<li>306 PPP<\/li>\n<\/ul>\n<\/li>\n<li>Ecran:\n<ul>\n<li>3,4&#8243;<\/li>\n<li>6,7&#8243;<\/li>\n<\/ul>\n<\/li>\n<li>Processeur:\n<ul>\n<li>Qualcomm Snapdragon 8 Gen 2<\/li>\n<li>Qualcomm Snapdragon<\/li>\n<li>Octa Core<\/li>\n<\/ul>\n<\/li>\n<li>vitesse: 3,3 ghz<\/li>\n<li>Diagonale de l&#8217;\u00e9cran (cm): 17 cm<\/li>\n<li>Syst\u00e8me d&#8217;exploitation:\n<ul>\n<li>Android 13<\/li>\n<li>Android<\/li>\n<\/ul>\n<\/li>\n<li>Classification IP: IPX8<\/li>\n<li>Capacit\u00e9 de la batterie: 3700 mAh<\/li>\n<li>M\u00e9moire RAM: 8 GB RAM<\/li>\n<li>Mati\u00e8re:\n<ul>\n<li>Aluminium<\/li>\n<li>Plastique<\/li>\n<\/ul>\n<\/li>\n<li>Capteurs:\n<ul>\n<li>Magn\u00e9tom\u00e8tre<\/li>\n<li>Acc\u00e9l\u00e9rom\u00e8tre<\/li>\n<li>Gyroscope<\/li>\n<\/ul>\n<\/li>\n<li>Zoom Num\u00e9rique: 10x<\/li>\n<li>Fonctions:\n<ul>\n<li>Barom\u00e8tre<\/li>\n<li>ECO<\/li>\n<\/ul>\n<\/li>\n<li>Couleur:\n<ul>\n<li>Graphite<\/li>\n<li>Gris<\/li>\n<li>Acier<\/li>\n<\/ul>\n<\/li>\n<li>GPS: Oui<\/li>\n<li>Dual SIM: Oui<\/li>\n<li>Gyroscope: Oui<\/li>\n<li>Chargeur sans fil: Oui<\/li>\n<li>Cam\u00e9ra\/Appareil Photo:\n<ul>\n<li>12 MP<\/li>\n<li>12 mpx<\/li>\n<li>Dual<\/li>\n<li>Frontal<\/li>\n<li>10 Mp<\/li>\n<\/ul>\n<\/li>\n<li>Produit \u00e0 brancher: Oui<\/li>\n<li>Type: Smartphone<\/li>\n<li>Type de prise: Prise EU<\/li>\n<li>Bloc d\u2019Alimentation: r\u00e9seau \u00e9lectrique<\/li>\n<li>Rapport d&#8217;aspect: 16:9<\/li>\n<li>Ouverture: F\/1,8<\/li>\n<li>Angle:\n<ul>\n<li>85\u00ba<\/li>\n<li>123\u00ba<\/li>\n<\/ul>\n<\/li>\n<li>Type de batterie: Litio Ion<\/li>\n<li>Autonomie approx.: 20 heures<\/li>\n<li>Famille de processeurs: Qualcomm Snapdragon<\/li>\n<\/ul>","protected":false},"excerpt":{"rendered":"<p>Si vous \u00eates passionn\u00e9 d&#8217;informatique et d&#8217;\u00e9lectronique, si vous \u00eates \u00e0 la pointe de la technologie et qu&#8217;aucun d\u00e9tail ne vous \u00e9chappe, achetez Smartphone Samsung Galaxy Z Flip5 5G SM-F731B 6,7&#8243; Octa Core 8 GB RAM 512 GB Gris au meilleur prix. Le Galaxy Z Flip5 SM-F731B de Samsung est un smartphone innovant qui allie [&hellip;]<\/p>\n","protected":false},"featured_media":23666,"comment_status":"open","ping_status":"closed","template":"","meta":[],"product_brand":[183],"product_cat":[575,65,960],"product_tag":[213,566,106],"class_list":{"0":"post-23672","1":"product","2":"type-product","3":"status-publish","4":"has-post-thumbnail","6":"product_brand-brandp_576","7":"product_cat-electronique-telephonie-et-tablettes","8":"product_cat-informatique-electronique","9":"product_cat-telephones-portables","10":"product_tag-tag_933","11":"product_tag-tag_547","12":"product_tag-tag_1295","14":"first","15":"instock","16":"taxable","17":"shipping-taxable","18":"purchasable","19":"product-type-simple"},"_links":{"self":[{"href":"https:\/\/bigbuy.tupique.com\/pt\/wp-json\/wp\/v2\/product\/23672","targetHints":{"allow":["GET"]}}],"collection":[{"href":"https:\/\/bigbuy.tupique.com\/pt\/wp-json\/wp\/v2\/product"}],"about":[{"href":"https:\/\/bigbuy.tupique.com\/pt\/wp-json\/wp\/v2\/types\/product"}],"replies":[{"embeddable":true,"href":"https:\/\/bigbuy.tupique.com\/pt\/wp-json\/wp\/v2\/comments?post=23672"}],"wp:featuredmedia":[{"embeddable":true,"href":"https:\/\/bigbuy.tupique.com\/pt\/wp-json\/wp\/v2\/media\/23666"}],"wp:attachment":[{"href":"https:\/\/bigbuy.tupique.com\/pt\/wp-json\/wp\/v2\/media?parent=23672"}],"wp:term":[{"taxonomy":"product_brand","embeddable":true,"href":"https:\/\/bigbuy.tupique.com\/pt\/wp-json\/wp\/v2\/product_brand?post=23672"},{"taxonomy":"product_cat","embeddable":true,"href":"https:\/\/bigbuy.tupique.com\/pt\/wp-json\/wp\/v2\/product_cat?post=23672"},{"taxonomy":"product_tag","embeddable":true,"href":"https:\/\/bigbuy.tupique.com\/pt\/wp-json\/wp\/v2\/product_tag?post=23672"}],"curies":[{"name":"wp","href":"https:\/\/api.w.org\/{rel}","templated":true}]}}