{"id":23624,"date":"2026-03-29T19:42:31","date_gmt":"2026-03-29T18:42:31","guid":{"rendered":"https:\/\/bigbuy.tupique.com\/produto\/smartphone-xiaomi-14t-5g-667-12-gb-ram-256-gb-black\/"},"modified":"2026-05-11T19:55:27","modified_gmt":"2026-05-11T17:55:27","slug":"smartphone-xiaomi-14t-5g-667-12-gb-ram-256-gb-black","status":"publish","type":"product","link":"https:\/\/bigbuy.tupique.com\/pt\/produto\/smartphone-xiaomi-14t-5g-667-12-gb-ram-256-gb-black\/","title":{"rendered":"Smartphone Xiaomi 14T 5G 6,67&#8243; 12 GB RAM 256 GB Noir"},"content":{"rendered":"<p>Si vous \u00eates passionn\u00e9 d&#8217;<b>informatique et d&#8217;\u00e9lectronique<\/b>, si vous \u00eates \u00e0 la pointe de la technologie et qu&#8217;aucun d\u00e9tail ne vous \u00e9chappe, achetez <b>Smartphone Xiaomi 14T 5G 6,67&#8243; 12 GB RAM 256 GB Noir<\/b> au meilleur prix.<\/p>\n<p>Le <b>smartphone<\/b> Xiaomi MZB0HUBEU se distingue par sa combinaison avanc\u00e9e de performances, de stockage et d\u2019exp\u00e9rience visuelle, id\u00e9ale pour ceux qui recherchent efficacit\u00e9 et polyvalence dans leur appareil mobile. Dot\u00e9 de <b>12 Go de m\u00e9moire RAM<\/b>, ce mod\u00e8le assure un multit\u00e2che fluide et une gestion rapide des applications exigeantes, tandis que ses <b>256 Go de stockage interne<\/b> offrent un espace suffisant pour conserver photos, vid\u00e9os et fichiers importants sans se soucier de la capacit\u00e9. Il dispose d\u2019un <b>\u00e9cran tactile de 6,7 pouces<\/b> (\u00e9galement r\u00e9f\u00e9renc\u00e9 comme 6,67\u201d), offrant un large champ de vision et une excellente d\u00e9finition, parfait pour la navigation et le contenu multim\u00e9dia. Con\u00e7u en noir \u00e9l\u00e9gant avec des mat\u00e9riaux de qualit\u00e9 comme le plastique r\u00e9sistant, l\u2019appareil int\u00e8gre des fonctionnalit\u00e9s telles que <b>GPS<\/b> et <b>NFC<\/b>, garantissant une connectivit\u00e9 optimale pour la navigation, les paiements mobiles et les transferts rapides. Le syst\u00e8me d\u2019exploitation fonctionne de mani\u00e8re stable gr\u00e2ce \u00e0 la puissance caract\u00e9ristique de la gamme Xiaomi, et int\u00e8gre des technologies d\u2019\u00e9cran et de cam\u00e9ra de derni\u00e8re g\u00e9n\u00e9ration, permettant une exp\u00e9rience utilisateur avanc\u00e9e et \u00e9quilibr\u00e9e \u00e0 chaque utilisation. Ce mod\u00e8le est id\u00e9al pour ceux qui souhaitent un t\u00e9l\u00e9phone moderne, robuste et bien \u00e9quip\u00e9, pr\u00eat \u00e0 r\u00e9pondre efficacement aux besoins quotidiens de communication et de divertissement.<\/p>\n<ul>\n<li>Couleur: Noir<\/li>\n<li>Processeur: Octa Core<\/li>\n<li>Connectivit\u00e9:\n<ul>\n<li>NFC<\/li>\n<li>Bluetooth<\/li>\n<li>Wi-Fi<\/li>\n<li>4G<\/li>\n<li>GPS<\/li>\n<li>5G<\/li>\n<li>WCDMA<\/li>\n<\/ul>\n<\/li>\n<li>Caract\u00e9ristiques:\n<ul>\n<li>HDR10+<\/li>\n<li>NFC<\/li>\n<li>Ecran<\/li>\n<li>GPS<\/li>\n<li>Ecran tactile<\/li>\n<li>Chargement rapide et fiable<\/li>\n<li>Lecteur d&#8217;empreintes<\/li>\n<li>Gorilla Glass<\/li>\n<li>\u00c9cran avec coins arrondis<\/li>\n<li>\u00c9cran plat<\/li>\n<\/ul>\n<\/li>\n<li>Poids: 195 g<\/li>\n<li>Capacit\u00e9 de la batterie: 5000 mAh<\/li>\n<li>M\u00e9moire interne: 256 GB<\/li>\n<li>Noyaux: 8 Noyaux<\/li>\n<li>Diagonale de l&#8217;\u00e9cran (cm):\n<ul>\n<li>16,9 cm<\/li>\n<li>17 cm<\/li>\n<\/ul>\n<\/li>\n<li>Cam\u00e9ra\/Appareil Photo:\n<ul>\n<li>32 MP + 50 MP<\/li>\n<li>50 Mp<\/li>\n<li>12 MP<\/li>\n<li>Frontal<\/li>\n<li>Triple<\/li>\n<li>32 Mp<\/li>\n<\/ul>\n<\/li>\n<li>R\u00e9solution (px): 2712 X 1220 PX<\/li>\n<li>Connexions:\n<ul>\n<li>Dual SIM<\/li>\n<li>USB-C<\/li>\n<\/ul>\n<\/li>\n<li>Ecran:\n<ul>\n<li>6,7&#8243;<\/li>\n<li>6,67&#8243;<\/li>\n<\/ul>\n<\/li>\n<li>Syst\u00e8me d&#8217;exploitation:\n<ul>\n<li>Android 14<\/li>\n<li>Android<\/li>\n<\/ul>\n<\/li>\n<li>Facteur de forme: Bar<\/li>\n<li>M\u00e9moire RAM: 12 GB RAM<\/li>\n<li>Produit \u00e0 brancher: Oui<\/li>\n<li>Type: Smartphone<\/li>\n<li>Type de prise: Prise EU<\/li>\n<li>Bloc d\u2019Alimentation: r\u00e9seau \u00e9lectrique<\/li>\n<li>Indice de r\u00e9parabilit\u00e9: 8.1<\/li>\n<li>puissance: 67 W<\/li>\n<li>Mati\u00e8re: Plastique<\/li>\n<li>Langue: Anglais<\/li>\n<li>Classification IP: IP68<\/li>\n<li>Fr\u00e9quence:\n<ul>\n<li>144 Hz<\/li>\n<li>120 Hz<\/li>\n<\/ul>\n<\/li>\n<li>Brille: 500 cd\/m2<\/li>\n<li>Fonctions: ECO<\/li>\n<li>Technologie: AMOLED<\/li>\n<li>Non Inclus: Adaptateur AC<\/li>\n<li>Rapport d&#8217;aspect: 20:9<\/li>\n<li>Ouverture: F\/1,7<\/li>\n<li>Type de batterie: Batterie au lithium rechargeable<\/li>\n<li>Famille de processeurs:\n<ul>\n<li>MediaTek<\/li>\n<li>MediaTek Dimensity<\/li>\n<\/ul>\n<\/li>\n<\/ul>","protected":false},"excerpt":{"rendered":"<p>Si vous \u00eates passionn\u00e9 d&#8217;informatique et d&#8217;\u00e9lectronique, si vous \u00eates \u00e0 la pointe de la technologie et qu&#8217;aucun d\u00e9tail ne vous \u00e9chappe, achetez Smartphone Xiaomi 14T 5G 6,67&#8243; 12 GB RAM 256 GB Noir au meilleur prix. Le smartphone Xiaomi MZB0HUBEU se distingue par sa combinaison avanc\u00e9e de performances, de stockage et d\u2019exp\u00e9rience visuelle, id\u00e9ale [&hellip;]<\/p>\n","protected":false},"featured_media":23617,"comment_status":"open","ping_status":"closed","template":"","meta":[],"product_brand":[525],"product_cat":[575,65,960],"product_tag":[213,566,106],"class_list":{"0":"post-23624","1":"product","2":"type-product","3":"status-publish","4":"has-post-thumbnail","6":"product_brand-brandp_1269","7":"product_cat-electronique-telephonie-et-tablettes","8":"product_cat-informatique-electronique","9":"product_cat-telephones-portables","10":"product_tag-tag_933","11":"product_tag-tag_547","12":"product_tag-tag_1295","14":"first","15":"instock","16":"taxable","17":"shipping-taxable","18":"purchasable","19":"product-type-simple"},"_links":{"self":[{"href":"https:\/\/bigbuy.tupique.com\/pt\/wp-json\/wp\/v2\/product\/23624","targetHints":{"allow":["GET"]}}],"collection":[{"href":"https:\/\/bigbuy.tupique.com\/pt\/wp-json\/wp\/v2\/product"}],"about":[{"href":"https:\/\/bigbuy.tupique.com\/pt\/wp-json\/wp\/v2\/types\/product"}],"replies":[{"embeddable":true,"href":"https:\/\/bigbuy.tupique.com\/pt\/wp-json\/wp\/v2\/comments?post=23624"}],"wp:featuredmedia":[{"embeddable":true,"href":"https:\/\/bigbuy.tupique.com\/pt\/wp-json\/wp\/v2\/media\/23617"}],"wp:attachment":[{"href":"https:\/\/bigbuy.tupique.com\/pt\/wp-json\/wp\/v2\/media?parent=23624"}],"wp:term":[{"taxonomy":"product_brand","embeddable":true,"href":"https:\/\/bigbuy.tupique.com\/pt\/wp-json\/wp\/v2\/product_brand?post=23624"},{"taxonomy":"product_cat","embeddable":true,"href":"https:\/\/bigbuy.tupique.com\/pt\/wp-json\/wp\/v2\/product_cat?post=23624"},{"taxonomy":"product_tag","embeddable":true,"href":"https:\/\/bigbuy.tupique.com\/pt\/wp-json\/wp\/v2\/product_tag?post=23624"}],"curies":[{"name":"wp","href":"https:\/\/api.w.org\/{rel}","templated":true}]}}