{"id":23434,"date":"2026-03-29T19:37:34","date_gmt":"2026-03-29T18:37:34","guid":{"rendered":"https:\/\/bigbuy.tupique.com\/produto\/smartphone-apple-iphone-16-plus-67-256-gb-blue\/"},"modified":"2026-04-16T16:32:26","modified_gmt":"2026-04-16T15:32:26","slug":"smartphone-apple-iphone-16-plus-67-256-gb-blue","status":"publish","type":"product","link":"https:\/\/bigbuy.tupique.com\/pt\/produto\/smartphone-apple-iphone-16-plus-67-256-gb-blue\/","title":{"rendered":"Smartphone Apple iPhone 16 Plus 6,7&#8243; 256 GB Bleu"},"content":{"rendered":"<p>Si vous \u00eates passionn\u00e9 d&#8217;<b>informatique et d&#8217;\u00e9lectronique<\/b>, si vous \u00eates \u00e0 la pointe de la technologie et qu&#8217;aucun d\u00e9tail ne vous \u00e9chappe, achetez <b>Smartphone Apple iPhone 16 Plus 6,7&#8243; 256 GB Bleu<\/b> au meilleur prix.<\/p>\n<p>Le <b>iPhone 16 Plus<\/b> d\u2019Apple est un <b>smartphone<\/b> haut de gamme qui offre un excellent \u00e9quilibre entre puissance, design et fonctionnalit\u00e9s avanc\u00e9es, id\u00e9al pour les utilisateurs recherchant une performance fiable et une exp\u00e9rience visuelle immersive. Il dispose d\u2019un large <b>\u00e9cran de 6,7 pouces<\/b>, permettant de profiter de contenus multim\u00e9dias et d\u2019applications avec beaucoup de d\u00e9tails et de clart\u00e9, facilitant \u00e0 la fois productivit\u00e9 et divertissement. Sa <b>m\u00e9moire RAM de 8 Go<\/b> garantit un fonctionnement fluide et multit\u00e2che sans interruption, tandis que ses <b>256 Go de capacit\u00e9 de stockage<\/b> offrent un espace g\u00e9n\u00e9reux pour fichiers, applications, photos et vid\u00e9os. Ce dispositif se distingue \u00e9galement par son <b>design en bleu outremer<\/b>, qui apporte une esth\u00e9tique moderne et sophistiqu\u00e9e. Parmi ses caract\u00e9ristiques techniques, il inclut une r\u00e9sistance \u00e0 l\u2019eau, assurant une meilleure durabilit\u00e9 et protection contre \u00e9claboussures ou immersions accidentelles, ainsi qu\u2019une technologie GPS int\u00e9gr\u00e9e facilitant la navigation et la localisation en temps r\u00e9el. Il int\u00e8gre aussi des capteurs comme l\u2019acc\u00e9l\u00e9rom\u00e8tre et le barom\u00e8tre qui am\u00e9liorent l\u2019exp\u00e9rience dans les applications sportives, sant\u00e9 et mobilit\u00e9. L\u2019iPhone 16 Plus propose aussi des outils avanc\u00e9s pour la photographie, avec des d\u00e9clencheurs optimis\u00e9s pour capturer des images nettes et pr\u00e9cises. Gr\u00e2ce \u00e0 la connectivit\u00e9 5G, ce mod\u00e8le garantit des vitesses de t\u00e9l\u00e9chargement et de navigation rapides et stables, r\u00e9pondant aux exigences actuelles de connectivit\u00e9 mobile. Dans l\u2019ensemble, le <b>Apple iPhone 16 Plus<\/b> repr\u00e9sente une option technologique robuste et compl\u00e8te pour ceux qui recherchent un appareil mobile de derni\u00e8re g\u00e9n\u00e9ration combinant performance, r\u00e9sistance et design soign\u00e9 dans un format \u00e0 grand \u00e9cran.<\/p>\n<ul>\n<li>Couleur: Bleu<\/li>\n<li>Ecran: 6,7&#8243;<\/li>\n<li>Connexions:\n<ul>\n<li>Dual SIM<\/li>\n<li>USB-C<\/li>\n<li>USB<\/li>\n<\/ul>\n<\/li>\n<li>Connectivit\u00e9:\n<ul>\n<li>NFC<\/li>\n<li>Glonass<\/li>\n<li>5G<\/li>\n<li>Bluetooth 5.0<\/li>\n<li>Bluetooth<\/li>\n<li>Wi-Fi<\/li>\n<li>BeiDou<\/li>\n<li>Positionnement de Wi-Fi<\/li>\n<li>Bluetooth 5.3<\/li>\n<li>WI-FI 7<\/li>\n<\/ul>\n<\/li>\n<li>Noyaux:\n<ul>\n<li>6 Noyaux<\/li>\n<li>16 Noyaux<\/li>\n<\/ul>\n<\/li>\n<li>Haut-parleur: Oui<\/li>\n<li>Stabilisateur d&#8217;image: Oui<\/li>\n<li>Caract\u00e9ristiques:\n<ul>\n<li>Capteur de proximit\u00e9<\/li>\n<li>Capteurs<\/li>\n<li>Mode nuit<\/li>\n<li>R\u00e9sistant \u00e0 l&#8217;eau<\/li>\n<li>Acc\u00e9l\u00e9rom\u00e8tre<\/li>\n<li>Gyroscope<\/li>\n<li>\u00c9cran HDR<\/li>\n<li>Apple Pay<\/li>\n<li>Ecran<\/li>\n<li>Wi-Fi<\/li>\n<li>GPS<\/li>\n<li>Barom\u00e8tre<\/li>\n<li>Capteur de lumi\u00e8re ambiante<\/li>\n<li>MMS<\/li>\n<li>Appel vid\u00e9o<\/li>\n<li>HDR<\/li>\n<li>Autofocus<\/li>\n<li>Activation vocale<\/li>\n<li>Chargement rapide et fiable<\/li>\n<li>SMS<\/li>\n<li>Chargeur sans fil<\/li>\n<li>Syst\u00e8me de reconnaissance faciale<\/li>\n<li>Stabilisateur d&#8217;image<\/li>\n<li>Ceramic Shield<\/li>\n<li>\u00c9cran avec coins arrondis<\/li>\n<li>\u00c9cran plat<\/li>\n<\/ul>\n<\/li>\n<li>Processeur: Hexa Core<\/li>\n<li>Plate-forme: iOS<\/li>\n<li>Cam\u00e9ra\/Appareil Photo:\n<ul>\n<li>48 MP<\/li>\n<li>12 mpx<\/li>\n<li>Dual<\/li>\n<li>12 MP<\/li>\n<li>Frontal<\/li>\n<\/ul>\n<\/li>\n<li>R\u00e9solution (px):\n<ul>\n<li>2796 X 1290 PX<\/li>\n<li>3840 x 2160 px<\/li>\n<li>2160 px<\/li>\n<\/ul>\n<\/li>\n<li>M\u00e9moire RAM: 8 GB RAM<\/li>\n<li>Zoom Num\u00e9rique: 10x<\/li>\n<li>Zoom Optique: 4x<\/li>\n<li>Syst\u00e8me d&#8217;exploitation: iOS<\/li>\n<li>Facteur de forme: Bar<\/li>\n<li>Mati\u00e8re:\n<ul>\n<li>Aluminium<\/li>\n<li>verre<\/li>\n<\/ul>\n<\/li>\n<li>M\u00e9moire interne: 256 GB<\/li>\n<li>Diagonale de l&#8217;\u00e9cran (cm):\n<ul>\n<li>17 cm<\/li>\n<li>15,5 cm<\/li>\n<\/ul>\n<\/li>\n<li>Produit \u00e0 brancher: Oui<\/li>\n<li>Type:\n<ul>\n<li>Smartphone<\/li>\n<li>D\u00e9clenchement de l&#8217;appareil photo<\/li>\n<\/ul>\n<\/li>\n<li>Type de prise: Prise EU<\/li>\n<li>Bloc d\u2019Alimentation:\n<ul>\n<li>r\u00e9seau \u00e9lectrique<\/li>\n<li>USB<\/li>\n<\/ul>\n<\/li>\n<li>Capacit\u00e9 de la batterie: 4674 mah<\/li>\n<li>puissance: 30 W<\/li>\n<li>Fonctions:\n<ul>\n<li>D\u00e9clencheur<\/li>\n<li>ECO<\/li>\n<li>G\u00e9olocalisation<\/li>\n<li>Vibration<\/li>\n<\/ul>\n<\/li>\n<li>Classification \u00e9nerg\u00e9tique: B<\/li>\n<li>Capteurs:\n<ul>\n<li>Acc\u00e9l\u00e9rom\u00e8tre<\/li>\n<li>Gyroscope<\/li>\n<\/ul>\n<\/li>\n<li>Classification IP: IP68<\/li>\n<li>Compatible: Windows<\/li>\n<li>Inclut:\n<ul>\n<li>Haut-parleur<\/li>\n<li>USB Type-C &#8211; USB Type-C<\/li>\n<\/ul>\n<\/li>\n<li>Technologie:\n<ul>\n<li>Mime<\/li>\n<li>Glonass<\/li>\n<li>OLED<\/li>\n<li>Capacitive<\/li>\n<\/ul>\n<\/li>\n<li>Brille: 1000 cd\/m\u00b2<\/li>\n<li>Flash: Oui<\/li>\n<li>Non Inclus: Adaptateur AC<\/li>\n<li>Autonomie approx.: 100heures<\/li>\n<li>Angle: 120\u00ba<\/li>\n<li>Type de batterie: Litio Ion<\/li>\n<li>Dispositif intelligent: Apple Intelligence<\/li>\n<\/ul>","protected":false},"excerpt":{"rendered":"<p>Si vous \u00eates passionn\u00e9 d&#8217;informatique et d&#8217;\u00e9lectronique, si vous \u00eates \u00e0 la pointe de la technologie et qu&#8217;aucun d\u00e9tail ne vous \u00e9chappe, achetez Smartphone Apple iPhone 16 Plus 6,7&#8243; 256 GB Bleu au meilleur prix. Le iPhone 16 Plus d\u2019Apple est un smartphone haut de gamme qui offre un excellent \u00e9quilibre entre puissance, design et [&hellip;]<\/p>\n","protected":false},"featured_media":23425,"comment_status":"open","ping_status":"closed","template":"","meta":[],"product_brand":[979],"product_cat":[575,65,960],"product_tag":[213,566,106],"class_list":{"0":"post-23434","1":"product","2":"type-product","3":"status-publish","4":"has-post-thumbnail","6":"product_brand-brandp_533","7":"product_cat-electronique-telephonie-et-tablettes","8":"product_cat-informatique-electronique","9":"product_cat-telephones-portables","10":"product_tag-tag_933","11":"product_tag-tag_547","12":"product_tag-tag_1295","14":"first","15":"instock","16":"taxable","17":"shipping-taxable","18":"purchasable","19":"product-type-simple"},"_links":{"self":[{"href":"https:\/\/bigbuy.tupique.com\/pt\/wp-json\/wp\/v2\/product\/23434","targetHints":{"allow":["GET"]}}],"collection":[{"href":"https:\/\/bigbuy.tupique.com\/pt\/wp-json\/wp\/v2\/product"}],"about":[{"href":"https:\/\/bigbuy.tupique.com\/pt\/wp-json\/wp\/v2\/types\/product"}],"replies":[{"embeddable":true,"href":"https:\/\/bigbuy.tupique.com\/pt\/wp-json\/wp\/v2\/comments?post=23434"}],"wp:featuredmedia":[{"embeddable":true,"href":"https:\/\/bigbuy.tupique.com\/pt\/wp-json\/wp\/v2\/media\/23425"}],"wp:attachment":[{"href":"https:\/\/bigbuy.tupique.com\/pt\/wp-json\/wp\/v2\/media?parent=23434"}],"wp:term":[{"taxonomy":"product_brand","embeddable":true,"href":"https:\/\/bigbuy.tupique.com\/pt\/wp-json\/wp\/v2\/product_brand?post=23434"},{"taxonomy":"product_cat","embeddable":true,"href":"https:\/\/bigbuy.tupique.com\/pt\/wp-json\/wp\/v2\/product_cat?post=23434"},{"taxonomy":"product_tag","embeddable":true,"href":"https:\/\/bigbuy.tupique.com\/pt\/wp-json\/wp\/v2\/product_tag?post=23434"}],"curies":[{"name":"wp","href":"https:\/\/api.w.org\/{rel}","templated":true}]}}