{"id":23151,"date":"2026-03-29T19:21:17","date_gmt":"2026-03-29T18:21:17","guid":{"rendered":"https:\/\/bigbuy.tupique.com\/produto\/air-fryer-ninja-grey-57-l-18-kg\/"},"modified":"2026-04-16T20:01:23","modified_gmt":"2026-04-16T19:01:23","slug":"air-fryer-ninja-grey-57-l-18-kg","status":"publish","type":"product","link":"https:\/\/bigbuy.tupique.com\/pt\/produto\/air-fryer-ninja-grey-57-l-18-kg\/","title":{"rendered":"Friteuse \u00e0 Air NINJA Gris 5,7 L 1,8 kg"},"content":{"rendered":"<p>Si vous aimez prendre soin de chaque d\u00e9tail de votre maison et d&#8217;\u00eatre \u00e0 la derni\u00e8re mode en mati\u00e8re de produits qui vous rendront la vie plus facile, achetez <b>Friteuse \u00e0 Air NINJA Gris 5,7 L 1,8 kg<\/b> au meilleur prix.<\/p>\n<p>La <b>cocotte \u00e9lectrique programmable Ninja ON400EU<\/b> se pr\u00e9sente comme un appareil multifonction avec une g\u00e9n\u00e9reuse <b>capacit\u00e9 de 5,7 litres<\/b>, id\u00e9al pour cuisiner pour des familles ou groupes plus nombreux. Fabriqu\u00e9e en <b>aluminium<\/b>, un mat\u00e9riau reconnu pour sa bonne conductivit\u00e9 thermique, elle offre une r\u00e9partition uniforme de la chaleur pour des r\u00e9sultats constants \u00e0 chaque pr\u00e9paration. Sa finition en <b>gris<\/b> apporte une esth\u00e9tique moderne et discr\u00e8te qui s\u2019int\u00e8gre facilement dans toute cuisine. Ce mod\u00e8le se distingue par ses fonctions programmables permettant la cuisson \u00e0 la vapeur, une option saine qui pr\u00e9serve les nutriments et textures des aliments comme l\u00e9gumes, poissons et fruits de mer. La possibilit\u00e9 d\u2019ajuster temps et modes de cuisson facilite la pr\u00e9paration d\u2019une grande vari\u00e9t\u00e9 de plats, offrant confort et flexibilit\u00e9 au quotidien. Gr\u00e2ce \u00e0 sa capacit\u00e9 et ses mat\u00e9riaux, la Ninja ON400EU convient aussi bien aux repas quotidiens qu\u2019aux occasions sp\u00e9ciales, gr\u00e2ce \u00e0 la combinaison d\u2019une technologie efficace et d\u2019un design pens\u00e9 pour l\u2019utilisateur. En r\u00e9sum\u00e9, c\u2019est une option polyvalente et pratique pour ceux qui recherchent une cocotte programmable performante int\u00e9grant des fonctions essentielles, comme la cuisson vapeur, avec une construction solide et un format adapt\u00e9 aux pr\u00e9parations familiales.<\/p>\n<ul>\n<li>Couleur: Gris<\/li>\n<li>Fonctions:\n<ul>\n<li>Chauffe<\/li>\n<li>Cuisson vapeur<\/li>\n<li>Cuisiner \u00e0 la vapeur<\/li>\n<\/ul>\n<\/li>\n<li>\u00c9lev\u00e9: 31 cm<\/li>\n<li>Largeur: 33 cm<\/li>\n<li>puissance: 1760 W<\/li>\n<li>Poids approx.: 6,5 kg<\/li>\n<li>Arr\u00eat Automatique: Oui<\/li>\n<li>Caract\u00e9ristiques:\n<ul>\n<li>Commande tactile<\/li>\n<li>\u00c9cran integr\u00e9<\/li>\n<li>Arr\u00eat Automatique<\/li>\n<li>Anti-adh\u00e9rente<\/li>\n<li>Interrupteur marche\/arr\u00eat<\/li>\n<li>Base antid\u00e9rapante<\/li>\n<\/ul>\n<\/li>\n<li>Capacit\u00e9:\n<ul>\n<li>5,7 L<\/li>\n<li>1,8 kg<\/li>\n<\/ul>\n<\/li>\n<li>Long: 35 cm<\/li>\n<li>Type:\n<ul>\n<li>Marmites Express<\/li>\n<li>Friteuse \u00e0 Air<\/li>\n<\/ul>\n<\/li>\n<li>Type de prise: Prise EU<\/li>\n<li>Produit \u00e0 brancher: Oui<\/li>\n<li>Bloc d\u2019Alimentation: r\u00e9seau \u00e9lectrique<\/li>\n<li>Dimensions approx.: 43 x 43 x 44 cm<\/li>\n<li>Tension: 230 V<\/li>\n<li>Inclut: Grill<\/li>\n<\/ul>","protected":false},"excerpt":{"rendered":"<p>Si vous aimez prendre soin de chaque d\u00e9tail de votre maison et d&#8217;\u00eatre \u00e0 la derni\u00e8re mode en mati\u00e8re de produits qui vous rendront la vie plus facile, achetez Friteuse \u00e0 Air NINJA Gris 5,7 L 1,8 kg au meilleur prix. La cocotte \u00e9lectrique programmable Ninja ON400EU se pr\u00e9sente comme un appareil multifonction avec une [&hellip;]<\/p>\n","protected":false},"featured_media":23116,"comment_status":"open","ping_status":"closed","template":"","meta":[],"product_brand":[287],"product_cat":[60,391,77],"product_tag":[59,56],"class_list":{"0":"post-23151","1":"product","2":"type-product","3":"status-publish","4":"has-post-thumbnail","6":"product_brand-brandp_6527","7":"product_cat-cuisine-gourmet","8":"product_cat-friteuses","9":"product_cat-petit-electromenager","10":"product_tag-tag_1304","11":"product_tag-tag_930","13":"first","14":"instock","15":"taxable","16":"shipping-taxable","17":"purchasable","18":"product-type-simple"},"_links":{"self":[{"href":"https:\/\/bigbuy.tupique.com\/pt\/wp-json\/wp\/v2\/product\/23151","targetHints":{"allow":["GET"]}}],"collection":[{"href":"https:\/\/bigbuy.tupique.com\/pt\/wp-json\/wp\/v2\/product"}],"about":[{"href":"https:\/\/bigbuy.tupique.com\/pt\/wp-json\/wp\/v2\/types\/product"}],"replies":[{"embeddable":true,"href":"https:\/\/bigbuy.tupique.com\/pt\/wp-json\/wp\/v2\/comments?post=23151"}],"wp:featuredmedia":[{"embeddable":true,"href":"https:\/\/bigbuy.tupique.com\/pt\/wp-json\/wp\/v2\/media\/23116"}],"wp:attachment":[{"href":"https:\/\/bigbuy.tupique.com\/pt\/wp-json\/wp\/v2\/media?parent=23151"}],"wp:term":[{"taxonomy":"product_brand","embeddable":true,"href":"https:\/\/bigbuy.tupique.com\/pt\/wp-json\/wp\/v2\/product_brand?post=23151"},{"taxonomy":"product_cat","embeddable":true,"href":"https:\/\/bigbuy.tupique.com\/pt\/wp-json\/wp\/v2\/product_cat?post=23151"},{"taxonomy":"product_tag","embeddable":true,"href":"https:\/\/bigbuy.tupique.com\/pt\/wp-json\/wp\/v2\/product_tag?post=23151"}],"curies":[{"name":"wp","href":"https:\/\/api.w.org\/{rel}","templated":true}]}}