{"id":23070,"date":"2026-03-29T19:19:16","date_gmt":"2026-03-29T18:19:16","guid":{"rendered":"https:\/\/bigbuy.tupique.com\/produto\/hard-drive-seagate-firecuda-530r-2-tb-ssd\/"},"modified":"2026-04-16T10:06:02","modified_gmt":"2026-04-16T09:06:02","slug":"hard-drive-seagate-firecuda-530r-2-tb-ssd","status":"publish","type":"product","link":"https:\/\/bigbuy.tupique.com\/pt\/produto\/hard-drive-seagate-firecuda-530r-2-tb-ssd\/","title":{"rendered":"Disque dur Seagate FireCuda 530R 2 TB SSD"},"content":{"rendered":"<p>Si vous \u00eates passionn\u00e9 d&#8217;<b>informatique et d&#8217;\u00e9lectronique<\/b>, si vous \u00eates \u00e0 la pointe de la technologie et qu&#8217;aucun d\u00e9tail ne vous \u00e9chappe, achetez <b>Disque dur Seagate FireCuda 530R 2 TB SSD<\/b> au meilleur prix.<\/p>\n<p>Le <b>Seagate FireCuda 530R<\/b> est un <b>disque dur SSD<\/b> haute performance con\u00e7u sp\u00e9cialement pour les utilisateurs PC recherchant une solution de stockage rapide et fiable. Avec une <b>capacit\u00e9 de 2 To<\/b>, il offre suffisamment d\u2019espace pour stocker de grandes quantit\u00e9s de donn\u00e9es, jeux et applications. Ce mod\u00e8le utilise l\u2019interface <b>M.2<\/b> avec connexion <b>PCI Express 4.0<\/b>, garantissant une communication directe et rapide avec la carte m\u00e8re, permettant d\u2019atteindre des vitesses maximales de lecture et \u00e9criture remarquables pour un SSD NVMe moderne. Sa vitesse de <b>lecture s\u00e9quentielle jusqu\u2019\u00e0 7400 Mo\/s<\/b> et d\u2019\u00e9criture de <b>6900 Mo\/s<\/b> r\u00e9duit les temps de chargement et am\u00e9liore la r\u00e9activit\u00e9 globale du syst\u00e8me, profitant particuli\u00e8rement aux utilisateurs exigeants en gaming, cr\u00e9ation de contenu ou t\u00e2ches professionnelles manipulant de gros volumes d\u2019informations. Gr\u00e2ce \u00e0 la technologie <b>NVMe 1.4<\/b> et \u00e0 la m\u00e9moire <b>3D TLC<\/b>, le FireCuda 530R assure aussi une meilleure durabilit\u00e9 et efficacit\u00e9 \u00e9nerg\u00e9tique, maintenant la temp\u00e9rature de fonctionnement dans une plage s\u00fbre entre <b>0\u00ba et 70\u00ba<\/b>. Son format compact <b>M.2<\/b> facilite son int\u00e9gration dans diverses configurations PC sans g\u00eaner les autres composants. Ce dispositif repr\u00e9sente une option robuste et avanc\u00e9e pour ceux qui souhaitent maximiser capacit\u00e9 et performance de stockage sur syst\u00e8mes compatibles PCIe 4.0. En r\u00e9sum\u00e9, le <b>Seagate FireCuda 530R<\/b> est une solution de stockage combinant haute capacit\u00e9, vitesse et fiabilit\u00e9 pour les utilisateurs exigeants d\u00e9sirant optimiser les performances de leur PC.<\/p>\n<ul>\n<li>Connexions:\n<ul>\n<li>M.2<\/li>\n<li>PCI Express 4.0<\/li>\n<\/ul>\n<\/li>\n<li>Type de m\u00e9moire: 3D TLC<\/li>\n<li>vitesse: 6900 MB\/s<\/li>\n<li>Disque dur: 2 TB SSD<\/li>\n<\/ul>","protected":false},"excerpt":{"rendered":"<p>Si vous \u00eates passionn\u00e9 d&#8217;informatique et d&#8217;\u00e9lectronique, si vous \u00eates \u00e0 la pointe de la technologie et qu&#8217;aucun d\u00e9tail ne vous \u00e9chappe, achetez Disque dur Seagate FireCuda 530R 2 TB SSD au meilleur prix. Le Seagate FireCuda 530R est un disque dur SSD haute performance con\u00e7u sp\u00e9cialement pour les utilisateurs PC recherchant une solution de [&hellip;]<\/p>\n","protected":false},"featured_media":181025,"comment_status":"open","ping_status":"closed","template":"","meta":[],"product_brand":[641],"product_cat":[588,65,584],"product_tag":[106],"class_list":{"0":"post-23070","1":"product","2":"type-product","3":"status-publish","4":"has-post-thumbnail","6":"product_brand-brandp_578","7":"product_cat-disques-durs","8":"product_cat-informatique-electronique","9":"product_cat-informatique-reseaux-et-composants","10":"product_tag-tag_1295","12":"first","13":"instock","14":"taxable","15":"shipping-taxable","16":"purchasable","17":"product-type-simple"},"_links":{"self":[{"href":"https:\/\/bigbuy.tupique.com\/pt\/wp-json\/wp\/v2\/product\/23070","targetHints":{"allow":["GET"]}}],"collection":[{"href":"https:\/\/bigbuy.tupique.com\/pt\/wp-json\/wp\/v2\/product"}],"about":[{"href":"https:\/\/bigbuy.tupique.com\/pt\/wp-json\/wp\/v2\/types\/product"}],"replies":[{"embeddable":true,"href":"https:\/\/bigbuy.tupique.com\/pt\/wp-json\/wp\/v2\/comments?post=23070"}],"wp:featuredmedia":[{"embeddable":true,"href":"https:\/\/bigbuy.tupique.com\/pt\/wp-json\/wp\/v2\/media\/181025"}],"wp:attachment":[{"href":"https:\/\/bigbuy.tupique.com\/pt\/wp-json\/wp\/v2\/media?parent=23070"}],"wp:term":[{"taxonomy":"product_brand","embeddable":true,"href":"https:\/\/bigbuy.tupique.com\/pt\/wp-json\/wp\/v2\/product_brand?post=23070"},{"taxonomy":"product_cat","embeddable":true,"href":"https:\/\/bigbuy.tupique.com\/pt\/wp-json\/wp\/v2\/product_cat?post=23070"},{"taxonomy":"product_tag","embeddable":true,"href":"https:\/\/bigbuy.tupique.com\/pt\/wp-json\/wp\/v2\/product_tag?post=23070"}],"curies":[{"name":"wp","href":"https:\/\/api.w.org\/{rel}","templated":true}]}}