{"id":22989,"date":"2026-03-29T19:17:38","date_gmt":"2026-03-29T18:17:38","guid":{"rendered":"https:\/\/bigbuy.tupique.com\/produto\/tablet-apple-ipad-mini-83-128-gb-purple\/"},"modified":"2026-04-16T19:56:44","modified_gmt":"2026-04-16T18:56:44","slug":"tablet-apple-ipad-mini-83-128-gb-purple","status":"publish","type":"product","link":"https:\/\/bigbuy.tupique.com\/pt\/produto\/tablet-apple-ipad-mini-83-128-gb-purple\/","title":{"rendered":"Tablette Apple iPad mini 8,3&#8243; 128 GB Pourpre"},"content":{"rendered":"<p>Si vous \u00eates passionn\u00e9 d&#8217;<b>informatique et d&#8217;\u00e9lectronique<\/b>, si vous \u00eates \u00e0 la pointe de la technologie et qu&#8217;aucun d\u00e9tail ne vous \u00e9chappe, achetez <b>Tablette Apple iPad mini 8,3&#8243; 128 GB Pourpre<\/b> au meilleur prix.<\/p>\n<p>Le <b>Apple iPad mini<\/b> (2024) est une <b>tablette<\/b> compacte et puissante, con\u00e7ue pour offrir un \u00e9quilibre optimal entre portabilit\u00e9 et performance. Il dispose d\u2019un <b>\u00e9cran Liquid Retina de 8,3 pouces<\/b>, qui offre des images nettes et des couleurs vives, id\u00e9al pour le multim\u00e9dia, la lecture et le travail en mobilit\u00e9. Sa capacit\u00e9 de stockage interne de <b>128 Go<\/b> permet de conserver de nombreuses applications, documents, photos et vid\u00e9os sans souci d\u2019espace. Avec une finition en <b>couleur pourpre (violet\/lilas)<\/b> apportant une touche moderne et \u00e9l\u00e9gante, son bo\u00eetier en <b>aluminium<\/b> garantit durabilit\u00e9 et l\u00e9g\u00e8ret\u00e9, facilitant le transport et une utilisation prolong\u00e9e. Ce mod\u00e8le int\u00e8gre la <b>connectivit\u00e9 Bluetooth et GPS<\/b>, \u00e9largissant les possibilit\u00e9s de connexion d\u2019accessoires sans fil et facilitant la localisation ou la navigation pr\u00e9cise. Il est \u00e9galement \u00e9quip\u00e9 d\u2019une <b>cam\u00e9ra frontale int\u00e9gr\u00e9e<\/b> qui, associ\u00e9e au microphone int\u00e9gr\u00e9, permet des appels vid\u00e9o avec une bonne qualit\u00e9 d\u2019image et de son. Son design compact et sa finition premium, combin\u00e9s aux fonctionnalit\u00e9s avanc\u00e9es de l\u2019\u00e9cosyst\u00e8me Apple, font de cet iPad mini un outil polyvalent pour les utilisateurs recherchant un appareil agile, efficace et offrant une excellente qualit\u00e9 visuelle et technique. En r\u00e9sum\u00e9, l\u2019Apple iPad mini (2024) est une option \u00e9quilibr\u00e9e dans la gamme moyenne-haute des tablettes compactes, alliant design, fonctionnalit\u00e9 et performance pour satisfaire aussi bien le grand public que les professionnels exigeant mobilit\u00e9 et efficacit\u00e9.<\/p>\n<ul>\n<li>Diagonale de l&#8217;\u00e9cran (cm): 21,1 cm<\/li>\n<li>Type:\n<ul>\n<li>Tablette<\/li>\n<li>Flash<\/li>\n<\/ul>\n<\/li>\n<li>Produit \u00e0 brancher: Oui<\/li>\n<li>Type de prise: Prise EU<\/li>\n<li>Bloc d\u2019Alimentation:\n<ul>\n<li>r\u00e9seau \u00e9lectrique<\/li>\n<li>USB<\/li>\n<\/ul>\n<\/li>\n<li>Classification \u00e9nerg\u00e9tique: E<\/li>\n<li>Syst\u00e8me d&#8217;exploitation: Windows 10<\/li>\n<li>R\u00e9solution (px):\n<ul>\n<li>2266 X 1488 PX<\/li>\n<li>3840 x 2160 px<\/li>\n<li>2160 px<\/li>\n<\/ul>\n<\/li>\n<li>Ecran: 8,3&#8243;<\/li>\n<li>Processeur: APPLE A17 PRO<\/li>\n<li>Couleur:\n<ul>\n<li>Violet<\/li>\n<li>Pourpre<\/li>\n<\/ul>\n<\/li>\n<li>Mati\u00e8re: Aluminium<\/li>\n<li>Caract\u00e9ristiques:\n<ul>\n<li>Cam\u00e9ra frontale<\/li>\n<li>Microphone int\u00e9gr\u00e9<\/li>\n<li>Autofocus<\/li>\n<li>4 Haut-parleurs<\/li>\n<li>Lecteur d&#8217;empreintes<\/li>\n<li>Protection des donn\u00e9es\/mot de passe<\/li>\n<li>Boussole \u00e9lectronique<\/li>\n<\/ul>\n<\/li>\n<li>Connexions:\n<ul>\n<li>USB-C<\/li>\n<li>USB-C 3.2 Gen 2 (3.1 Gen 2)<\/li>\n<\/ul>\n<\/li>\n<li>Fonctions:\n<ul>\n<li>Barom\u00e8tre<\/li>\n<li>Acc\u00e9l\u00e9rom\u00e8tre<\/li>\n<li>G\u00e9olocalisation<\/li>\n<\/ul>\n<\/li>\n<li>Connectivit\u00e9:\n<ul>\n<li>Bluetooth<\/li>\n<li>GPS<\/li>\n<li>Wi-Fi 6 GHz<\/li>\n<li>Bluetooth 5.3<\/li>\n<\/ul>\n<\/li>\n<li>Ouverture: F\/1,8<\/li>\n<li>Technologie:\n<ul>\n<li>LED<\/li>\n<li>IPS<\/li>\n<li>Mime<\/li>\n<\/ul>\n<\/li>\n<li>Compatible:\n<ul>\n<li>Windows<\/li>\n<li>iPadOS<\/li>\n<\/ul>\n<\/li>\n<li>Brille: 500 cd\/m2<\/li>\n<li>Cam\u00e9ra\/Appareil Photo:\n<ul>\n<li>12 MP<\/li>\n<li>Arri\u00e8re<\/li>\n<\/ul>\n<\/li>\n<li>Non Inclus:\n<ul>\n<li>Adaptateur AC<\/li>\n<li>Connexion au r\u00e9seau mobile<\/li>\n<\/ul>\n<\/li>\n<li>Rapport d&#8217;aspect: 3:2<\/li>\n<li>M\u00e9moire interne: 128 GB<\/li>\n<li>Type de batterie: Litio Ion<\/li>\n<li>R\u00e9solution: 2266 x 1488 px<\/li>\n<li>Noyaux:\n<ul>\n<li>6 Noyaux<\/li>\n<li>16 Noyaux<\/li>\n<\/ul>\n<\/li>\n<li>Autonomie approx.: 10 heures<\/li>\n<\/ul>","protected":false},"excerpt":{"rendered":"<p>Si vous \u00eates passionn\u00e9 d&#8217;informatique et d&#8217;\u00e9lectronique, si vous \u00eates \u00e0 la pointe de la technologie et qu&#8217;aucun d\u00e9tail ne vous \u00e9chappe, achetez Tablette Apple iPad mini 8,3&#8243; 128 GB Pourpre au meilleur prix. Le Apple iPad mini (2024) est une tablette compacte et puissante, con\u00e7ue pour offrir un \u00e9quilibre optimal entre portabilit\u00e9 et performance. [&hellip;]<\/p>\n","protected":false},"featured_media":22983,"comment_status":"open","ping_status":"closed","template":"","meta":[],"product_brand":[979],"product_cat":[575,65,1052],"product_tag":[59,566,106],"class_list":{"0":"post-22989","1":"product","2":"type-product","3":"status-publish","4":"has-post-thumbnail","6":"product_brand-brandp_533","7":"product_cat-electronique-telephonie-et-tablettes","8":"product_cat-informatique-electronique","9":"product_cat-tablettes","10":"product_tag-tag_1304","11":"product_tag-tag_547","12":"product_tag-tag_1295","14":"first","15":"instock","16":"taxable","17":"shipping-taxable","18":"purchasable","19":"product-type-simple"},"_links":{"self":[{"href":"https:\/\/bigbuy.tupique.com\/pt\/wp-json\/wp\/v2\/product\/22989","targetHints":{"allow":["GET"]}}],"collection":[{"href":"https:\/\/bigbuy.tupique.com\/pt\/wp-json\/wp\/v2\/product"}],"about":[{"href":"https:\/\/bigbuy.tupique.com\/pt\/wp-json\/wp\/v2\/types\/product"}],"replies":[{"embeddable":true,"href":"https:\/\/bigbuy.tupique.com\/pt\/wp-json\/wp\/v2\/comments?post=22989"}],"wp:featuredmedia":[{"embeddable":true,"href":"https:\/\/bigbuy.tupique.com\/pt\/wp-json\/wp\/v2\/media\/22983"}],"wp:attachment":[{"href":"https:\/\/bigbuy.tupique.com\/pt\/wp-json\/wp\/v2\/media?parent=22989"}],"wp:term":[{"taxonomy":"product_brand","embeddable":true,"href":"https:\/\/bigbuy.tupique.com\/pt\/wp-json\/wp\/v2\/product_brand?post=22989"},{"taxonomy":"product_cat","embeddable":true,"href":"https:\/\/bigbuy.tupique.com\/pt\/wp-json\/wp\/v2\/product_cat?post=22989"},{"taxonomy":"product_tag","embeddable":true,"href":"https:\/\/bigbuy.tupique.com\/pt\/wp-json\/wp\/v2\/product_tag?post=22989"}],"curies":[{"name":"wp","href":"https:\/\/api.w.org\/{rel}","templated":true}]}}