{"id":22859,"date":"2026-03-29T19:04:56","date_gmt":"2026-03-29T18:04:56","guid":{"rendered":"https:\/\/bigbuy.tupique.com\/produto\/monitor-benq-pd2706ua-27-4k-ultra-hd\/"},"modified":"2026-04-15T02:57:22","modified_gmt":"2026-04-15T01:57:22","slug":"monitor-benq-pd2706ua-27-4k-ultra-hd","status":"publish","type":"product","link":"https:\/\/bigbuy.tupique.com\/pt\/produto\/monitor-benq-pd2706ua-27-4k-ultra-hd\/","title":{"rendered":"\u00c9cran BenQ PD2706UA 27&#8243; 4K Ultra HD"},"content":{"rendered":"<p>Si vous \u00eates passionn\u00e9 d&#8217;<b>informatique et d&#8217;\u00e9lectronique<\/b>, si vous \u00eates \u00e0 la pointe de la technologie et qu&#8217;aucun d\u00e9tail ne vous \u00e9chappe, achetez <b>\u00c9cran BenQ PD2706UA 27&#8243; 4K Ultra HD<\/b> au meilleur prix.<\/p>\n<p>Le <b>monitor<\/b> BenQ <b>PD2706UA<\/b> est une solution professionnelle de 27 pouces con\u00e7ue pour les utilisateurs exigeant une haute qualit\u00e9 visuelle et une grande pr\u00e9cision dans leurs projets. Il dispose d\u2019un <b>\u00e9cran LED<\/b> avec technologie <b>IPS<\/b> offrant des couleurs uniformes et une large gamme de tons, id\u00e9al pour les travaux graphiques et de design o\u00f9 la fid\u00e9lit\u00e9 des couleurs est essentielle. Son panneau <b>LCD<\/b> garantit une image claire et nette, tandis que la technologie <b>Flicker Free<\/b> r\u00e9duit le scintillement, minimisant la fatigue oculaire lors de longues sessions devant l\u2019\u00e9cran. Avec un taux de contraste dynamique de <b>1200:1<\/b>, le moniteur offre une bonne profondeur et un bon niveau de d\u00e9tail, accompagn\u00e9 d\u2019un temps de r\u00e9ponse de <b>5 ms<\/b> qui assure une exp\u00e9rience fluide m\u00eame dans des environnements \u00e0 mouvement constant. La connectivit\u00e9 <b>HDMI<\/b> garantit la compatibilit\u00e9 avec de nombreux \u00e9quipements modernes. Son design en couleur <b>noir<\/b> est \u00e9l\u00e9gant et professionnel, avec un support r\u00e9glable et pivotant facilitant l\u2019ergonomie et permettant d\u2019adapter la position du moniteur pour plus de confort et de productivit\u00e9. De plus, il int\u00e8gre un syst\u00e8me de gestion des c\u00e2bles qui aide \u00e0 maintenir l\u2019espace de travail ordonn\u00e9. Ce moniteur BenQ est un choix adapt\u00e9 aux professionnels cr\u00e9atifs recherchant un outil fiable et polyvalent alliant qualit\u00e9 d\u2019image et fonctionnalit\u00e9s pratiques au quotidien.<\/p>\n<ul>\n<li>Diagonale de l&#8217;\u00e9cran (cm): 68,6 cm<\/li>\n<li>R\u00e9solution (px):\n<ul>\n<li>3840 x 1080 px<\/li>\n<li>3840 x 2160 px<\/li>\n<\/ul>\n<\/li>\n<li>Ecran tactile: Non<\/li>\n<li>Technologie:\n<ul>\n<li>IPS<\/li>\n<li>LED<\/li>\n<li>LCD<\/li>\n<li>Flicker free<\/li>\n<\/ul>\n<\/li>\n<li>Jeux: Non<\/li>\n<li>Ports: 1<\/li>\n<li>Type:\n<ul>\n<li>\u00c9cran<\/li>\n<li>Axe<\/li>\n<\/ul>\n<\/li>\n<li>Produit \u00e0 brancher: Oui<\/li>\n<li>Type de prise: Prise EU<\/li>\n<li>Ecran: 27&#8243;<\/li>\n<li>Bloc d\u2019Alimentation: r\u00e9seau \u00e9lectrique<\/li>\n<li>Couleur:\n<ul>\n<li>Noir<\/li>\n<li>sRGB<\/li>\n<\/ul>\n<\/li>\n<li>Caract\u00e9ristiques:\n<ul>\n<li>R\u00e9glable<\/li>\n<li>Plaque Tournante<\/li>\n<li>Collecteur de c\u00e2bles<\/li>\n<li>HDR<\/li>\n<li>Avec stand<\/li>\n<li>Inclinaison r\u00e9glable<\/li>\n<li>Haut-parleurs int\u00e9gr\u00e9s<\/li>\n<li>\u00c9cran plat<\/li>\n<\/ul>\n<\/li>\n<li>Connexions:\n<ul>\n<li>HDMI<\/li>\n<li>USB<\/li>\n<li>USB-C<\/li>\n<li>HDMI 2.0<\/li>\n<li>USB A x 3<\/li>\n<li>DisplayPort 1.4<\/li>\n<li>DisplayPort x 1<\/li>\n<\/ul>\n<\/li>\n<li>Rapport d&#8217;aspect: 16:9<\/li>\n<li>Classification \u00e9nerg\u00e9tique: G<\/li>\n<li>Rapport de contraste: 1200:1<\/li>\n<li>Inclinaison: -90 \/ 90\u00b0<\/li>\n<li>VESA: 10 x 10 cm<\/li>\n<li>R\u00e9solution: 4K Ultra HD<\/li>\n<li>Tension: 100 &#8211; 240 V<\/li>\n<li>Brille: 350 lm ANSI<\/li>\n<li>Inclut: Sortie d&#8217;\u00e9couteurs<\/li>\n<li>Fr\u00e9quence: 60 Hz<\/li>\n<li>Angle: 178\u00ba<\/li>\n<li>Montage: VESA<\/li>\n<li>Utilisation recommand\u00e9e: Design graphique<\/li>\n<li>Couverture: 99% sRGB<\/li>\n<li>Temps de r\u00e9ponse: 5 ms<\/li>\n<\/ul>","protected":false},"excerpt":{"rendered":"<p>Si vous \u00eates passionn\u00e9 d&#8217;informatique et d&#8217;\u00e9lectronique, si vous \u00eates \u00e0 la pointe de la technologie et qu&#8217;aucun d\u00e9tail ne vous \u00e9chappe, achetez \u00c9cran BenQ PD2706UA 27&#8243; 4K Ultra HD au meilleur prix. Le monitor BenQ PD2706UA est une solution professionnelle de 27 pouces con\u00e7ue pour les utilisateurs exigeant une haute qualit\u00e9 visuelle et une [&hellip;]<\/p>\n","protected":false},"featured_media":22855,"comment_status":"open","ping_status":"closed","template":"","meta":[],"product_brand":[664],"product_cat":[65,581,616],"product_tag":[213,106],"class_list":{"0":"post-22859","1":"product","2":"type-product","3":"status-publish","4":"has-post-thumbnail","6":"product_brand-brandp_537","7":"product_cat-informatique-electronique","8":"product_cat-informatique-peripheriques-et-consommables","9":"product_cat-moniteurs","10":"product_tag-tag_933","11":"product_tag-tag_1295","13":"first","14":"instock","15":"taxable","16":"shipping-taxable","17":"purchasable","18":"product-type-simple"},"_links":{"self":[{"href":"https:\/\/bigbuy.tupique.com\/pt\/wp-json\/wp\/v2\/product\/22859","targetHints":{"allow":["GET"]}}],"collection":[{"href":"https:\/\/bigbuy.tupique.com\/pt\/wp-json\/wp\/v2\/product"}],"about":[{"href":"https:\/\/bigbuy.tupique.com\/pt\/wp-json\/wp\/v2\/types\/product"}],"replies":[{"embeddable":true,"href":"https:\/\/bigbuy.tupique.com\/pt\/wp-json\/wp\/v2\/comments?post=22859"}],"wp:featuredmedia":[{"embeddable":true,"href":"https:\/\/bigbuy.tupique.com\/pt\/wp-json\/wp\/v2\/media\/22855"}],"wp:attachment":[{"href":"https:\/\/bigbuy.tupique.com\/pt\/wp-json\/wp\/v2\/media?parent=22859"}],"wp:term":[{"taxonomy":"product_brand","embeddable":true,"href":"https:\/\/bigbuy.tupique.com\/pt\/wp-json\/wp\/v2\/product_brand?post=22859"},{"taxonomy":"product_cat","embeddable":true,"href":"https:\/\/bigbuy.tupique.com\/pt\/wp-json\/wp\/v2\/product_cat?post=22859"},{"taxonomy":"product_tag","embeddable":true,"href":"https:\/\/bigbuy.tupique.com\/pt\/wp-json\/wp\/v2\/product_tag?post=22859"}],"curies":[{"name":"wp","href":"https:\/\/api.w.org\/{rel}","templated":true}]}}