{"id":22710,"date":"2026-03-29T19:02:53","date_gmt":"2026-03-29T18:02:53","guid":{"rendered":"https:\/\/bigbuy.tupique.com\/produto\/keyboard-logitech-g915-x-black-french-azerty\/"},"modified":"2026-05-11T20:01:06","modified_gmt":"2026-05-11T18:01:06","slug":"keyboard-logitech-g915-x-black-french-azerty","status":"publish","type":"product","link":"https:\/\/bigbuy.tupique.com\/pt\/produto\/keyboard-logitech-g915-x-black-french-azerty\/","title":{"rendered":"Clavier Logitech G915 X Noir Fran\u00e7ais AZERTY"},"content":{"rendered":"<p>Retournez au bureau sans rien oublier ! Achetez <b>Clavier Logitech G915 X Noir Fran\u00e7ais AZERTY<\/b> et faites envie \u00e0 vos coll\u00e8gues!<\/p>\n<ul>\n<li>Type:\n<ul>\n<li>Clavier<\/li>\n<li>Clavier num\u00e9rique<\/li>\n<\/ul>\n<\/li>\n<li>Couleur: Noir<\/li>\n<li>Caract\u00e9ristiques:\n<ul>\n<li>R\u00e9glable<\/li>\n<li>R\u00e9tro-\u00e9clair\u00e9<\/li>\n<\/ul>\n<\/li>\n<li>Connexions: USB-C<\/li>\n<li>Style: Droit<\/li>\n<li>Langue: Fran\u00e7ais<\/li>\n<li>Technologie: LED<\/li>\n<li>Longueur du c\u00e2ble: 1,8 m<\/li>\n<li>Fonctionne \u00e0 piles: 1 Pol\u00edmero de litio<\/li>\n<li>Utilisation recommand\u00e9e: Jeu<\/li>\n<li>Non inclut: Souris<\/li>\n<li>Inclut: Manuel de l&#8217;utilisateur<\/li>\n<li>Clavier: AZERTY<\/li>\n<\/ul>","protected":false},"excerpt":{"rendered":"<p>Retournez au bureau sans rien oublier ! Achetez Clavier Logitech G915 X Noir Fran\u00e7ais AZERTY et faites envie \u00e0 vos coll\u00e8gues! Type: Clavier Clavier num\u00e9rique Couleur: Noir Caract\u00e9ristiques: R\u00e9glable R\u00e9tro-\u00e9clair\u00e9 Connexions: USB-C Style: Droit Langue: Fran\u00e7ais Technologie: LED Longueur du c\u00e2ble: 1,8 m Fonctionne \u00e0 piles: 1 Pol\u00edmero de litio Utilisation recommand\u00e9e: Jeu Non inclut: [&hellip;]<\/p>\n","protected":false},"featured_media":22704,"comment_status":"open","ping_status":"closed","template":"","meta":[],"product_brand":[647],"product_cat":[729,65,581],"product_tag":[213,59,106],"class_list":{"0":"post-22710","1":"product","2":"type-product","3":"status-publish","4":"has-post-thumbnail","6":"product_brand-brandp_561","7":"product_cat-claviers","8":"product_cat-informatique-electronique","9":"product_cat-informatique-peripheriques-et-consommables","10":"product_tag-tag_933","11":"product_tag-tag_1304","12":"product_tag-tag_1295","14":"first","15":"instock","16":"taxable","17":"shipping-taxable","18":"purchasable","19":"product-type-simple"},"_links":{"self":[{"href":"https:\/\/bigbuy.tupique.com\/pt\/wp-json\/wp\/v2\/product\/22710","targetHints":{"allow":["GET"]}}],"collection":[{"href":"https:\/\/bigbuy.tupique.com\/pt\/wp-json\/wp\/v2\/product"}],"about":[{"href":"https:\/\/bigbuy.tupique.com\/pt\/wp-json\/wp\/v2\/types\/product"}],"replies":[{"embeddable":true,"href":"https:\/\/bigbuy.tupique.com\/pt\/wp-json\/wp\/v2\/comments?post=22710"}],"wp:featuredmedia":[{"embeddable":true,"href":"https:\/\/bigbuy.tupique.com\/pt\/wp-json\/wp\/v2\/media\/22704"}],"wp:attachment":[{"href":"https:\/\/bigbuy.tupique.com\/pt\/wp-json\/wp\/v2\/media?parent=22710"}],"wp:term":[{"taxonomy":"product_brand","embeddable":true,"href":"https:\/\/bigbuy.tupique.com\/pt\/wp-json\/wp\/v2\/product_brand?post=22710"},{"taxonomy":"product_cat","embeddable":true,"href":"https:\/\/bigbuy.tupique.com\/pt\/wp-json\/wp\/v2\/product_cat?post=22710"},{"taxonomy":"product_tag","embeddable":true,"href":"https:\/\/bigbuy.tupique.com\/pt\/wp-json\/wp\/v2\/product_tag?post=22710"}],"curies":[{"name":"wp","href":"https:\/\/api.w.org\/{rel}","templated":true}]}}