{"id":22333,"date":"2026-03-29T18:44:59","date_gmt":"2026-03-29T17:44:59","guid":{"rendered":"https:\/\/bigbuy.tupique.com\/produto\/monitor-philips-34m2c3500l-00-34-180-hz\/"},"modified":"2026-05-11T19:59:51","modified_gmt":"2026-05-11T17:59:51","slug":"monitor-philips-34m2c3500l-00-34-180-hz","status":"publish","type":"product","link":"https:\/\/bigbuy.tupique.com\/pt\/produto\/monitor-philips-34m2c3500l-00-34-180-hz\/","title":{"rendered":"\u00c9cran Philips 34M2C3500L\/00 34&#8243; 180 Hz"},"content":{"rendered":"<p>Si vous \u00eates passionn\u00e9 d&#8217;<b>informatique et d&#8217;\u00e9lectronique<\/b>, si vous \u00eates \u00e0 la pointe de la technologie et qu&#8217;aucun d\u00e9tail ne vous \u00e9chappe, achetez <b>\u00c9cran Philips 34M2C3500L\/00 34&#8243; 180 Hz<\/b> au meilleur prix.<\/p>\n<p>Le <b>Philips 34M2C3500L<\/b> est un <b>moniteur<\/b> con\u00e7u pour ceux qui recherchent une exp\u00e9rience visuelle immersive et performante, aussi bien pour le gaming que pour un usage professionnel. Dot\u00e9 d\u2019un <b>\u00e9cran incurv\u00e9 de 34 pouces<\/b> au format ultra-large, ce mod\u00e8le offre une <b>r\u00e9solution WQHD (3440 x 1440 pixels)<\/b> garantissant des images tr\u00e8s d\u00e9taill\u00e9es et une surface \u00e9tendue id\u00e9ale pour le multit\u00e2che ou l\u2019immersion dans les jeux vid\u00e9o. La <b>technologie LCD Fast VA<\/b> assure un contraste exceptionnel et des noirs profonds, tandis que le <b>temps de r\u00e9ponse ultra-rapide de 1 ms (0,03 ms min.)<\/b> r\u00e9duit le flou de mouvement, parfait pour les jeux d\u2019action et les contenus rapides. Le panneau prend en charge la qualit\u00e9 <b>HDR<\/b> pour des couleurs plus vives et r\u00e9alistes, et sa finition mate limite les reflets g\u00eanants sous diff\u00e9rents \u00e9clairages. Il dispose d\u2019une connectique <b>HDMI<\/b> ainsi que d\u2019une compatibilit\u00e9 avec le montage VESA pour une installation flexible, et son ch\u00e2ssis <b>noir<\/b> apporte une touche \u00e9l\u00e9gante et moderne \u00e0 tout espace. Le <b>format d\u2019image 16:9 et la compatibilit\u00e9 Wide Quad HD<\/b> offrent une exp\u00e9rience plus cin\u00e9matographique et une productivit\u00e9 accrue lors du travail sur plusieurs fen\u00eatres. Le large angle de vision de <b>178\u00b0<\/b> horizontal et vertical garantit une qualit\u00e9 et une fid\u00e9lit\u00e9 des couleurs constantes, m\u00eame de c\u00f4t\u00e9 ou lors du partage de l\u2019\u00e9cran. L\u2019association de caract\u00e9ristiques avanc\u00e9es, comme l\u2019\u00e9cran incurv\u00e9, la haute r\u00e9solution et la faible latence, fait de ce moniteur un choix polyvalent pour les gamers exigeants comme pour ceux qui recherchent efficacit\u00e9 et clart\u00e9 d\u2019image au quotidien. Une solution compl\u00e8te qui se distingue par son \u00e9quilibre entre performances et exp\u00e9rience visuelle avanc\u00e9e.<\/p>\n<ul>\n<li>Diagonale de l&#8217;\u00e9cran (cm): 86,4 cm<\/li>\n<li>Produit \u00e0 brancher: Oui<\/li>\n<li>Type de prise: Prise EU<\/li>\n<li>R\u00e9solution: LED<\/li>\n<li>Type: \u00c9cran<\/li>\n<li>Bloc d\u2019Alimentation: r\u00e9seau \u00e9lectrique<\/li>\n<li>Couleur: Noir<\/li>\n<li>Temps de r\u00e9ponse:\n<ul>\n<li>1 ms<\/li>\n<li>0,03 ms<\/li>\n<\/ul>\n<\/li>\n<li>VESA: 10 x 10 cm<\/li>\n<li>Brille: 300 cd\/m\u00b2<\/li>\n<li>R\u00e9solution (px): 3440 x 1440 px<\/li>\n<li>Tension: 100-240 V<\/li>\n<li>Ecran: 34&#8243;<\/li>\n<li>Classification \u00e9nerg\u00e9tique: F<\/li>\n<li>Rapport d&#8217;aspect:\n<ul>\n<li>21:9<\/li>\n<li>16:9<\/li>\n<\/ul>\n<\/li>\n<li>Connexions:\n<ul>\n<li>HDMI<\/li>\n<li>DisplayPort<\/li>\n<li>HDMI 2.0<\/li>\n<li>HDMI x 2<\/li>\n<\/ul>\n<\/li>\n<li>Technologie: LCD<\/li>\n<li>Fr\u00e9quence:\n<ul>\n<li>50 &#8211; 60 Hz<\/li>\n<li>180 Hz<\/li>\n<\/ul>\n<\/li>\n<li>Caract\u00e9ristiques: Mat<\/li>\n<\/ul>","protected":false},"excerpt":{"rendered":"<p>Si vous \u00eates passionn\u00e9 d&#8217;informatique et d&#8217;\u00e9lectronique, si vous \u00eates \u00e0 la pointe de la technologie et qu&#8217;aucun d\u00e9tail ne vous \u00e9chappe, achetez \u00c9cran Philips 34M2C3500L\/00 34&#8243; 180 Hz au meilleur prix. Le Philips 34M2C3500L est un moniteur con\u00e7u pour ceux qui recherchent une exp\u00e9rience visuelle immersive et performante, aussi bien pour le gaming que [&hellip;]<\/p>\n","protected":false},"featured_media":22326,"comment_status":"open","ping_status":"closed","template":"","meta":[],"product_brand":[315],"product_cat":[65,581,616],"product_tag":[213,106],"class_list":{"0":"post-22333","1":"product","2":"type-product","3":"status-publish","4":"has-post-thumbnail","6":"product_brand-brandp_571","7":"product_cat-informatique-electronique","8":"product_cat-informatique-peripheriques-et-consommables","9":"product_cat-moniteurs","10":"product_tag-tag_933","11":"product_tag-tag_1295","13":"first","14":"instock","15":"taxable","16":"shipping-taxable","17":"purchasable","18":"product-type-simple"},"_links":{"self":[{"href":"https:\/\/bigbuy.tupique.com\/pt\/wp-json\/wp\/v2\/product\/22333","targetHints":{"allow":["GET"]}}],"collection":[{"href":"https:\/\/bigbuy.tupique.com\/pt\/wp-json\/wp\/v2\/product"}],"about":[{"href":"https:\/\/bigbuy.tupique.com\/pt\/wp-json\/wp\/v2\/types\/product"}],"replies":[{"embeddable":true,"href":"https:\/\/bigbuy.tupique.com\/pt\/wp-json\/wp\/v2\/comments?post=22333"}],"wp:featuredmedia":[{"embeddable":true,"href":"https:\/\/bigbuy.tupique.com\/pt\/wp-json\/wp\/v2\/media\/22326"}],"wp:attachment":[{"href":"https:\/\/bigbuy.tupique.com\/pt\/wp-json\/wp\/v2\/media?parent=22333"}],"wp:term":[{"taxonomy":"product_brand","embeddable":true,"href":"https:\/\/bigbuy.tupique.com\/pt\/wp-json\/wp\/v2\/product_brand?post=22333"},{"taxonomy":"product_cat","embeddable":true,"href":"https:\/\/bigbuy.tupique.com\/pt\/wp-json\/wp\/v2\/product_cat?post=22333"},{"taxonomy":"product_tag","embeddable":true,"href":"https:\/\/bigbuy.tupique.com\/pt\/wp-json\/wp\/v2\/product_tag?post=22333"}],"curies":[{"name":"wp","href":"https:\/\/api.w.org\/{rel}","templated":true}]}}