{"id":22258,"date":"2026-03-29T18:43:25","date_gmt":"2026-03-29T17:43:25","guid":{"rendered":"https:\/\/bigbuy.tupique.com\/produto\/smart-video-porter-ezviz\/"},"modified":"2026-05-11T20:01:00","modified_gmt":"2026-05-11T18:01:00","slug":"smart-video-porter-ezviz","status":"publish","type":"product","link":"https:\/\/bigbuy.tupique.com\/pt\/produto\/smart-video-porter-ezviz\/","title":{"rendered":"Interphone Vid\u00e9o Intelligent Ezviz"},"content":{"rendered":"<p>Si vous aimez prendre soin de chaque d\u00e9tail de votre maison et d&#8217;\u00eatre \u00e0 la derni\u00e8re mode en mati\u00e8re de produits qui vous rendront la vie plus facile, achetez <b>Interphone Vid\u00e9o Intelligent Ezviz<\/b> au meilleur prix.<\/p>\n<p>Le <b>Ezviz EP7<\/b> est un <b>interphone<\/b> intelligent con\u00e7u pour offrir une communication et une s\u00e9curit\u00e9 avanc\u00e9es dans les maisons et les entreprises, int\u00e9grant une technologie de pointe dans un format compact et fonctionnel. Son <b>\u00e9cran tactile<\/b> permet une interaction intuitive et une gestion efficace des appels, facilitant la visualisation et la r\u00e9ponse aux visiteurs. Gr\u00e2ce \u00e0 sa <b>connectivit\u00e9 Wi-Fi<\/b>, l\u2019appareil s\u2019int\u00e8gre aux syst\u00e8mes domotiques et permet un contr\u00f4le \u00e0 distance depuis des appareils mobiles, rendant la gestion des acc\u00e8s possible m\u00eame en l\u2019absence du domicile. Fabriqu\u00e9 dans une \u00e9l\u00e9gante couleur <b>noire<\/b> et dot\u00e9 d\u2019une <b>certification IP65<\/b>, il offre une excellente <b>r\u00e9sistance \u00e0 l\u2019eau<\/b>, garantissant un fonctionnement fiable aussi bien en int\u00e9rieur qu\u2019en ext\u00e9rieur, m\u00eame dans des conditions m\u00e9t\u00e9orologiques difficiles. L\u2019installation est simple gr\u00e2ce \u00e0 un <b>guide d\u2019installation<\/b> inclus qui accompagne chaque \u00e9tape, minimisant les complications pour les particuliers comme pour les professionnels. Cet interphone se pr\u00e9sente comme une solution robuste et polyvalente pour ceux qui souhaitent renforcer la s\u00e9curit\u00e9 et la communication de leur environnement avec une technologie accessible et durable.<\/p>\n<ul>\n<li>Couleur:\n<ul>\n<li>Noir<\/li>\n<li>Argent\u00e9<\/li>\n<\/ul>\n<\/li>\n<li>Type de commande: Boutons<\/li>\n<li>Kit de Montage: Oui<\/li>\n<li>Haut-parleur: Oui<\/li>\n<li>Taille maximale de la carte m\u00e9moire: 512 GB<\/li>\n<li>Microphone int\u00e9gr\u00e9: Oui<\/li>\n<li>Capteur: CMOS<\/li>\n<li>Ecran tactile: Oui<\/li>\n<li>Vision nocturne: Oui<\/li>\n<li>Type de batterie:\n<ul>\n<li>Lithium<\/li>\n<li>Batterie au lithium rechargeable<\/li>\n<\/ul>\n<\/li>\n<li>Batterie rechargeable: Oui<\/li>\n<li>Cartes M\u00e9moire Compatibles: MicroSD (TransFlash)<\/li>\n<li>Caract\u00e9ristiques:\n<ul>\n<li>Ecran tactile<\/li>\n<li>R\u00e9sistant \u00e0 l&#8217;eau<\/li>\n<li>Guide d&#8217;installation inclus<\/li>\n<\/ul>\n<\/li>\n<li>Connectivit\u00e9:\n<ul>\n<li>Wi-Fi<\/li>\n<li>Wi-Fi 5 GHz<\/li>\n<\/ul>\n<\/li>\n<li>Classification IP: IP65<\/li>\n<li>Inclut:\n<ul>\n<li>Batterie<\/li>\n<li>C\u00e2ble USB<\/li>\n<li>Vis<\/li>\n<\/ul>\n<\/li>\n<li>Piles incluses: Oui<\/li>\n<li>Ecran: 7&#8243;<\/li>\n<li>puissance: 6 W<\/li>\n<li>Fonctions: Vision nocturne<\/li>\n<li>Technologie: Infrarouges<\/li>\n<li>Type: Panneau solaire photovolta\u00efque<\/li>\n<li>Capacit\u00e9 de la batterie: 2600 mAh<\/li>\n<li>R\u00e9solution (px): 1024 X 600 PX<\/li>\n<\/ul>","protected":false},"excerpt":{"rendered":"<p>Si vous aimez prendre soin de chaque d\u00e9tail de votre maison et d&#8217;\u00eatre \u00e0 la derni\u00e8re mode en mati\u00e8re de produits qui vous rendront la vie plus facile, achetez Interphone Vid\u00e9o Intelligent Ezviz au meilleur prix. Le Ezviz EP7 est un interphone intelligent con\u00e7u pour offrir une communication et une s\u00e9curit\u00e9 avanc\u00e9es dans les maisons [&hellip;]<\/p>\n","protected":false},"featured_media":22254,"comment_status":"open","ping_status":"closed","template":"","meta":[],"product_brand":[1101],"product_cat":[613,239],"product_tag":[59,210],"class_list":{"0":"post-22258","1":"product","2":"type-product","3":"status-publish","4":"has-post-thumbnail","6":"product_brand-brandp_2287","7":"product_cat-bricolage-et-materiel","8":"product_cat-maison-jardin","9":"product_tag-tag_1304","10":"product_tag-tag_25","12":"first","13":"instock","14":"taxable","15":"shipping-taxable","16":"purchasable","17":"product-type-simple"},"_links":{"self":[{"href":"https:\/\/bigbuy.tupique.com\/pt\/wp-json\/wp\/v2\/product\/22258","targetHints":{"allow":["GET"]}}],"collection":[{"href":"https:\/\/bigbuy.tupique.com\/pt\/wp-json\/wp\/v2\/product"}],"about":[{"href":"https:\/\/bigbuy.tupique.com\/pt\/wp-json\/wp\/v2\/types\/product"}],"replies":[{"embeddable":true,"href":"https:\/\/bigbuy.tupique.com\/pt\/wp-json\/wp\/v2\/comments?post=22258"}],"wp:featuredmedia":[{"embeddable":true,"href":"https:\/\/bigbuy.tupique.com\/pt\/wp-json\/wp\/v2\/media\/22254"}],"wp:attachment":[{"href":"https:\/\/bigbuy.tupique.com\/pt\/wp-json\/wp\/v2\/media?parent=22258"}],"wp:term":[{"taxonomy":"product_brand","embeddable":true,"href":"https:\/\/bigbuy.tupique.com\/pt\/wp-json\/wp\/v2\/product_brand?post=22258"},{"taxonomy":"product_cat","embeddable":true,"href":"https:\/\/bigbuy.tupique.com\/pt\/wp-json\/wp\/v2\/product_cat?post=22258"},{"taxonomy":"product_tag","embeddable":true,"href":"https:\/\/bigbuy.tupique.com\/pt\/wp-json\/wp\/v2\/product_tag?post=22258"}],"curies":[{"name":"wp","href":"https:\/\/api.w.org\/{rel}","templated":true}]}}