{"id":22246,"date":"2026-03-29T18:43:08","date_gmt":"2026-03-29T17:43:08","guid":{"rendered":"https:\/\/bigbuy.tupique.com\/produto\/angle-grinder-metabo-ds-200-plus-600-w\/"},"modified":"2026-05-11T20:00:55","modified_gmt":"2026-05-11T18:00:55","slug":"angle-grinder-metabo-ds-200-plus-600-w","status":"publish","type":"product","link":"https:\/\/bigbuy.tupique.com\/pt\/produto\/angle-grinder-metabo-ds-200-plus-600-w\/","title":{"rendered":"Meuleuse d&#8217;angle Metabo DS 200 Plus 600 W"},"content":{"rendered":"<p>Si vous aimez prendre soin de chaque d\u00e9tail de votre maison et d&#8217;\u00eatre \u00e0 la derni\u00e8re mode en mati\u00e8re de produits qui vous rendront la vie plus facile, achetez <b>Meuleuse d&#8217;angle Metabo DS 200 Plus 600 W<\/b> au meilleur prix.<\/p>\n<p>La <b>meuleuse d\u2019angle DS 200 Plus<\/b> de <b>Metabo<\/b> est un outil polyvalent con\u00e7u pour les travaux exigeants d\u2019\u00e9barbage, pon\u00e7age et \u00e9bavurage avec un haut niveau de pr\u00e9cision et de durabilit\u00e9. Cette meuleuse est \u00e9quip\u00e9e d\u2019un <b>moteur de 600 W<\/b> offrant la puissance n\u00e9cessaire pour g\u00e9rer une grande vari\u00e9t\u00e9 d\u2019applications industrielles et d\u2019atelier, fonctionnant entre <b>220 et 240 V<\/b> avec une fr\u00e9quence de <b>50 \u00e0 60 Hz<\/b>. Fabriqu\u00e9e en <b>Allemagne<\/b>, elle se distingue par ses standards de qualit\u00e9 et sa robustesse caract\u00e9ristiques. L\u2019alimentation par <b>batterie<\/b> offre une utilisation plus flexible et confortable, permettant de travailler sans d\u00e9pendance aux c\u00e2bles, ce qui augmente mobilit\u00e9 et s\u00e9curit\u00e9. Elle int\u00e8gre un syst\u00e8me d\u2019\u00e9clairage par <b>LED<\/b> facilitant la visibilit\u00e9 dans les zones peu \u00e9clair\u00e9es, am\u00e9liorant la pr\u00e9cision des finitions et des coupes. De plus, elle comprend des accessoires tels que des protections anti-\u00e9tincelles et un support pour pi\u00e8ces, ajoutant s\u00e9curit\u00e9 et fonctionnalit\u00e9 \u00e0 l\u2019outil. Ce mod\u00e8le est sp\u00e9cialement con\u00e7u pour les travaux n\u00e9cessitant l\u2019usage de disques en corindon marron aux granulom\u00e9tries 36 P et 60 N, et est compatible avec des brosses m\u00e9talliques circulaires utilis\u00e9es pour \u00e9liminer la rouille et nettoyer les surfaces m\u00e9talliques. Sa prise de type <b>EU<\/b> le rend adapt\u00e9 aux march\u00e9s europ\u00e9ens, et son design ergonomique garantit une prise en main confortable sur de longues p\u00e9riodes. En r\u00e9sum\u00e9, la <b>DS 200 Plus<\/b> est une solution fiable et efficace pour les professionnels et amateurs recherchant une meuleuse d\u2019angle puissante, adaptable et de haute qualit\u00e9 pour divers travaux en m\u00e9tallurgie et ateliers m\u00e9caniques.<\/p>\n<ul>\n<li>Produit \u00e0 brancher: Oui<\/li>\n<li>Type de prise: Prise EU<\/li>\n<li>Bloc d\u2019Alimentation:\n<ul>\n<li>r\u00e9seau \u00e9lectrique<\/li>\n<li>Batterie<\/li>\n<\/ul>\n<\/li>\n<li>Caract\u00e9ristiques: Lumi\u00e8re LED<\/li>\n<li>puissance: 600 W<\/li>\n<li>Fr\u00e9quence: 50 &#8211; 60 Hz<\/li>\n<li>Tension: 220-240 V<\/li>\n<li>vitesse: 12000 rpm<\/li>\n<\/ul>","protected":false},"excerpt":{"rendered":"<p>Si vous aimez prendre soin de chaque d\u00e9tail de votre maison et d&#8217;\u00eatre \u00e0 la derni\u00e8re mode en mati\u00e8re de produits qui vous rendront la vie plus facile, achetez Meuleuse d&#8217;angle Metabo DS 200 Plus 600 W au meilleur prix. La meuleuse d\u2019angle DS 200 Plus de Metabo est un outil polyvalent con\u00e7u pour les [&hellip;]<\/p>\n","protected":false},"featured_media":22240,"comment_status":"open","ping_status":"closed","template":"","meta":[],"product_brand":[1003],"product_cat":[613,239],"product_tag":[59,210],"class_list":{"0":"post-22246","1":"product","2":"type-product","3":"status-publish","4":"has-post-thumbnail","6":"product_brand-brandp_6129","7":"product_cat-bricolage-et-materiel","8":"product_cat-maison-jardin","9":"product_tag-tag_1304","10":"product_tag-tag_25","12":"first","13":"instock","14":"taxable","15":"shipping-taxable","16":"purchasable","17":"product-type-simple"},"_links":{"self":[{"href":"https:\/\/bigbuy.tupique.com\/pt\/wp-json\/wp\/v2\/product\/22246","targetHints":{"allow":["GET"]}}],"collection":[{"href":"https:\/\/bigbuy.tupique.com\/pt\/wp-json\/wp\/v2\/product"}],"about":[{"href":"https:\/\/bigbuy.tupique.com\/pt\/wp-json\/wp\/v2\/types\/product"}],"replies":[{"embeddable":true,"href":"https:\/\/bigbuy.tupique.com\/pt\/wp-json\/wp\/v2\/comments?post=22246"}],"wp:featuredmedia":[{"embeddable":true,"href":"https:\/\/bigbuy.tupique.com\/pt\/wp-json\/wp\/v2\/media\/22240"}],"wp:attachment":[{"href":"https:\/\/bigbuy.tupique.com\/pt\/wp-json\/wp\/v2\/media?parent=22246"}],"wp:term":[{"taxonomy":"product_brand","embeddable":true,"href":"https:\/\/bigbuy.tupique.com\/pt\/wp-json\/wp\/v2\/product_brand?post=22246"},{"taxonomy":"product_cat","embeddable":true,"href":"https:\/\/bigbuy.tupique.com\/pt\/wp-json\/wp\/v2\/product_cat?post=22246"},{"taxonomy":"product_tag","embeddable":true,"href":"https:\/\/bigbuy.tupique.com\/pt\/wp-json\/wp\/v2\/product_tag?post=22246"}],"curies":[{"name":"wp","href":"https:\/\/api.w.org\/{rel}","templated":true}]}}