{"id":22239,"date":"2026-03-29T18:42:58","date_gmt":"2026-03-29T17:42:58","guid":{"rendered":"https:\/\/bigbuy.tupique.com\/produto\/laser-printer-brother-mfcl3740cdwere1\/"},"modified":"2026-04-15T02:55:50","modified_gmt":"2026-04-15T01:55:50","slug":"laser-printer-brother-mfcl3740cdwere1","status":"publish","type":"product","link":"https:\/\/bigbuy.tupique.com\/pt\/produto\/laser-printer-brother-mfcl3740cdwere1\/","title":{"rendered":"Imprimante laser Brother MFCL3740CDWERE1"},"content":{"rendered":"<p>Si vous \u00eates passionn\u00e9 d&#8217;<b>informatique et d&#8217;\u00e9lectronique<\/b>, si vous \u00eates \u00e0 la pointe de la technologie et qu&#8217;aucun d\u00e9tail ne vous \u00e9chappe, achetez <b>Imprimante laser Brother MFCL3740CDWERE1<\/b> au meilleur prix.<\/p>\n<p>La <b>Brother MFCL3740CDWRE1<\/b> est une <b>imprimante multifonction<\/b> avanc\u00e9e con\u00e7ue pour r\u00e9pondre aux besoins des bureaux modernes et des environnements professionnels recherchant fiabilit\u00e9 et polyvalence dans un seul appareil. Ce mod\u00e8le associe la <b>technologie d\u2019impression laser et LED<\/b> pour offrir des r\u00e9sultats couleur pr\u00e9cis et de haute qualit\u00e9, avec une <b>vitesse d\u2019impression allant jusqu\u2019\u00e0 18 pages par minute<\/b>, id\u00e9ale pour les flux de travail exigeants. Elle dispose d\u2019un <b>\u00e9cran couleur int\u00e9gr\u00e9<\/b> qui facilite la navigation et la configuration des fonctions directement depuis le panneau, simplifiant la gestion des t\u00e2ches d\u2019impression, de copie, de num\u00e9risation et de fax. Gr\u00e2ce \u00e0 l\u2019<b>impression recto verso automatique<\/b>, la Brother MFCL3740CDWRE1 optimise l\u2019utilisation du papier et favorise des processus plus durables, tandis que son <b>bac d\u2019alimentation de 250 feuilles<\/b> et son chargeur automatique de documents de 50 feuilles augmentent la productivit\u00e9 en r\u00e9duisant la fr\u00e9quence de rechargement et en facilitant les travaux multipages. Ce mod\u00e8le prend en charge plusieurs options de connectivit\u00e9, telles que <b>USB et r\u00e9seaux sans fil WiFi<\/b>, s\u2019adaptant aussi bien aux environnements domestiques que professionnels, et offre la compatibilit\u00e9 avec les services d\u2019impression mobile et cloud pour g\u00e9rer les documents \u00e0 distance efficacement. Parmi ses fonctions avanc\u00e9es figurent un syst\u00e8me de s\u00e9curit\u00e9 robuste et l\u2019int\u00e9gration de consommables sp\u00e9cifiques assurant un entretien facile et des r\u00e9sultats optimaux sur le long terme. Disponible en blanc et fabriqu\u00e9e selon des normes de qualit\u00e9 reconnues, cette imprimante multifonction Brother constitue une solution compl\u00e8te pour ceux qui privil\u00e9gient efficacit\u00e9, connectivit\u00e9 et fiabilit\u00e9 dans la gestion quotidienne des documents.<\/p>\n<ul>\n<li>Type:\n<ul>\n<li>Couleur<\/li>\n<li>Imprimante laser<\/li>\n<li>Imprimante Multifonction<\/li>\n<\/ul>\n<\/li>\n<li>Fr\u00e9quence: 50-60 Hz<\/li>\n<li>Largeur:\n<ul>\n<li>410 mm<\/li>\n<li>41 cm<\/li>\n<\/ul>\n<\/li>\n<li>Tension: 220-240 V<\/li>\n<li>Connexions:\n<ul>\n<li>Ethernet LAN<\/li>\n<li>USB<\/li>\n<\/ul>\n<\/li>\n<li>Capacit\u00e9: 250 Volets<\/li>\n<li>Caract\u00e9ristiques:\n<ul>\n<li>\u00c9cran integr\u00e9<\/li>\n<li>\u00c9cran couleur<\/li>\n<li>Impression recto verso<\/li>\n<li>Commande tactile<\/li>\n<\/ul>\n<\/li>\n<li>M\u00e9moire interne: 512 MB<\/li>\n<li>R\u00e9solution d&#8217;image maximale:\n<ul>\n<li>1200 x 1200 dpi<\/li>\n<li>600 x 600 dpi<\/li>\n<li>2400 x 600 dpi<\/li>\n<\/ul>\n<\/li>\n<li>Technologie:\n<ul>\n<li>Laser<\/li>\n<li>LED<\/li>\n<\/ul>\n<\/li>\n<li>Produit \u00e0 brancher: Oui<\/li>\n<li>Type de prise: Prise EU<\/li>\n<li>Bloc d\u2019Alimentation: r\u00e9seau \u00e9lectrique<\/li>\n<li>Couleur:\n<ul>\n<li>Blanc<\/li>\n<li>Noir<\/li>\n<\/ul>\n<\/li>\n<li>Connectivit\u00e9:\n<ul>\n<li>Wi-Fi<\/li>\n<li>Ethernet LAN<\/li>\n<li>Wi-Fi 4 (802.11n)<\/li>\n<\/ul>\n<\/li>\n<li>Langue: Anglais<\/li>\n<li>vitesse:\n<ul>\n<li>18 ppm<\/li>\n<li>10\/100\/1000 Mbps<\/li>\n<\/ul>\n<\/li>\n<li>Impression couleur: Oui<\/li>\n<li>Scanner: 1200 x 1200 dpi<\/li>\n<li>Papier:\n<ul>\n<li>A4<\/li>\n<li>B5<\/li>\n<\/ul>\n<\/li>\n<li>Impression recto verso: Automatique<\/li>\n<li>Plateau: 1<\/li>\n<li>Utilisation recommand\u00e9e: Maison<\/li>\n<li>Fonctions: Imprimer<\/li>\n<li>M\u00e9t\u00e9o: 15 s<\/li>\n<\/ul>","protected":false},"excerpt":{"rendered":"<p>Si vous \u00eates passionn\u00e9 d&#8217;informatique et d&#8217;\u00e9lectronique, si vous \u00eates \u00e0 la pointe de la technologie et qu&#8217;aucun d\u00e9tail ne vous \u00e9chappe, achetez Imprimante laser Brother MFCL3740CDWERE1 au meilleur prix. La Brother MFCL3740CDWRE1 est une imprimante multifonction avanc\u00e9e con\u00e7ue pour r\u00e9pondre aux besoins des bureaux modernes et des environnements professionnels recherchant fiabilit\u00e9 et polyvalence dans [&hellip;]<\/p>\n","protected":false},"featured_media":22237,"comment_status":"open","ping_status":"closed","template":"","meta":[],"product_brand":[669],"product_cat":[592,65,581],"product_tag":[213,106],"class_list":{"0":"post-22239","1":"product","2":"type-product","3":"status-publish","4":"has-post-thumbnail","6":"product_brand-brandp_538","7":"product_cat-imprimantes","8":"product_cat-informatique-electronique","9":"product_cat-informatique-peripheriques-et-consommables","10":"product_tag-tag_933","11":"product_tag-tag_1295","13":"first","14":"instock","15":"taxable","16":"shipping-taxable","17":"purchasable","18":"product-type-simple"},"_links":{"self":[{"href":"https:\/\/bigbuy.tupique.com\/pt\/wp-json\/wp\/v2\/product\/22239","targetHints":{"allow":["GET"]}}],"collection":[{"href":"https:\/\/bigbuy.tupique.com\/pt\/wp-json\/wp\/v2\/product"}],"about":[{"href":"https:\/\/bigbuy.tupique.com\/pt\/wp-json\/wp\/v2\/types\/product"}],"replies":[{"embeddable":true,"href":"https:\/\/bigbuy.tupique.com\/pt\/wp-json\/wp\/v2\/comments?post=22239"}],"wp:featuredmedia":[{"embeddable":true,"href":"https:\/\/bigbuy.tupique.com\/pt\/wp-json\/wp\/v2\/media\/22237"}],"wp:attachment":[{"href":"https:\/\/bigbuy.tupique.com\/pt\/wp-json\/wp\/v2\/media?parent=22239"}],"wp:term":[{"taxonomy":"product_brand","embeddable":true,"href":"https:\/\/bigbuy.tupique.com\/pt\/wp-json\/wp\/v2\/product_brand?post=22239"},{"taxonomy":"product_cat","embeddable":true,"href":"https:\/\/bigbuy.tupique.com\/pt\/wp-json\/wp\/v2\/product_cat?post=22239"},{"taxonomy":"product_tag","embeddable":true,"href":"https:\/\/bigbuy.tupique.com\/pt\/wp-json\/wp\/v2\/product_tag?post=22239"}],"curies":[{"name":"wp","href":"https:\/\/api.w.org\/{rel}","templated":true}]}}