{"id":22224,"date":"2026-03-29T18:42:41","date_gmt":"2026-03-29T17:42:41","guid":{"rendered":"https:\/\/bigbuy.tupique.com\/produto\/knee-pad-philips-32m2n6800m-00\/"},"modified":"2026-04-15T16:52:46","modified_gmt":"2026-04-15T15:52:46","slug":"knee-pad-philips-32m2n6800m-00","status":"publish","type":"product","link":"https:\/\/bigbuy.tupique.com\/pt\/produto\/knee-pad-philips-32m2n6800m-00\/","title":{"rendered":"Genouill\u00e8re Philips 32M2N6800M\/00"},"content":{"rendered":"<p>Si vous vous pr\u00e9occupez de votre sant\u00e9 et que vous cherchez des produits qui vous offriraient <b>genouill\u00e8res<\/b>, achetez <b>Genouill\u00e8re Philips 32M2N6800M\/00<\/b> et d&#8217;autres <b>produits Philips<\/b> au meilleur prix.<\/p>\n<ul>\n<li>Type: Genouill\u00e8re<\/li>\n<li>Couleur: Noir<\/li>\n<li>Caract\u00e9ristiques: Plaque Tournante<\/li>\n<\/ul>","protected":false},"excerpt":{"rendered":"<p>Si vous vous pr\u00e9occupez de votre sant\u00e9 et que vous cherchez des produits qui vous offriraient genouill\u00e8res, achetez Genouill\u00e8re Philips 32M2N6800M\/00 et d&#8217;autres produits Philips au meilleur prix. Type: Genouill\u00e8re Couleur: Noir Caract\u00e9ristiques: Plaque Tournante<\/p>","protected":false},"featured_media":22213,"comment_status":"open","ping_status":"closed","template":"","meta":[],"product_brand":[315],"product_cat":[776,752,1062],"product_tag":[213,106],"class_list":{"0":"post-22224","1":"product","2":"type-product","3":"status-publish","4":"has-post-thumbnail","6":"product_brand-brandp_571","7":"product_cat-detente-et-bien-etre","8":"product_cat-sante-beaute","9":"product_cat-trousse-de-secours","10":"product_tag-tag_933","11":"product_tag-tag_1295","13":"first","14":"instock","15":"taxable","16":"shipping-taxable","17":"purchasable","18":"product-type-simple"},"_links":{"self":[{"href":"https:\/\/bigbuy.tupique.com\/pt\/wp-json\/wp\/v2\/product\/22224","targetHints":{"allow":["GET"]}}],"collection":[{"href":"https:\/\/bigbuy.tupique.com\/pt\/wp-json\/wp\/v2\/product"}],"about":[{"href":"https:\/\/bigbuy.tupique.com\/pt\/wp-json\/wp\/v2\/types\/product"}],"replies":[{"embeddable":true,"href":"https:\/\/bigbuy.tupique.com\/pt\/wp-json\/wp\/v2\/comments?post=22224"}],"wp:featuredmedia":[{"embeddable":true,"href":"https:\/\/bigbuy.tupique.com\/pt\/wp-json\/wp\/v2\/media\/22213"}],"wp:attachment":[{"href":"https:\/\/bigbuy.tupique.com\/pt\/wp-json\/wp\/v2\/media?parent=22224"}],"wp:term":[{"taxonomy":"product_brand","embeddable":true,"href":"https:\/\/bigbuy.tupique.com\/pt\/wp-json\/wp\/v2\/product_brand?post=22224"},{"taxonomy":"product_cat","embeddable":true,"href":"https:\/\/bigbuy.tupique.com\/pt\/wp-json\/wp\/v2\/product_cat?post=22224"},{"taxonomy":"product_tag","embeddable":true,"href":"https:\/\/bigbuy.tupique.com\/pt\/wp-json\/wp\/v2\/product_tag?post=22224"}],"curies":[{"name":"wp","href":"https:\/\/api.w.org\/{rel}","templated":true}]}}