{"id":22142,"date":"2026-03-29T18:30:17","date_gmt":"2026-03-29T17:30:17","guid":{"rendered":"https:\/\/bigbuy.tupique.com\/produto\/perforating-hammer-bosch-gbh-18v-26-f-60-w\/"},"modified":"2026-04-16T16:32:29","modified_gmt":"2026-04-16T15:32:29","slug":"perforating-hammer-bosch-gbh-18v-26-f-60-w","status":"publish","type":"product","link":"https:\/\/bigbuy.tupique.com\/pt\/produto\/perforating-hammer-bosch-gbh-18v-26-f-60-w\/","title":{"rendered":"Marteau perforateur BOSCH GBH 18V-26 F 60 W"},"content":{"rendered":"<p>Si vous aimez prendre soin de chaque d\u00e9tail de votre maison et d&#8217;\u00eatre \u00e0 la derni\u00e8re mode en mati\u00e8re de produits qui vous rendront la vie plus facile, achetez <b>Marteau perforateur BOSCH GBH 18V-26 F 60 W<\/b> au meilleur prix.<\/p>\n<p>Le <b>BOSCH GBH 18V-26 F<\/b> est un <b>marteau perforateur<\/b> professionnel con\u00e7u pour les travaux exigeants en construction et r\u00e9novation n\u00e9cessitant mobilit\u00e9 et autonomie. Ce mod\u00e8le se distingue par son puissant <b>moteur sans balais<\/b>, offrant plus d\u2019efficacit\u00e9, moins d\u2019entretien et une meilleure durabilit\u00e9 compar\u00e9 aux moteurs traditionnels. Il fonctionne avec une <b>tension de 18 V<\/b>, aliment\u00e9e par des <b>batteries rechargeables ProCore de 5,5 Ah<\/b>, permettant un travail sans fil avec une autonomie adapt\u00e9e aux t\u00e2ches prolong\u00e9es. Il int\u00e8gre le syst\u00e8me SDS Plus qui facilite le changement rapide des m\u00e8ches et optimise la transmission de force pour percer b\u00e9ton, ma\u00e7onnerie et mat\u00e9riaux durs avec plus d\u2019efficacit\u00e9. De plus, il comprend une <b>double poign\u00e9e<\/b> assurant une prise ferme et confortable, augmentant contr\u00f4le et pr\u00e9cision durant l\u2019utilisation. La <b>lumi\u00e8re LED int\u00e9gr\u00e9e<\/b> am\u00e9liore la visibilit\u00e9 dans les zones peu \u00e9clair\u00e9es, garantissant s\u00e9curit\u00e9 et pr\u00e9cision. Livr\u00e9 avec deux batteries, un chargeur et une mallette L-Boxx r\u00e9sistante pour faciliter transport et protection. Son alimentation par batterie rechargeable, combin\u00e9e aux caract\u00e9ristiques cit\u00e9es, fait du GBH 18V-26 F un outil polyvalent pour les professionnels qui exigent mobilit\u00e9 sans sacrifier puissance et fiabilit\u00e9 propres \u00e0 BOSCH. Ce perforateur convient \u00e0 ceux qui recherchent un \u00e9quipement robuste et efficace pour percer et fixer avec haute performance.<\/p>\n<ul>\n<li>Produit \u00e0 brancher: Oui<\/li>\n<li>Type de prise: Prise EU<\/li>\n<li>Bloc d\u2019Alimentation:\n<ul>\n<li>r\u00e9seau \u00e9lectrique<\/li>\n<li>Batterie<\/li>\n<li>Batterie rechargeable<\/li>\n<\/ul>\n<\/li>\n<li>Caract\u00e9ristiques:\n<ul>\n<li>Lumi\u00e8re LED<\/li>\n<li>Double poign\u00e9e<\/li>\n<\/ul>\n<\/li>\n<li>Tension: 18 V<\/li>\n<li>Moteur: Sans brosse<\/li>\n<li>Inclut:\n<ul>\n<li>Batterie<\/li>\n<li>Batterie au lithium rechargeable<\/li>\n<li>Chargeur de batterie<\/li>\n<li>Housse de transport<\/li>\n<li>Batterie au lithium rechargeable x 2<\/li>\n<\/ul>\n<\/li>\n<li>Piles incluses: Oui<\/li>\n<li>puissance: 60 W<\/li>\n<li>Type de batterie: Litio Ion<\/li>\n<li>Type d&#8217;ancrage: SDS Plus<\/li>\n<\/ul>","protected":false},"excerpt":{"rendered":"<p>Si vous aimez prendre soin de chaque d\u00e9tail de votre maison et d&#8217;\u00eatre \u00e0 la derni\u00e8re mode en mati\u00e8re de produits qui vous rendront la vie plus facile, achetez Marteau perforateur BOSCH GBH 18V-26 F 60 W au meilleur prix. Le BOSCH GBH 18V-26 F est un marteau perforateur professionnel con\u00e7u pour les travaux exigeants [&hellip;]<\/p>\n","protected":false},"featured_media":53985,"comment_status":"open","ping_status":"closed","template":"","meta":[],"product_brand":[162],"product_cat":[613,239],"product_tag":[59,210],"class_list":{"0":"post-22142","1":"product","2":"type-product","3":"status-publish","4":"has-post-thumbnail","6":"product_brand-brandp_959","7":"product_cat-bricolage-et-materiel","8":"product_cat-maison-jardin","9":"product_tag-tag_1304","10":"product_tag-tag_25","12":"first","13":"instock","14":"taxable","15":"shipping-taxable","16":"purchasable","17":"product-type-simple"},"_links":{"self":[{"href":"https:\/\/bigbuy.tupique.com\/pt\/wp-json\/wp\/v2\/product\/22142","targetHints":{"allow":["GET"]}}],"collection":[{"href":"https:\/\/bigbuy.tupique.com\/pt\/wp-json\/wp\/v2\/product"}],"about":[{"href":"https:\/\/bigbuy.tupique.com\/pt\/wp-json\/wp\/v2\/types\/product"}],"replies":[{"embeddable":true,"href":"https:\/\/bigbuy.tupique.com\/pt\/wp-json\/wp\/v2\/comments?post=22142"}],"wp:featuredmedia":[{"embeddable":true,"href":"https:\/\/bigbuy.tupique.com\/pt\/wp-json\/wp\/v2\/media\/53985"}],"wp:attachment":[{"href":"https:\/\/bigbuy.tupique.com\/pt\/wp-json\/wp\/v2\/media?parent=22142"}],"wp:term":[{"taxonomy":"product_brand","embeddable":true,"href":"https:\/\/bigbuy.tupique.com\/pt\/wp-json\/wp\/v2\/product_brand?post=22142"},{"taxonomy":"product_cat","embeddable":true,"href":"https:\/\/bigbuy.tupique.com\/pt\/wp-json\/wp\/v2\/product_cat?post=22142"},{"taxonomy":"product_tag","embeddable":true,"href":"https:\/\/bigbuy.tupique.com\/pt\/wp-json\/wp\/v2\/product_tag?post=22142"}],"curies":[{"name":"wp","href":"https:\/\/api.w.org\/{rel}","templated":true}]}}