{"id":22087,"date":"2026-03-29T18:28:52","date_gmt":"2026-03-29T17:28:52","guid":{"rendered":"https:\/\/bigbuy.tupique.com\/produto\/monitor-samsung-ls27d800uauxen-4k-ultra-hd-27-60-hz\/"},"modified":"2026-05-11T19:59:50","modified_gmt":"2026-05-11T17:59:50","slug":"monitor-samsung-ls27d800uauxen-4k-ultra-hd-27-60-hz","status":"publish","type":"product","link":"https:\/\/bigbuy.tupique.com\/pt\/produto\/monitor-samsung-ls27d800uauxen-4k-ultra-hd-27-60-hz\/","title":{"rendered":"\u00c9cran Samsung LS27D800UAUXEN 4K Ultra HD 27&#8243; 60 Hz"},"content":{"rendered":"<p>Si vous \u00eates passionn\u00e9 d&#8217;<b>informatique et d&#8217;\u00e9lectronique<\/b>, si vous \u00eates \u00e0 la pointe de la technologie et qu&#8217;aucun d\u00e9tail ne vous \u00e9chappe, achetez <b>\u00c9cran Samsung LS27D800UAUXEN 4K Ultra HD 27&#8243; 60 Hz<\/b> au meilleur prix.<\/p>\n<ul>\n<li>Couleur: Noir<\/li>\n<li>Temps de r\u00e9ponse: 5 ms<\/li>\n<li>VESA: 10 x 10 cm<\/li>\n<li>Tension:\n<ul>\n<li>100-240 V<\/li>\n<li>100 &#8211; 240 V<\/li>\n<\/ul>\n<\/li>\n<li>Ecran: 27&#8243;<\/li>\n<li>Classification \u00e9nerg\u00e9tique:\n<ul>\n<li>G<\/li>\n<li>F<\/li>\n<\/ul>\n<\/li>\n<li>R\u00e9solution: 4K Ultra HD<\/li>\n<li>Connexions:\n<ul>\n<li>HDMI<\/li>\n<li>DisplayPort<\/li>\n<li>HDMI 2.0<\/li>\n<li>Ethernet LAN<\/li>\n<li>USB<\/li>\n<li>USB-C<\/li>\n<li>HDCP<\/li>\n<li>DisplayPort 1.2<\/li>\n<\/ul>\n<\/li>\n<li>Caract\u00e9ristiques:\n<ul>\n<li>Plaque Tournante<\/li>\n<li>R\u00e9glable<\/li>\n<li>HDR<\/li>\n<li>Inclinaison r\u00e9glable<\/li>\n<li>\u00c9cran plat<\/li>\n<\/ul>\n<\/li>\n<li>R\u00e9solution (px): 3840 x 2160 px<\/li>\n<li>Technologie:\n<ul>\n<li>LED<\/li>\n<li>IPS<\/li>\n<li>HDR10<\/li>\n<li>Flicker free<\/li>\n<\/ul>\n<\/li>\n<li>Fr\u00e9quence: 60 Hz<\/li>\n<li>Type: Axe<\/li>\n<li>Rapport d&#8217;aspect: 16:9<\/li>\n<li>Rapport de contraste: 1000:1<\/li>\n<li>consommation d&#8217;\u00e9nergie:\n<ul>\n<li>41 kWh<\/li>\n<li>25 kWh<\/li>\n<\/ul>\n<\/li>\n<li>Brille: 350 lm ANSI<\/li>\n<li>Ecran tactile: Non<\/li>\n<li>Inclut: Sortie d&#8217;\u00e9couteurs<\/li>\n<li>Angle: 178\u00ba<\/li>\n<li>Bloc d\u2019Alimentation: Courant alternatif<\/li>\n<li>Montage: VESA<\/li>\n<li>Utilisation recommand\u00e9e: Design graphique<\/li>\n<li>Couverture: 99% sRGB<\/li>\n<li>Diagonale de l&#8217;\u00e9cran (cm): 68,6 cm<\/li>\n<\/ul>","protected":false},"excerpt":{"rendered":"<p>Si vous \u00eates passionn\u00e9 d&#8217;informatique et d&#8217;\u00e9lectronique, si vous \u00eates \u00e0 la pointe de la technologie et qu&#8217;aucun d\u00e9tail ne vous \u00e9chappe, achetez \u00c9cran Samsung LS27D800UAUXEN 4K Ultra HD 27&#8243; 60 Hz au meilleur prix. Couleur: Noir Temps de r\u00e9ponse: 5 ms VESA: 10 x 10 cm Tension: 100-240 V 100 &#8211; 240 V Ecran: [&hellip;]<\/p>\n","protected":false},"featured_media":22078,"comment_status":"open","ping_status":"closed","template":"","meta":[],"product_brand":[183],"product_cat":[65,581,616],"product_tag":[213,106],"class_list":{"0":"post-22087","1":"product","2":"type-product","3":"status-publish","4":"has-post-thumbnail","6":"product_brand-brandp_576","7":"product_cat-informatique-electronique","8":"product_cat-informatique-peripheriques-et-consommables","9":"product_cat-moniteurs","10":"product_tag-tag_933","11":"product_tag-tag_1295","13":"first","14":"instock","15":"taxable","16":"shipping-taxable","17":"purchasable","18":"product-type-simple"},"_links":{"self":[{"href":"https:\/\/bigbuy.tupique.com\/pt\/wp-json\/wp\/v2\/product\/22087","targetHints":{"allow":["GET"]}}],"collection":[{"href":"https:\/\/bigbuy.tupique.com\/pt\/wp-json\/wp\/v2\/product"}],"about":[{"href":"https:\/\/bigbuy.tupique.com\/pt\/wp-json\/wp\/v2\/types\/product"}],"replies":[{"embeddable":true,"href":"https:\/\/bigbuy.tupique.com\/pt\/wp-json\/wp\/v2\/comments?post=22087"}],"wp:featuredmedia":[{"embeddable":true,"href":"https:\/\/bigbuy.tupique.com\/pt\/wp-json\/wp\/v2\/media\/22078"}],"wp:attachment":[{"href":"https:\/\/bigbuy.tupique.com\/pt\/wp-json\/wp\/v2\/media?parent=22087"}],"wp:term":[{"taxonomy":"product_brand","embeddable":true,"href":"https:\/\/bigbuy.tupique.com\/pt\/wp-json\/wp\/v2\/product_brand?post=22087"},{"taxonomy":"product_cat","embeddable":true,"href":"https:\/\/bigbuy.tupique.com\/pt\/wp-json\/wp\/v2\/product_cat?post=22087"},{"taxonomy":"product_tag","embeddable":true,"href":"https:\/\/bigbuy.tupique.com\/pt\/wp-json\/wp\/v2\/product_tag?post=22087"}],"curies":[{"name":"wp","href":"https:\/\/api.w.org\/{rel}","templated":true}]}}