{"id":21992,"date":"2026-03-29T18:26:28","date_gmt":"2026-03-29T17:26:28","guid":{"rendered":"https:\/\/bigbuy.tupique.com\/produto\/superautomatic-coffee-maker-delonghi\/"},"modified":"2026-04-16T17:11:13","modified_gmt":"2026-04-16T16:11:13","slug":"superautomatic-coffee-maker-delonghi","status":"publish","type":"product","link":"https:\/\/bigbuy.tupique.com\/pt\/produto\/superautomatic-coffee-maker-delonghi\/","title":{"rendered":"Cafeti\u00e8re superautomatique DeLonghi"},"content":{"rendered":"<p>Si vous recherchez des \u00e9lectrom\u00e9nagers pour votre maison aux meilleurs prix, ne manquez pas <b>Cafeti\u00e8re superautomatique DeLonghi<\/b> et une large s\u00e9lection de petits \u00e9lectrom\u00e9nagers de qualit\u00e9 !<\/p>\n<p>La <b>cafeti\u00e8re super-automatique<\/b> DeLonghi, avec une \u00e9l\u00e9gante finition <b>blanche<\/b>, est con\u00e7ue pour ceux qui recherchent confort et pr\u00e9cision dans la pr\u00e9paration du caf\u00e9, int\u00e9grant une technologie qui automatise toutes les \u00e9tapes du processus pour garantir des r\u00e9sultats constants \u00e0 chaque extraction. Son puissant syst\u00e8me de <b>15 bars de pression<\/b> assure une extraction optimale des ar\u00f4mes et saveurs, permettant de savourer un espresso cr\u00e9meux et de qualit\u00e9 professionnelle \u00e0 la maison. Avec une <b>puissance de 1450 W<\/b>, cette machine garantit un chauffage rapide et efficace, facilitant la pr\u00e9paration rapide de plusieurs tasses cons\u00e9cutives sans compromettre la temp\u00e9rature ni la qualit\u00e9 de la boisson. De plus, en tant que <b>cafeti\u00e8re super-automatique<\/b>, la mouture, le dosage, le tassage et l\u2019infusion du caf\u00e9 sont g\u00e9r\u00e9s automatiquement, assurant toujours confort et go\u00fbt parfait d\u2019une simple pression sur un bouton. Gr\u00e2ce \u00e0 son design fonctionnel et compact, elle s\u2019int\u00e8gre facilement dans toute cuisine moderne, s\u2019adaptant aussi bien aux routines matinales qu\u2019aux occasions sp\u00e9ciales o\u00f9 l\u2019on souhaite un caf\u00e9 de haute qualit\u00e9 sans complication. Ce mod\u00e8le illustre l\u2019engagement de DeLonghi pour la fiabilit\u00e9 et l\u2019innovation dans la cat\u00e9gorie des machines \u00e0 caf\u00e9 automatiques, se positionnant comme une option pratique pour ceux qui appr\u00e9cient un bon caf\u00e9 avec facilit\u00e9 d\u2019utilisation et performances avanc\u00e9es.<\/p>\n<ul>\n<li>Type: Cafeti\u00e8re superautomatique<\/li>\n<li>Produit \u00e0 brancher: Oui<\/li>\n<li>Bloc d\u2019Alimentation: r\u00e9seau \u00e9lectrique<\/li>\n<li>Couleur: Blanc<\/li>\n<li>puissance: 1450 W<\/li>\n<li>Pression: 15 bar<\/li>\n<\/ul>","protected":false},"excerpt":{"rendered":"<p>Si vous recherchez des \u00e9lectrom\u00e9nagers pour votre maison aux meilleurs prix, ne manquez pas Cafeti\u00e8re superautomatique DeLonghi et une large s\u00e9lection de petits \u00e9lectrom\u00e9nagers de qualit\u00e9 ! La cafeti\u00e8re super-automatique DeLonghi, avec une \u00e9l\u00e9gante finition blanche, est con\u00e7ue pour ceux qui recherchent confort et pr\u00e9cision dans la pr\u00e9paration du caf\u00e9, int\u00e9grant une technologie qui automatise [&hellip;]<\/p>\n","protected":false},"featured_media":21990,"comment_status":"open","ping_status":"closed","template":"","meta":[],"product_brand":[299],"product_cat":[725,60,77],"product_tag":[59,56],"class_list":{"0":"post-21992","1":"product","2":"type-product","3":"status-publish","4":"has-post-thumbnail","6":"product_brand-brandp_5487","7":"product_cat-cafetieres","8":"product_cat-cuisine-gourmet","9":"product_cat-petit-electromenager","10":"product_tag-tag_1304","11":"product_tag-tag_930","13":"first","14":"instock","15":"taxable","16":"shipping-taxable","17":"purchasable","18":"product-type-simple"},"_links":{"self":[{"href":"https:\/\/bigbuy.tupique.com\/pt\/wp-json\/wp\/v2\/product\/21992","targetHints":{"allow":["GET"]}}],"collection":[{"href":"https:\/\/bigbuy.tupique.com\/pt\/wp-json\/wp\/v2\/product"}],"about":[{"href":"https:\/\/bigbuy.tupique.com\/pt\/wp-json\/wp\/v2\/types\/product"}],"replies":[{"embeddable":true,"href":"https:\/\/bigbuy.tupique.com\/pt\/wp-json\/wp\/v2\/comments?post=21992"}],"wp:featuredmedia":[{"embeddable":true,"href":"https:\/\/bigbuy.tupique.com\/pt\/wp-json\/wp\/v2\/media\/21990"}],"wp:attachment":[{"href":"https:\/\/bigbuy.tupique.com\/pt\/wp-json\/wp\/v2\/media?parent=21992"}],"wp:term":[{"taxonomy":"product_brand","embeddable":true,"href":"https:\/\/bigbuy.tupique.com\/pt\/wp-json\/wp\/v2\/product_brand?post=21992"},{"taxonomy":"product_cat","embeddable":true,"href":"https:\/\/bigbuy.tupique.com\/pt\/wp-json\/wp\/v2\/product_cat?post=21992"},{"taxonomy":"product_tag","embeddable":true,"href":"https:\/\/bigbuy.tupique.com\/pt\/wp-json\/wp\/v2\/product_tag?post=21992"}],"curies":[{"name":"wp","href":"https:\/\/api.w.org\/{rel}","templated":true}]}}