{"id":21987,"date":"2026-03-29T18:26:23","date_gmt":"2026-03-29T17:26:23","guid":{"rendered":"https:\/\/bigbuy.tupique.com\/produto\/replacement-head-zebra-p1058930-012\/"},"modified":"2026-04-15T14:29:24","modified_gmt":"2026-04-15T13:29:24","slug":"replacement-head-zebra-p1058930-012","status":"publish","type":"product","link":"https:\/\/bigbuy.tupique.com\/pt\/produto\/replacement-head-zebra-p1058930-012\/","title":{"rendered":"T\u00eate de rechange Zebra P1058930-012"},"content":{"rendered":"<p>Si vous \u00eates passionn\u00e9 d&#8217;<b>informatique et d&#8217;\u00e9lectronique<\/b>, si vous \u00eates \u00e0 la pointe de la technologie et qu&#8217;aucun d\u00e9tail ne vous \u00e9chappe, achetez <b>T\u00eate de rechange Zebra P1058930-012<\/b> au meilleur prix.<\/p>\n<p>La <b>t\u00eate d\u2019impression de rechange Zebra P1058930-012<\/b> est un composant essentiel con\u00e7u pour garantir des performances optimales en impression thermique professionnelle, sp\u00e9cialement compatible avec l\u2019imprimante industrielle Zebra ZT420. Cette t\u00eate utilise la technologie de <b>transfert thermique<\/b>, alliant pr\u00e9cision et durabilit\u00e9 pour l\u2019impression d\u2019\u00e9tiquettes et de codes-barres, id\u00e9ale pour les environnements industriels ou logistiques o\u00f9 fiabilit\u00e9 et qualit\u00e9 sont indispensables. Con\u00e7ue pour fonctionner avec du <b>ruban thermique<\/b>, son design assure une excellente transmission de la chaleur pour des impressions nettes et r\u00e9sistantes \u00e0 l\u2019usure. De plus, elle est pr\u00e9vue pour des imprimantes multifonctions, ce qui en fait une solution polyvalente capable de s\u2019adapter \u00e0 divers besoins d\u2019impression sur un seul appareil. Elle inclut une <b>prise EU<\/b>, garantissant sa compatibilit\u00e9 avec les normes \u00e9lectriques europ\u00e9ennes et facilitant son installation sans adaptateurs suppl\u00e9mentaires. La qualit\u00e9 et la pr\u00e9cision de cette t\u00eate de rechange permettent de prolonger la dur\u00e9e de vie de l\u2019\u00e9quipement et d\u2019assurer une constance dans l\u2019impression au fil du temps, \u00e9vitant ainsi les interruptions dans les processus de production et d\u2019\u00e9tiquetage. En r\u00e9sum\u00e9, la Zebra P1058930-012 repr\u00e9sente une pi\u00e8ce de rechange fiable et efficace, optimis\u00e9e pour les syst\u00e8mes d\u2019impression thermique industriels n\u00e9cessitant un composant durable et performant.<\/p>\n<ul>\n<li>Produit \u00e0 brancher: Oui<\/li>\n<li>Type de prise: Prise EU<\/li>\n<li>Type:\n<ul>\n<li>Imprimante Multifonction<\/li>\n<li>T\u00eate de rechange<\/li>\n<li>Bande thermique<\/li>\n<\/ul>\n<\/li>\n<li>Bloc d\u2019Alimentation: r\u00e9seau \u00e9lectrique<\/li>\n<li>Technologie: Thermique<\/li>\n<li>Couleur: Noir<\/li>\n<li>Connexions: USB<\/li>\n<li>Impression couleur: Non<\/li>\n<\/ul>","protected":false},"excerpt":{"rendered":"<p>Si vous \u00eates passionn\u00e9 d&#8217;informatique et d&#8217;\u00e9lectronique, si vous \u00eates \u00e0 la pointe de la technologie et qu&#8217;aucun d\u00e9tail ne vous \u00e9chappe, achetez T\u00eate de rechange Zebra P1058930-012 au meilleur prix. La t\u00eate d\u2019impression de rechange Zebra P1058930-012 est un composant essentiel con\u00e7u pour garantir des performances optimales en impression thermique professionnelle, sp\u00e9cialement compatible avec [&hellip;]<\/p>\n","protected":false},"featured_media":21986,"comment_status":"open","ping_status":"closed","template":"","meta":[],"product_brand":[812],"product_cat":[592,65,581],"product_tag":[213,106],"class_list":{"0":"post-21987","1":"product","2":"type-product","3":"status-publish","4":"has-post-thumbnail","6":"product_brand-brandp_590","7":"product_cat-imprimantes","8":"product_cat-informatique-electronique","9":"product_cat-informatique-peripheriques-et-consommables","10":"product_tag-tag_933","11":"product_tag-tag_1295","13":"first","14":"instock","15":"taxable","16":"shipping-taxable","17":"purchasable","18":"product-type-simple"},"_links":{"self":[{"href":"https:\/\/bigbuy.tupique.com\/pt\/wp-json\/wp\/v2\/product\/21987","targetHints":{"allow":["GET"]}}],"collection":[{"href":"https:\/\/bigbuy.tupique.com\/pt\/wp-json\/wp\/v2\/product"}],"about":[{"href":"https:\/\/bigbuy.tupique.com\/pt\/wp-json\/wp\/v2\/types\/product"}],"replies":[{"embeddable":true,"href":"https:\/\/bigbuy.tupique.com\/pt\/wp-json\/wp\/v2\/comments?post=21987"}],"wp:featuredmedia":[{"embeddable":true,"href":"https:\/\/bigbuy.tupique.com\/pt\/wp-json\/wp\/v2\/media\/21986"}],"wp:attachment":[{"href":"https:\/\/bigbuy.tupique.com\/pt\/wp-json\/wp\/v2\/media?parent=21987"}],"wp:term":[{"taxonomy":"product_brand","embeddable":true,"href":"https:\/\/bigbuy.tupique.com\/pt\/wp-json\/wp\/v2\/product_brand?post=21987"},{"taxonomy":"product_cat","embeddable":true,"href":"https:\/\/bigbuy.tupique.com\/pt\/wp-json\/wp\/v2\/product_cat?post=21987"},{"taxonomy":"product_tag","embeddable":true,"href":"https:\/\/bigbuy.tupique.com\/pt\/wp-json\/wp\/v2\/product_tag?post=21987"}],"curies":[{"name":"wp","href":"https:\/\/api.w.org\/{rel}","templated":true}]}}