{"id":21985,"date":"2026-03-29T18:26:20","date_gmt":"2026-03-29T17:26:20","guid":{"rendered":"https:\/\/bigbuy.tupique.com\/produto\/gps-navigator-tom-tom-go-camper-max-2-gen\/"},"modified":"2026-04-16T22:06:03","modified_gmt":"2026-04-16T21:06:03","slug":"gps-navigator-tom-tom-go-camper-max-2-gen","status":"publish","type":"product","link":"https:\/\/bigbuy.tupique.com\/pt\/produto\/gps-navigator-tom-tom-go-camper-max-2-gen\/","title":{"rendered":"Navigateur GPS TOM TOM GO Camper Max 2 Gen"},"content":{"rendered":"<p>Si vous \u00eates passionn\u00e9 d&#8217;<b>informatique et d&#8217;\u00e9lectronique<\/b>, si vous \u00eates \u00e0 la pointe de la technologie et qu&#8217;aucun d\u00e9tail ne vous \u00e9chappe, achetez <b>Navigateur GPS TOM TOM GO Camper Max 2 Gen<\/b> au meilleur prix.<\/p>\n<p>Le <b>TOM TOM GO Camper Max 2 Gen<\/b> est un <b>navigateur GPS<\/b> con\u00e7u pour offrir une exp\u00e9rience de navigation avanc\u00e9e et sp\u00e9cifique aux voyageurs en camping-car et vans am\u00e9nag\u00e9s. Il dispose d\u2019un <b>\u00e9cran tactile de 17,8 cm (7 pouces)<\/b> offrant une visualisation claire et large des cartes et itin\u00e9raires, id\u00e9al pour une lecture confortable en route. Son design en <b>noir<\/b>, l\u00e9ger avec un poids d\u2019environ <b>400 grammes<\/b>, facilite son installation dans le v\u00e9hicule sans encombrement ni g\u00eane. Il int\u00e8gre la connectivit\u00e9 <b>Bluetooth<\/b> et <b>Wi-Fi<\/b>, permettant la synchronisation avec appareils mobiles, les mises \u00e0 jour automatiques des cartes et le t\u00e9l\u00e9chargement de contenus sans c\u00e2ble. De plus, il supporte les cartes <b>MicroSD<\/b> pour \u00e9tendre sa capacit\u00e9 de stockage et g\u00e9rer des cartes et itin\u00e9raires d\u00e9taill\u00e9s. Il est \u00e9quip\u00e9 d\u2019une prise standard europ\u00e9enne (EU), assurant la compatibilit\u00e9 avec les prises \u00e9lectriques courantes dans les pays de l\u2019Union europ\u00e9enne. L\u2019appareil inclut la reconnaissance de la carte mondiale mise \u00e0 jour, facilitant la planification de longs trajets et itin\u00e9raires internationaux avec pr\u00e9cision. La nouvelle g\u00e9n\u00e9ration de ce mod\u00e8le garantit un fonctionnement plus rapide, une interface intuitive et des fonctions sp\u00e9cifiques pour \u00e9viter les restrictions sur les grands v\u00e9hicules, un atout cl\u00e9 pour les utilisateurs de camping-cars et vans. Gr\u00e2ce \u00e0 ces caract\u00e9ristiques, le TOM TOM GO Camper Max 2 Gen allie robustesse, technologie avanc\u00e9e et praticit\u00e9, constituant un outil fiable pour optimiser les d\u00e9placements et assurer des trajets s\u00fbrs et efficaces. Ce navigateur GPS se positionne comme un dispositif sp\u00e9cialis\u00e9, r\u00e9pondant aux besoins pr\u00e9cis du secteur du caravaning avec des solutions techniques adapt\u00e9es et une grande facilit\u00e9 d\u2019utilisation.<\/p>\n<ul>\n<li>Type: Navigateur GPS<\/li>\n<li>Produit \u00e0 brancher: Oui<\/li>\n<li>Type de prise: Prise EU<\/li>\n<li>Bloc d\u2019Alimentation: r\u00e9seau \u00e9lectrique<\/li>\n<li>Couleur:\n<ul>\n<li>Noir<\/li>\n<li>noir<\/li>\n<\/ul>\n<\/li>\n<li>Connectivit\u00e9:\n<ul>\n<li>Bluetooth<\/li>\n<li>Wi-Fi<\/li>\n<\/ul>\n<\/li>\n<li>Utilisation recommand\u00e9e: Voiture<\/li>\n<li>Diagonale de l&#8217;\u00e9cran (cm): 17,8 cm<\/li>\n<\/ul>","protected":false},"excerpt":{"rendered":"<p>Si vous \u00eates passionn\u00e9 d&#8217;informatique et d&#8217;\u00e9lectronique, si vous \u00eates \u00e0 la pointe de la technologie et qu&#8217;aucun d\u00e9tail ne vous \u00e9chappe, achetez Navigateur GPS TOM TOM GO Camper Max 2 Gen au meilleur prix. Le TOM TOM GO Camper Max 2 Gen est un navigateur GPS con\u00e7u pour offrir une exp\u00e9rience de navigation avanc\u00e9e [&hellip;]<\/p>\n","protected":false},"featured_media":21979,"comment_status":"open","ping_status":"closed","template":"","meta":[],"product_brand":[1098],"product_cat":[623,65,624],"product_tag":[59,164],"class_list":{"0":"post-21985","1":"product","2":"type-product","3":"status-publish","4":"has-post-thumbnail","6":"product_brand-brandp_9327","7":"product_cat-electronique-gps-et-automobile","8":"product_cat-informatique-electronique","9":"product_cat-navigateurs-gps","10":"product_tag-tag_1304","11":"product_tag-tag_152","13":"first","14":"instock","15":"taxable","16":"shipping-taxable","17":"purchasable","18":"product-type-simple"},"_links":{"self":[{"href":"https:\/\/bigbuy.tupique.com\/pt\/wp-json\/wp\/v2\/product\/21985","targetHints":{"allow":["GET"]}}],"collection":[{"href":"https:\/\/bigbuy.tupique.com\/pt\/wp-json\/wp\/v2\/product"}],"about":[{"href":"https:\/\/bigbuy.tupique.com\/pt\/wp-json\/wp\/v2\/types\/product"}],"replies":[{"embeddable":true,"href":"https:\/\/bigbuy.tupique.com\/pt\/wp-json\/wp\/v2\/comments?post=21985"}],"wp:featuredmedia":[{"embeddable":true,"href":"https:\/\/bigbuy.tupique.com\/pt\/wp-json\/wp\/v2\/media\/21979"}],"wp:attachment":[{"href":"https:\/\/bigbuy.tupique.com\/pt\/wp-json\/wp\/v2\/media?parent=21985"}],"wp:term":[{"taxonomy":"product_brand","embeddable":true,"href":"https:\/\/bigbuy.tupique.com\/pt\/wp-json\/wp\/v2\/product_brand?post=21985"},{"taxonomy":"product_cat","embeddable":true,"href":"https:\/\/bigbuy.tupique.com\/pt\/wp-json\/wp\/v2\/product_cat?post=21985"},{"taxonomy":"product_tag","embeddable":true,"href":"https:\/\/bigbuy.tupique.com\/pt\/wp-json\/wp\/v2\/product_tag?post=21985"}],"curies":[{"name":"wp","href":"https:\/\/api.w.org\/{rel}","templated":true}]}}