{"id":21972,"date":"2026-03-29T18:26:00","date_gmt":"2026-03-29T17:26:00","guid":{"rendered":"https:\/\/bigbuy.tupique.com\/produto\/wireless-pet-containment-system-petsafe-pif-300-21\/"},"modified":"2026-04-16T16:17:16","modified_gmt":"2026-04-16T15:17:16","slug":"wireless-pet-containment-system-petsafe-pif-300-21","status":"publish","type":"product","link":"https:\/\/bigbuy.tupique.com\/pt\/produto\/wireless-pet-containment-system-petsafe-pif-300-21\/","title":{"rendered":"Syst\u00e8me de Contention d&#8217;Animaux sans Fil PetSafe Pif-300-21"},"content":{"rendered":"<p>Si vous \u00eates \u00e0 la recherche de nouvelles tendances sur le march\u00e9, nous vous pr\u00e9sentons <b>Syst\u00e8me de Contention d&#8217;Animaux sans Fil PetSafe Pif-300-21<\/b> !<\/p>\n<p>Le <b>Pif-300-21<\/b> de PetSafe est un <b>syst\u00e8me de confinement sans fil pour animaux<\/b>, con\u00e7u pour offrir une m\u00e9thode s\u00fbre et efficace de garder chiens et autres animaux dans un p\u00e9rim\u00e8tre d\u00e9fini sans installations physiques. Ce syst\u00e8me utilise un <b>collier sans fil<\/b> de couleur <b>grise<\/b>, fabriqu\u00e9 en <b>plastique r\u00e9sistant<\/b> et ajustable jusqu\u2019\u00e0 <b>33 cm<\/b>, permettant une adaptation confortable \u00e0 diff\u00e9rentes tailles d\u2019animaux. Il convient aux chiens et autres animaux de compagnie, facilitant leur gestion \u00e0 domicile ou en ext\u00e9rieur, \u00e9vitant les fugues ou pertes sans g\u00eane pour l\u2019animal. La technologie sans fil garantit la libert\u00e9 de mouvement dans la zone autoris\u00e9e, tandis que le collier \u00e9met des avertissements progressifs qui \u00e9duquent l\u2019animal \u00e0 respecter les limites fix\u00e9es. Cet \u00e9quipement est id\u00e9al pour ceux qui recherchent une solution pratique et moderne pour contr\u00f4ler leur animal sans recourir \u00e0 des cl\u00f4tures physiques traditionnelles. Son design discret et ergonomique assure un bon ajustement et un confort durable, tandis que la robustesse du mat\u00e9riau garantit une utilisation prolong\u00e9e en diverses conditions. En r\u00e9sum\u00e9, le <b>syst\u00e8me sans fil PetSafe Pif-300-21<\/b> allie efficacit\u00e9, s\u00e9curit\u00e9 et confort pour garder les animaux prot\u00e9g\u00e9s et localis\u00e9s sans complications.<\/p>\n<ul>\n<li>Type:\n<ul>\n<li>Collier<\/li>\n<li>Syst\u00e8me de Contention d&#8217;Animaux sans Fil<\/li>\n<\/ul>\n<\/li>\n<li>Animal de compagnie: Convient pour les chiens et les autres animaux de compagnie<\/li>\n<li>Utilisation secondaire: Convient pour les chiens et les autres animaux de compagnie<\/li>\n<\/ul>","protected":false},"excerpt":{"rendered":"<p><span class=\"unit-info\">1069.9667 &euro; \/ 1 m<\/span><\/p>","protected":false},"featured_media":21969,"comment_status":"open","ping_status":"closed","template":"","meta":[],"product_brand":[859],"product_cat":[621,239,622],"product_tag":[59],"class_list":{"0":"post-21972","1":"product","2":"type-product","3":"status-publish","4":"has-post-thumbnail","6":"product_brand-brandp_3129","7":"product_cat-animaux-de-compagnie","8":"product_cat-maison-jardin","9":"product_cat-sante-et-hygiene","10":"product_tag-tag_1304","12":"first","13":"instock","14":"taxable","15":"shipping-taxable","16":"purchasable","17":"product-type-simple"},"_links":{"self":[{"href":"https:\/\/bigbuy.tupique.com\/pt\/wp-json\/wp\/v2\/product\/21972","targetHints":{"allow":["GET"]}}],"collection":[{"href":"https:\/\/bigbuy.tupique.com\/pt\/wp-json\/wp\/v2\/product"}],"about":[{"href":"https:\/\/bigbuy.tupique.com\/pt\/wp-json\/wp\/v2\/types\/product"}],"replies":[{"embeddable":true,"href":"https:\/\/bigbuy.tupique.com\/pt\/wp-json\/wp\/v2\/comments?post=21972"}],"wp:featuredmedia":[{"embeddable":true,"href":"https:\/\/bigbuy.tupique.com\/pt\/wp-json\/wp\/v2\/media\/21969"}],"wp:attachment":[{"href":"https:\/\/bigbuy.tupique.com\/pt\/wp-json\/wp\/v2\/media?parent=21972"}],"wp:term":[{"taxonomy":"product_brand","embeddable":true,"href":"https:\/\/bigbuy.tupique.com\/pt\/wp-json\/wp\/v2\/product_brand?post=21972"},{"taxonomy":"product_cat","embeddable":true,"href":"https:\/\/bigbuy.tupique.com\/pt\/wp-json\/wp\/v2\/product_cat?post=21972"},{"taxonomy":"product_tag","embeddable":true,"href":"https:\/\/bigbuy.tupique.com\/pt\/wp-json\/wp\/v2\/product_tag?post=21972"}],"curies":[{"name":"wp","href":"https:\/\/api.w.org\/{rel}","templated":true}]}}