{"id":21879,"date":"2026-03-29T18:24:03","date_gmt":"2026-03-29T17:24:03","guid":{"rendered":"https:\/\/bigbuy.tupique.com\/produto\/induction-hot-plate-rosieres\/"},"modified":"2026-04-16T21:00:17","modified_gmt":"2026-04-16T20:00:17","slug":"induction-hot-plate-rosieres","status":"publish","type":"product","link":"https:\/\/bigbuy.tupique.com\/pt\/produto\/induction-hot-plate-rosieres\/","title":{"rendered":"Plaque \u00e0 Induction Rosieres"},"content":{"rendered":"<p>Si vous pensez r\u00e9nover votre cuisine, achetez <b>Plaque \u00e0 Induction Rosieres<\/b> et d\u00b4autres <b>produits Rosieres<\/b> !<\/p>\n<p>La <b>plaque \u00e0 induction<\/b> Rosieres RI633CBB est un appareil de cuisson moderne et efficace con\u00e7u pour s\u2019adapter aux cuisines contemporaines qui privil\u00e9gient la rapidit\u00e9 et le contr\u00f4le pr\u00e9cis de la chaleur. Elle dispose de <b>trois zones de cuisson<\/b> permettant de pr\u00e9parer plusieurs plats simultan\u00e9ment, optimisant l\u2019espace et facilitant la gestion de plusieurs r\u00e9cipients en m\u00eame temps. Ses dimensions de <b>59 cm de largeur, 52 cm de profondeur et 5,8 cm de hauteur<\/b> en font un appareil compact qui s\u2019int\u00e8gre facilement aux plans de travail standards, ajoutant fonctionnalit\u00e9 sans compromettre le design. La surface est finie en <b>noir<\/b>, cr\u00e9ant une esth\u00e9tique sobre et \u00e9l\u00e9gante qui s\u2019harmonise avec diff\u00e9rents styles de cuisine, tout en \u00e9tant facile \u00e0 nettoyer gr\u00e2ce \u00e0 la technologie \u00e0 induction qui g\u00e9n\u00e8re la chaleur uniquement au contact des r\u00e9cipients compatibles. Avec un poids d\u2019environ <b>11 kg<\/b>, cette plaque offre stabilit\u00e9 et robustesse sans difficult\u00e9 d\u2019installation, et est \u00e9quip\u00e9e d\u2019une <b>prise europ\u00e9enne<\/b> pour la connexion \u00e9lectrique. La technologie \u00e0 induction assure une cuisson plus efficace et s\u00fbre, car la chaleur est produite directement dans le r\u00e9cipient, r\u00e9duisant les pertes thermiques et acc\u00e9l\u00e9rant les temps de cuisson. Ce mod\u00e8le Rosieres est id\u00e9al pour ceux qui recherchent un appareil polyvalent et de qualit\u00e9 permettant un contr\u00f4le pr\u00e9cis de la temp\u00e9rature, garantissant des r\u00e9sultats optimaux dans la pr\u00e9paration quotidienne des aliments. En r\u00e9sum\u00e9, cette plaque \u00e0 induction repr\u00e9sente une solution \u00e9quilibr\u00e9e en taille, design et fonctionnalit\u00e9 pour toute cuisine moderne.<\/p>\n<ul>\n<li>Type: Plaque \u00e0 Induction<\/li>\n<li>Produit \u00e0 brancher: Oui<\/li>\n<li>Type de prise: Prise EU<\/li>\n<li>Bloc d\u2019Alimentation: r\u00e9seau \u00e9lectrique<\/li>\n<li>Couleur:\n<ul>\n<li>Noir<\/li>\n<li>noir<\/li>\n<\/ul>\n<\/li>\n<li>Largeur:\n<ul>\n<li>59 cm<\/li>\n<li>69 cm<\/li>\n<\/ul>\n<\/li>\n<li>puissance: 7000 W<\/li>\n<li>Profondeur: 52 cm<\/li>\n<li>Zones de cuisson: 3<\/li>\n<li>Longueur du c\u00e2ble: 100 cm<\/li>\n<li>Poids approx.:\n<ul>\n<li>12 kg<\/li>\n<li>11 Kg<\/li>\n<\/ul>\n<\/li>\n<\/ul>","protected":false},"excerpt":{"rendered":"<p>Si vous pensez r\u00e9nover votre cuisine, achetez Plaque \u00e0 Induction Rosieres et d\u00b4autres produits Rosieres ! La plaque \u00e0 induction Rosieres RI633CBB est un appareil de cuisson moderne et efficace con\u00e7u pour s\u2019adapter aux cuisines contemporaines qui privil\u00e9gient la rapidit\u00e9 et le contr\u00f4le pr\u00e9cis de la chaleur. Elle dispose de trois zones de cuisson permettant [&hellip;]<\/p>\n","protected":false},"featured_media":21874,"comment_status":"open","ping_status":"closed","template":"","meta":[],"product_brand":[1096],"product_cat":[60,77,78],"product_tag":[55,59,56],"class_list":{"0":"post-21879","1":"product","2":"type-product","3":"status-publish","4":"has-post-thumbnail","6":"product_brand-brandp_7629","7":"product_cat-cuisine-gourmet","8":"product_cat-petit-electromenager","9":"product_cat-plaques-de-cuisson","10":"product_tag-tag_926","11":"product_tag-tag_1304","12":"product_tag-tag_930","14":"first","15":"instock","16":"taxable","17":"shipping-taxable","18":"purchasable","19":"product-type-simple"},"_links":{"self":[{"href":"https:\/\/bigbuy.tupique.com\/pt\/wp-json\/wp\/v2\/product\/21879","targetHints":{"allow":["GET"]}}],"collection":[{"href":"https:\/\/bigbuy.tupique.com\/pt\/wp-json\/wp\/v2\/product"}],"about":[{"href":"https:\/\/bigbuy.tupique.com\/pt\/wp-json\/wp\/v2\/types\/product"}],"replies":[{"embeddable":true,"href":"https:\/\/bigbuy.tupique.com\/pt\/wp-json\/wp\/v2\/comments?post=21879"}],"wp:featuredmedia":[{"embeddable":true,"href":"https:\/\/bigbuy.tupique.com\/pt\/wp-json\/wp\/v2\/media\/21874"}],"wp:attachment":[{"href":"https:\/\/bigbuy.tupique.com\/pt\/wp-json\/wp\/v2\/media?parent=21879"}],"wp:term":[{"taxonomy":"product_brand","embeddable":true,"href":"https:\/\/bigbuy.tupique.com\/pt\/wp-json\/wp\/v2\/product_brand?post=21879"},{"taxonomy":"product_cat","embeddable":true,"href":"https:\/\/bigbuy.tupique.com\/pt\/wp-json\/wp\/v2\/product_cat?post=21879"},{"taxonomy":"product_tag","embeddable":true,"href":"https:\/\/bigbuy.tupique.com\/pt\/wp-json\/wp\/v2\/product_tag?post=21879"}],"curies":[{"name":"wp","href":"https:\/\/api.w.org\/{rel}","templated":true}]}}