{"id":21846,"date":"2026-03-29T18:23:24","date_gmt":"2026-03-29T17:23:24","guid":{"rendered":"https:\/\/bigbuy.tupique.com\/produto\/earrings-lebebe-lbb311\/"},"modified":"2026-04-15T02:20:27","modified_gmt":"2026-04-15T01:20:27","slug":"earrings-lebebe-lbb311","status":"publish","type":"product","link":"https:\/\/bigbuy.tupique.com\/pt\/produto\/earrings-lebebe-lbb311\/","title":{"rendered":"Boucles d\u00b4oreilles leBebe LBB311"},"content":{"rendered":"<p>Nous vons pr\u00e9sentons <b>Boucles d\u00b4oreilles leBebe LBB311<\/b> et une vaste gamme de bagues, bracelets, boucles d&#8217;oreilles et pendentifs etc. \u00e0 bon prix. D\u00e9couvrez d&#8217;exclusifs et \u00e9l\u00e9gants articles de bijouterie et de bijouterie fantaisie pour tous les go\u00fbts.<\/p>\n<ul>\n<li>Type: Boucles d\u00b4oreilles<\/li>\n<li>Mati\u00e8re:\n<ul>\n<li>Or<\/li>\n<li>Or 9 carat<\/li>\n<\/ul>\n<\/li>\n<li>Genre: Femme<\/li>\n<\/ul>","protected":false},"excerpt":{"rendered":"<p>Nous vons pr\u00e9sentons Boucles d\u00b4oreilles leBebe LBB311 et une vaste gamme de bagues, bracelets, boucles d&#8217;oreilles et pendentifs etc. \u00e0 bon prix. D\u00e9couvrez d&#8217;exclusifs et \u00e9l\u00e9gants articles de bijouterie et de bijouterie fantaisie pour tous les go\u00fbts. Type: Boucles d\u00b4oreilles Mati\u00e8re: Or Or 9 carat Genre: Femme<\/p>","protected":false},"featured_media":21845,"comment_status":"open","ping_status":"closed","template":"","meta":[],"product_brand":[1095],"product_cat":[547,548,749,544],"product_tag":[103],"class_list":{"0":"post-21846","1":"product","2":"type-product","3":"status-publish","4":"has-post-thumbnail","6":"product_brand-brandp_7228","7":"product_cat-accessoires","8":"product_cat-bijoux","9":"product_cat-boucles-d-oreilles","10":"product_cat-mode-accessoires","11":"product_tag-tag_1261","13":"first","14":"instock","15":"taxable","16":"shipping-taxable","17":"purchasable","18":"product-type-simple"},"_links":{"self":[{"href":"https:\/\/bigbuy.tupique.com\/pt\/wp-json\/wp\/v2\/product\/21846","targetHints":{"allow":["GET"]}}],"collection":[{"href":"https:\/\/bigbuy.tupique.com\/pt\/wp-json\/wp\/v2\/product"}],"about":[{"href":"https:\/\/bigbuy.tupique.com\/pt\/wp-json\/wp\/v2\/types\/product"}],"replies":[{"embeddable":true,"href":"https:\/\/bigbuy.tupique.com\/pt\/wp-json\/wp\/v2\/comments?post=21846"}],"wp:featuredmedia":[{"embeddable":true,"href":"https:\/\/bigbuy.tupique.com\/pt\/wp-json\/wp\/v2\/media\/21845"}],"wp:attachment":[{"href":"https:\/\/bigbuy.tupique.com\/pt\/wp-json\/wp\/v2\/media?parent=21846"}],"wp:term":[{"taxonomy":"product_brand","embeddable":true,"href":"https:\/\/bigbuy.tupique.com\/pt\/wp-json\/wp\/v2\/product_brand?post=21846"},{"taxonomy":"product_cat","embeddable":true,"href":"https:\/\/bigbuy.tupique.com\/pt\/wp-json\/wp\/v2\/product_cat?post=21846"},{"taxonomy":"product_tag","embeddable":true,"href":"https:\/\/bigbuy.tupique.com\/pt\/wp-json\/wp\/v2\/product_tag?post=21846"}],"curies":[{"name":"wp","href":"https:\/\/api.w.org\/{rel}","templated":true}]}}