{"id":21811,"date":"2026-03-29T18:11:03","date_gmt":"2026-03-29T17:11:03","guid":{"rendered":"https:\/\/bigbuy.tupique.com\/produto\/highchair-cybex-lemo-blue\/"},"modified":"2026-04-16T16:17:17","modified_gmt":"2026-04-16T15:17:17","slug":"highchair-cybex-lemo-blue","status":"publish","type":"product","link":"https:\/\/bigbuy.tupique.com\/pt\/produto\/highchair-cybex-lemo-blue\/","title":{"rendered":"Chaise haute Cybex LEMO Bleu"},"content":{"rendered":"<p>Les enfants m\u00e9ritent ce qu\u2019il y a de mieux, nous vous pr\u00e9sentons donc <b>Chaise haute Cybex LEMO Bleu<\/b>, id\u00e9al pour ceux qui cherchent des produits de qualit\u00e9 pour les plus petits ! Procurez-vous <b>Cybex<\/b> et bien d\u2019autres marques et licences aux meilleurs prix !<\/p>\n<ul>\n<li>Type: Chaise haute<\/li>\n<li>Couleur: Bleu<\/li>\n<li>Mat\u00e9riel:\n<ul>\n<li>M\u00e9tal<\/li>\n<li>Plastique<\/li>\n<\/ul>\n<\/li>\n<li>N\u00e9cessite un montage: Oui<\/li>\n<li>\u00c2ge recommand\u00e9: + 3 ans<\/li>\n<\/ul>","protected":false},"excerpt":{"rendered":"<p>Les enfants m\u00e9ritent ce qu\u2019il y a de mieux, nous vous pr\u00e9sentons donc Chaise haute Cybex LEMO Bleu, id\u00e9al pour ceux qui cherchent des produits de qualit\u00e9 pour les plus petits ! Procurez-vous Cybex et bien d\u2019autres marques et licences aux meilleurs prix ! Type: Chaise haute Couleur: Bleu Mat\u00e9riel: M\u00e9tal Plastique N\u00e9cessite un montage: [&hellip;]<\/p>\n","protected":false},"featured_media":21805,"comment_status":"open","ping_status":"closed","template":"","meta":[],"product_brand":[856],"product_cat":[1051,251,157],"product_tag":[59],"class_list":{"0":"post-21811","1":"product","2":"type-product","3":"status-publish","4":"has-post-thumbnail","6":"product_brand-brandp_2860","7":"product_cat-accessoires-pour-enfants","8":"product_cat-bebes-et-enfants","9":"product_cat-jouets-deguisements","10":"product_tag-tag_1304","12":"first","13":"instock","14":"taxable","15":"shipping-taxable","16":"purchasable","17":"product-type-simple"},"_links":{"self":[{"href":"https:\/\/bigbuy.tupique.com\/pt\/wp-json\/wp\/v2\/product\/21811","targetHints":{"allow":["GET"]}}],"collection":[{"href":"https:\/\/bigbuy.tupique.com\/pt\/wp-json\/wp\/v2\/product"}],"about":[{"href":"https:\/\/bigbuy.tupique.com\/pt\/wp-json\/wp\/v2\/types\/product"}],"replies":[{"embeddable":true,"href":"https:\/\/bigbuy.tupique.com\/pt\/wp-json\/wp\/v2\/comments?post=21811"}],"wp:featuredmedia":[{"embeddable":true,"href":"https:\/\/bigbuy.tupique.com\/pt\/wp-json\/wp\/v2\/media\/21805"}],"wp:attachment":[{"href":"https:\/\/bigbuy.tupique.com\/pt\/wp-json\/wp\/v2\/media?parent=21811"}],"wp:term":[{"taxonomy":"product_brand","embeddable":true,"href":"https:\/\/bigbuy.tupique.com\/pt\/wp-json\/wp\/v2\/product_brand?post=21811"},{"taxonomy":"product_cat","embeddable":true,"href":"https:\/\/bigbuy.tupique.com\/pt\/wp-json\/wp\/v2\/product_cat?post=21811"},{"taxonomy":"product_tag","embeddable":true,"href":"https:\/\/bigbuy.tupique.com\/pt\/wp-json\/wp\/v2\/product_tag?post=21811"}],"curies":[{"name":"wp","href":"https:\/\/api.w.org\/{rel}","templated":true}]}}