{"id":21792,"date":"2026-03-29T18:10:38","date_gmt":"2026-03-29T17:10:38","guid":{"rendered":"https:\/\/bigbuy.tupique.com\/produto\/knapsack-sprayer-metabo-rsg-18-ltx-18-v-15-l\/"},"modified":"2026-04-16T20:01:15","modified_gmt":"2026-04-16T19:01:15","slug":"knapsack-sprayer-metabo-rsg-18-ltx-18-v-15-l","status":"publish","type":"product","link":"https:\/\/bigbuy.tupique.com\/pt\/produto\/knapsack-sprayer-metabo-rsg-18-ltx-18-v-15-l\/","title":{"rendered":"Pulv\u00e9risateur sac \u00e0 dos Metabo RSG 18 LTX 18 V 15 L"},"content":{"rendered":"<p>Si vous aimez prendre soin de chaque d\u00e9tail de votre maison et d&#8217;\u00eatre \u00e0 la derni\u00e8re mode en mati\u00e8re de produits qui vous rendront la vie plus facile, achetez <b>Pulv\u00e9risateur sac \u00e0 dos Metabo RSG 18 LTX 18 V 15 L<\/b> au meilleur prix.<\/p>\n<ul>\n<li>Tension: 18 V<\/li>\n<li>Capacit\u00e9: 15 L<\/li>\n<li>Couleur:\n<ul>\n<li>Noir<\/li>\n<li>Vert<\/li>\n<\/ul>\n<\/li>\n<li>Caract\u00e9ristiques:\n<ul>\n<li>Poign\u00e9e ergonomique<\/li>\n<li>Bandouli\u00e8re \u00e0 l&#8217;\u00e9paule<\/li>\n<\/ul>\n<\/li>\n<li>Fonctionne \u00e0 piles: Oui<\/li>\n<li>Piles incluses: Non<\/li>\n<li>Compatible avec: Int\u00e9rieur\/Ext\u00e9rieur<\/li>\n<li>Inclut:\n<ul>\n<li>Brosse<\/li>\n<li>Manuel de l&#8217;utilisateur<\/li>\n<\/ul>\n<\/li>\n<\/ul>","protected":false},"excerpt":{"rendered":"<p>Si vous aimez prendre soin de chaque d\u00e9tail de votre maison et d&#8217;\u00eatre \u00e0 la derni\u00e8re mode en mati\u00e8re de produits qui vous rendront la vie plus facile, achetez Pulv\u00e9risateur sac \u00e0 dos Metabo RSG 18 LTX 18 V 15 L au meilleur prix. Tension: 18 V Capacit\u00e9: 15 L Couleur: Noir Vert Caract\u00e9ristiques: Poign\u00e9e [&hellip;]<\/p>\n","protected":false},"featured_media":21791,"comment_status":"open","ping_status":"closed","template":"","meta":[],"product_brand":[1003],"product_cat":[759,239,1055],"product_tag":[59,210],"class_list":{"0":"post-21792","1":"product","2":"type-product","3":"status-publish","4":"has-post-thumbnail","6":"product_brand-brandp_6129","7":"product_cat-jardin-et-terrasse","8":"product_cat-maison-jardin","9":"product_cat-repulsifs","10":"product_tag-tag_1304","11":"product_tag-tag_25","13":"first","14":"instock","15":"taxable","16":"shipping-taxable","17":"purchasable","18":"product-type-simple"},"_links":{"self":[{"href":"https:\/\/bigbuy.tupique.com\/pt\/wp-json\/wp\/v2\/product\/21792","targetHints":{"allow":["GET"]}}],"collection":[{"href":"https:\/\/bigbuy.tupique.com\/pt\/wp-json\/wp\/v2\/product"}],"about":[{"href":"https:\/\/bigbuy.tupique.com\/pt\/wp-json\/wp\/v2\/types\/product"}],"replies":[{"embeddable":true,"href":"https:\/\/bigbuy.tupique.com\/pt\/wp-json\/wp\/v2\/comments?post=21792"}],"wp:featuredmedia":[{"embeddable":true,"href":"https:\/\/bigbuy.tupique.com\/pt\/wp-json\/wp\/v2\/media\/21791"}],"wp:attachment":[{"href":"https:\/\/bigbuy.tupique.com\/pt\/wp-json\/wp\/v2\/media?parent=21792"}],"wp:term":[{"taxonomy":"product_brand","embeddable":true,"href":"https:\/\/bigbuy.tupique.com\/pt\/wp-json\/wp\/v2\/product_brand?post=21792"},{"taxonomy":"product_cat","embeddable":true,"href":"https:\/\/bigbuy.tupique.com\/pt\/wp-json\/wp\/v2\/product_cat?post=21792"},{"taxonomy":"product_tag","embeddable":true,"href":"https:\/\/bigbuy.tupique.com\/pt\/wp-json\/wp\/v2\/product_tag?post=21792"}],"curies":[{"name":"wp","href":"https:\/\/api.w.org\/{rel}","templated":true}]}}