{"id":21752,"date":"2026-03-29T18:09:38","date_gmt":"2026-03-29T17:09:38","guid":{"rendered":"https:\/\/bigbuy.tupique.com\/produto\/electric-lawn-mower-elem-technic-tde40v37-li2bf-40-v\/"},"modified":"2026-04-16T16:17:17","modified_gmt":"2026-04-16T15:17:17","slug":"electric-lawn-mower-elem-technic-tde40v37-li2bf-40-v","status":"publish","type":"product","link":"https:\/\/bigbuy.tupique.com\/pt\/produto\/electric-lawn-mower-elem-technic-tde40v37-li2bf-40-v\/","title":{"rendered":"Tondeuse \u00e0 gazon \u00e9lectrique Elem Technic TDE40V37-LI2BF 40 V"},"content":{"rendered":"<p>Si vous aimez prendre soin de chaque d\u00e9tail de votre maison et d&#8217;\u00eatre \u00e0 la derni\u00e8re mode en mati\u00e8re de produits qui vous rendront la vie plus facile, achetez <b>Tondeuse \u00e0 gazon \u00e9lectrique Elem Technic TDE40V37-LI2BF 40 V<\/b> au meilleur prix.<\/p>\n<p>La <b>tondeuse \u00e9lectrique Elem Technic TDE40V37-LI2BF<\/b> offre une solution efficace et l\u00e9g\u00e8re pour l\u2019entretien des jardins de taille moyenne, \u00e9quip\u00e9e d\u2019un <b>moteur \u00e0 induction<\/b> qui assure un bon \u00e9quilibre entre puissance et durabilit\u00e9. Elle est con\u00e7ue avec un <b>carter en polypropyl\u00e8ne<\/b>, mat\u00e9riau r\u00e9sistant et l\u00e9ger, contribuant \u00e0 un poids total d\u2019\u00e0 peine <b>14 kg<\/b>, facilitant sa maniabilit\u00e9 lors de la tonte. Ce mod\u00e8le fonctionne avec des <b>batteries lithium 40V (2x20V) d\u2019une capacit\u00e9 de 2Ah<\/b>, offrant une autonomie d\u2019environ <b>25 minutes<\/b> apr\u00e8s une charge rapide de seulement <b>1 heure<\/b>, permettant des tontes continues sans contrainte de c\u00e2ble. Sa <b>largeur de coupe de 37 cm<\/b> est id\u00e9ale pour un travail rapide et efficace, tandis que la <b>hauteur de coupe centralis\u00e9e avec 6 positions entre 25 et 75 mm<\/b> offre une flexibilit\u00e9 pour adapter la pelouse selon les pr\u00e9f\u00e9rences ou conditions. De plus, elle inclut un <b>bac de ramassage de 35 litres<\/b> pour stocker les d\u00e9chets et une fonction <b>mulching<\/b> qui broie les r\u00e9sidus pour les restituer au sol, favorisant la nutrition naturelle du gazon. La tondeuse est aliment\u00e9e exclusivement par <b>batterie<\/b>, \u00e9liminant le besoin de c\u00e2bles et offrant plus de libert\u00e9 de mouvement et de s\u00e9curit\u00e9 pendant l\u2019utilisation, avec une prise conforme \u00e0 la norme europ\u00e9enne. Son niveau de qualit\u00e9 se refl\u00e8te dans un <b>indice de r\u00e9parabilit\u00e9 de 9,9<\/b>, indiquant une facilit\u00e9 d\u2019entretien et de r\u00e9paration, prolongeant la dur\u00e9e de vie du produit. En r\u00e9sum\u00e9, l\u2019Elem Technic TDE40V37-LI2BF est un choix \u00e9quilibr\u00e9 entre performance, fonctionnalit\u00e9 et confort pour ceux qui recherchent une tondeuse \u00e9lectrique moderne et facile \u00e0 manier pour un usage domestique courant.<\/p>\n<ul>\n<li>Produit \u00e0 brancher: Oui<\/li>\n<li>Type de prise: Prise EU<\/li>\n<li>Bloc d\u2019Alimentation:\n<ul>\n<li>r\u00e9seau \u00e9lectrique<\/li>\n<li>Batterie<\/li>\n<\/ul>\n<\/li>\n<li>Port\u00e9e: 400 m\u00b2<\/li>\n<li>Taille de coupe: 37 cm<\/li>\n<li>Indice de r\u00e9parabilit\u00e9: 9.9<\/li>\n<li>Capacit\u00e9: 35 L<\/li>\n<li>Mati\u00e8re: polypropyl\u00e8ne<\/li>\n<li>Poids: 14 Kg<\/li>\n<\/ul>","protected":false},"excerpt":{"rendered":"<p><span class=\"unit-info\">7.7711 &euro; \/ 1 l<\/span><\/p>","protected":false},"featured_media":21746,"comment_status":"open","ping_status":"closed","template":"","meta":[],"product_brand":[1094],"product_cat":[613,239],"product_tag":[59,210],"class_list":{"0":"post-21752","1":"product","2":"type-product","3":"status-publish","4":"has-post-thumbnail","6":"product_brand-brandp_6014","7":"product_cat-bricolage-et-materiel","8":"product_cat-maison-jardin","9":"product_tag-tag_1304","10":"product_tag-tag_25","12":"first","13":"instock","14":"taxable","15":"shipping-taxable","16":"purchasable","17":"product-type-simple"},"_links":{"self":[{"href":"https:\/\/bigbuy.tupique.com\/pt\/wp-json\/wp\/v2\/product\/21752","targetHints":{"allow":["GET"]}}],"collection":[{"href":"https:\/\/bigbuy.tupique.com\/pt\/wp-json\/wp\/v2\/product"}],"about":[{"href":"https:\/\/bigbuy.tupique.com\/pt\/wp-json\/wp\/v2\/types\/product"}],"replies":[{"embeddable":true,"href":"https:\/\/bigbuy.tupique.com\/pt\/wp-json\/wp\/v2\/comments?post=21752"}],"wp:featuredmedia":[{"embeddable":true,"href":"https:\/\/bigbuy.tupique.com\/pt\/wp-json\/wp\/v2\/media\/21746"}],"wp:attachment":[{"href":"https:\/\/bigbuy.tupique.com\/pt\/wp-json\/wp\/v2\/media?parent=21752"}],"wp:term":[{"taxonomy":"product_brand","embeddable":true,"href":"https:\/\/bigbuy.tupique.com\/pt\/wp-json\/wp\/v2\/product_brand?post=21752"},{"taxonomy":"product_cat","embeddable":true,"href":"https:\/\/bigbuy.tupique.com\/pt\/wp-json\/wp\/v2\/product_cat?post=21752"},{"taxonomy":"product_tag","embeddable":true,"href":"https:\/\/bigbuy.tupique.com\/pt\/wp-json\/wp\/v2\/product_tag?post=21752"}],"curies":[{"name":"wp","href":"https:\/\/api.w.org\/{rel}","templated":true}]}}