{"id":21715,"date":"2026-03-29T18:08:45","date_gmt":"2026-03-29T17:08:45","guid":{"rendered":"https:\/\/bigbuy.tupique.com\/produto\/monitor-philips-49b2u5900ch-00-49-75-hz\/"},"modified":"2026-04-15T02:20:14","modified_gmt":"2026-04-15T01:20:14","slug":"monitor-philips-49b2u5900ch-00-49-75-hz","status":"publish","type":"product","link":"https:\/\/bigbuy.tupique.com\/pt\/produto\/monitor-philips-49b2u5900ch-00-49-75-hz\/","title":{"rendered":"\u00c9cran Philips 49B2U5900CH\/00 49&#8243; 75 Hz"},"content":{"rendered":"<p>Si vous \u00eates passionn\u00e9 d&#8217;<b>informatique et d&#8217;\u00e9lectronique<\/b>, si vous \u00eates \u00e0 la pointe de la technologie et qu&#8217;aucun d\u00e9tail ne vous \u00e9chappe, achetez <b>\u00c9cran Philips 49B2U5900CH\/00 49&#8243; 75 Hz<\/b> au meilleur prix.<\/p>\n<ul>\n<li>Type: \u00c9cran<\/li>\n<li>Produit \u00e0 brancher: Oui<\/li>\n<li>Type de prise: Prise EU<\/li>\n<li>Bloc d\u2019Alimentation: r\u00e9seau \u00e9lectrique<\/li>\n<li>Couleur:\n<ul>\n<li>Noir<\/li>\n<li>sRGB<\/li>\n<\/ul>\n<\/li>\n<li>Temps de r\u00e9ponse: 4 ms<\/li>\n<li>VESA: 10 x 10 cm<\/li>\n<li>Brille: 450 CD \/ M\u00b2<\/li>\n<li>Tension:\n<ul>\n<li>100-240 V<\/li>\n<li>240 V<\/li>\n<li>100 &#8211; 240 V<\/li>\n<\/ul>\n<\/li>\n<li>Ecran: 49&#8243;<\/li>\n<li>Classification \u00e9nerg\u00e9tique: F<\/li>\n<li>Rapport d&#8217;aspect: 32:9<\/li>\n<li>Connexions:\n<ul>\n<li>HDMI<\/li>\n<li>USB<\/li>\n<li>DisplayPort<\/li>\n<li>HDMI 2.0<\/li>\n<li>Ethernet LAN<\/li>\n<li>2<\/li>\n<li>HDMI x 2<\/li>\n<li>USB-C<\/li>\n<li>Jack 3.5 mm<\/li>\n<li>HDCP<\/li>\n<li>USB A x 2<\/li>\n<li>DisplayPort 1.4<\/li>\n<li>DisplayPort x 1<\/li>\n<\/ul>\n<\/li>\n<li>Caract\u00e9ristiques:\n<ul>\n<li>Plaque Tournante<\/li>\n<li>Mat<\/li>\n<li>R\u00e9glable<\/li>\n<li>HDR<\/li>\n<li>Avec stand<\/li>\n<li>Inclinaison r\u00e9glable<\/li>\n<li>Plug &amp; Play<\/li>\n<li>Chargement rapide et fiable<\/li>\n<li>Haut-parleurs int\u00e9gr\u00e9s<\/li>\n<\/ul>\n<\/li>\n<li>R\u00e9solution (px): 5120 x 1440 px<\/li>\n<li>Technologie:\n<ul>\n<li>LCD<\/li>\n<li>LED<\/li>\n<li>VA<\/li>\n<li>Flicker free<\/li>\n<\/ul>\n<\/li>\n<li>Fr\u00e9quence:\n<ul>\n<li>50 &#8211; 60 Hz<\/li>\n<li>75 Hz<\/li>\n<\/ul>\n<\/li>\n<li>puissance: 100 W<\/li>\n<li>Rapport de contraste: 3000:1<\/li>\n<li>Ports:\n<ul>\n<li>1<\/li>\n<li>Sortie audio<\/li>\n<\/ul>\n<\/li>\n<li>Compatible: VESA<\/li>\n<li>Design: Courbe<\/li>\n<li>Connectivit\u00e9: Ethernet LAN<\/li>\n<li>Fr\u00e9quence d&#8217;entr\u00e9e AC: 50-60 Hz<\/li>\n<li>Ecran tactile: Non<\/li>\n<li>Ne contient pas: Mercure<\/li>\n<li>Emballage respectueux de l\u2019environnement: 100 % recyclable<\/li>\n<li>Angle: 178\u00ba<\/li>\n<li>Pr\u00e9cision (humidit\u00e9 relative): 20 % &#8211; 80 %<\/li>\n<li>Connecteurs: Kensington<\/li>\n<li>Non Inclus: AMD FreeSync<\/li>\n<li>Montage: VESA<\/li>\n<li>Inclinaison: -5\u00ba \/ 15\u00ba<\/li>\n<li>Inclut: Manuel de l&#8217;utilisateur<\/li>\n<li>Utilisation recommand\u00e9e: Entreprise et commerce<\/li>\n<li>Rotation: -30\u00ba \/ 30\u00b0<\/li>\n<li>Densit\u00e9 des pixels (dpi): 109 dpi<\/li>\n<li>Diagonale de l&#8217;\u00e9cran (cm): 124,5 cm<\/li>\n<\/ul>","protected":false},"excerpt":{"rendered":"<p>Si vous \u00eates passionn\u00e9 d&#8217;informatique et d&#8217;\u00e9lectronique, si vous \u00eates \u00e0 la pointe de la technologie et qu&#8217;aucun d\u00e9tail ne vous \u00e9chappe, achetez \u00c9cran Philips 49B2U5900CH\/00 49&#8243; 75 Hz au meilleur prix. Type: \u00c9cran Produit \u00e0 brancher: Oui Type de prise: Prise EU Bloc d\u2019Alimentation: r\u00e9seau \u00e9lectrique Couleur: Noir sRGB Temps de r\u00e9ponse: 4 ms [&hellip;]<\/p>\n","protected":false},"featured_media":21701,"comment_status":"open","ping_status":"closed","template":"","meta":[],"product_brand":[315],"product_cat":[65,581,616],"product_tag":[213,106],"class_list":{"0":"post-21715","1":"product","2":"type-product","3":"status-publish","4":"has-post-thumbnail","6":"product_brand-brandp_571","7":"product_cat-informatique-electronique","8":"product_cat-informatique-peripheriques-et-consommables","9":"product_cat-moniteurs","10":"product_tag-tag_933","11":"product_tag-tag_1295","13":"first","14":"instock","15":"taxable","16":"shipping-taxable","17":"purchasable","18":"product-type-simple"},"_links":{"self":[{"href":"https:\/\/bigbuy.tupique.com\/pt\/wp-json\/wp\/v2\/product\/21715","targetHints":{"allow":["GET"]}}],"collection":[{"href":"https:\/\/bigbuy.tupique.com\/pt\/wp-json\/wp\/v2\/product"}],"about":[{"href":"https:\/\/bigbuy.tupique.com\/pt\/wp-json\/wp\/v2\/types\/product"}],"replies":[{"embeddable":true,"href":"https:\/\/bigbuy.tupique.com\/pt\/wp-json\/wp\/v2\/comments?post=21715"}],"wp:featuredmedia":[{"embeddable":true,"href":"https:\/\/bigbuy.tupique.com\/pt\/wp-json\/wp\/v2\/media\/21701"}],"wp:attachment":[{"href":"https:\/\/bigbuy.tupique.com\/pt\/wp-json\/wp\/v2\/media?parent=21715"}],"wp:term":[{"taxonomy":"product_brand","embeddable":true,"href":"https:\/\/bigbuy.tupique.com\/pt\/wp-json\/wp\/v2\/product_brand?post=21715"},{"taxonomy":"product_cat","embeddable":true,"href":"https:\/\/bigbuy.tupique.com\/pt\/wp-json\/wp\/v2\/product_cat?post=21715"},{"taxonomy":"product_tag","embeddable":true,"href":"https:\/\/bigbuy.tupique.com\/pt\/wp-json\/wp\/v2\/product_tag?post=21715"}],"curies":[{"name":"wp","href":"https:\/\/api.w.org\/{rel}","templated":true}]}}