{"id":21647,"date":"2026-03-29T18:07:04","date_gmt":"2026-03-29T17:07:04","guid":{"rendered":"https:\/\/bigbuy.tupique.com\/produto\/thermal-camera-bosch-gtc-600-c-35\/"},"modified":"2026-04-16T16:37:22","modified_gmt":"2026-04-16T15:37:22","slug":"thermal-camera-bosch-gtc-600-c-35","status":"publish","type":"product","link":"https:\/\/bigbuy.tupique.com\/pt\/produto\/thermal-camera-bosch-gtc-600-c-35\/","title":{"rendered":"Cam\u00e9ra thermique BOSCH GTC 600 C 3,5&#8243;"},"content":{"rendered":"<p>Vous voulez donner une touche d&#8217;originalit\u00e9 \u00e0 votre maison ? Vous y arriverez gr\u00e2ce au <b>Cam\u00e9ra thermique BOSCH GTC 600 C 3,5&#8243;<\/b>.<\/p>\n<ul>\n<li>Ecran: 3,5&#8243;<\/li>\n<li>Couleur:\n<ul>\n<li>Bleu<\/li>\n<li>Noir\/Bleu<\/li>\n<\/ul>\n<\/li>\n<li>Mat\u00e9riel: Plastique<\/li>\n<li>Caract\u00e9ristiques:\n<ul>\n<li>Indicateur de batterie<\/li>\n<li>\u00c9cran integr\u00e9<\/li>\n<\/ul>\n<\/li>\n<li>Connectivit\u00e9: Wi-Fi<\/li>\n<li>Bloc d\u2019Alimentation: Batterie<\/li>\n<li>Classification IP: IP54<\/li>\n<li>Inclut:\n<ul>\n<li>Batterie<\/li>\n<li>Housse de transport<\/li>\n<\/ul>\n<\/li>\n<li>\u00c2ge recommand\u00e9: Adultes<\/li>\n<li>Batterie: Chargeur USB<\/li>\n<li>Technologie: LCD<\/li>\n<li>Fonctionne \u00e0 piles: 1 Litio Ion, incluidas<\/li>\n<li>Connexions: USB-A &#8211; USB-C<\/li>\n<li>Autonomie approx.: 6 heures<\/li>\n<li>Type de batterie: Litio Ion<\/li>\n<\/ul>","protected":false},"excerpt":{"rendered":"<p>Vous voulez donner une touche d&#8217;originalit\u00e9 \u00e0 votre maison ? Vous y arriverez gr\u00e2ce au Cam\u00e9ra thermique BOSCH GTC 600 C 3,5&#8243;. Ecran: 3,5&#8243; Couleur: Bleu Noir\/Bleu Mat\u00e9riel: Plastique Caract\u00e9ristiques: Indicateur de batterie \u00c9cran integr\u00e9 Connectivit\u00e9: Wi-Fi Bloc d\u2019Alimentation: Batterie Classification IP: IP54 Inclut: Batterie Housse de transport \u00c2ge recommand\u00e9: Adultes Batterie: Chargeur USB Technologie: [&hellip;]<\/p>\n","protected":false},"featured_media":21646,"comment_status":"open","ping_status":"closed","template":"","meta":[],"product_brand":[162],"product_cat":[613,239],"product_tag":[59,210],"class_list":{"0":"post-21647","1":"product","2":"type-product","3":"status-publish","4":"has-post-thumbnail","6":"product_brand-brandp_959","7":"product_cat-bricolage-et-materiel","8":"product_cat-maison-jardin","9":"product_tag-tag_1304","10":"product_tag-tag_25","12":"first","13":"instock","14":"taxable","15":"shipping-taxable","16":"purchasable","17":"product-type-simple"},"_links":{"self":[{"href":"https:\/\/bigbuy.tupique.com\/pt\/wp-json\/wp\/v2\/product\/21647","targetHints":{"allow":["GET"]}}],"collection":[{"href":"https:\/\/bigbuy.tupique.com\/pt\/wp-json\/wp\/v2\/product"}],"about":[{"href":"https:\/\/bigbuy.tupique.com\/pt\/wp-json\/wp\/v2\/types\/product"}],"replies":[{"embeddable":true,"href":"https:\/\/bigbuy.tupique.com\/pt\/wp-json\/wp\/v2\/comments?post=21647"}],"wp:featuredmedia":[{"embeddable":true,"href":"https:\/\/bigbuy.tupique.com\/pt\/wp-json\/wp\/v2\/media\/21646"}],"wp:attachment":[{"href":"https:\/\/bigbuy.tupique.com\/pt\/wp-json\/wp\/v2\/media?parent=21647"}],"wp:term":[{"taxonomy":"product_brand","embeddable":true,"href":"https:\/\/bigbuy.tupique.com\/pt\/wp-json\/wp\/v2\/product_brand?post=21647"},{"taxonomy":"product_cat","embeddable":true,"href":"https:\/\/bigbuy.tupique.com\/pt\/wp-json\/wp\/v2\/product_cat?post=21647"},{"taxonomy":"product_tag","embeddable":true,"href":"https:\/\/bigbuy.tupique.com\/pt\/wp-json\/wp\/v2\/product_tag?post=21647"}],"curies":[{"name":"wp","href":"https:\/\/api.w.org\/{rel}","templated":true}]}}