{"id":21637,"date":"2026-03-29T18:06:53","date_gmt":"2026-03-29T17:06:53","guid":{"rendered":"https:\/\/bigbuy.tupique.com\/produto\/monitor-elo-touch-systems-0702l-7-60-hz\/"},"modified":"2026-04-15T02:19:59","modified_gmt":"2026-04-15T01:19:59","slug":"monitor-elo-touch-systems-0702l-7-60-hz","status":"publish","type":"product","link":"https:\/\/bigbuy.tupique.com\/pt\/produto\/monitor-elo-touch-systems-0702l-7-60-hz\/","title":{"rendered":"\u00c9cran Elo Touch Systems 0702L 7&#8243; 60 Hz"},"content":{"rendered":"<p>Si vous \u00eates passionn\u00e9 d&#8217;<b>informatique et d&#8217;\u00e9lectronique<\/b>, si vous \u00eates \u00e0 la pointe de la technologie et qu&#8217;aucun d\u00e9tail ne vous \u00e9chappe, achetez <b>\u00c9cran Elo Touch Systems 0702L 7&#8243; 60 Hz<\/b> au meilleur prix.<\/p>\n<p>Le <b>moniteur<\/b> <b>Elo Touch Systems 0702L<\/b> est une solution professionnelle con\u00e7ue pour les environnements n\u00e9cessitant une interaction tactile efficace et pr\u00e9cise. Il dispose d\u2019un <b>\u00e9cran LCD de 7 pouces (17,8 cm de diagonale)<\/b> offrant une r\u00e9solution de <b>800 x 480 pixels<\/b>, suffisante pour afficher un contenu clair et d\u00e9taill\u00e9 dans les applications industrielles, points de vente ou kiosques d\u2019information. Sa <b>technologie tactile int\u00e9gr\u00e9e<\/b> assure une r\u00e9ponse directe et naturelle \u00e0 l\u2019utilisateur, compl\u00e9t\u00e9e par un <b>temps de r\u00e9ponse de 25 ms<\/b> garantissant une interaction rapide avec une faible latence. Ce mod\u00e8le se distingue \u00e9galement par une <b>luminosit\u00e9 maximale de 500 cd\/m\u00b2<\/b>, assurant une bonne visibilit\u00e9 m\u00eame dans des environnements tr\u00e8s \u00e9clair\u00e9s. Son design fonctionnel en <b>noir<\/b> int\u00e8gre des options de montage mural, s\u2019adaptant facilement \u00e0 diff\u00e9rents espaces et configurations o\u00f9 la compacit\u00e9 est essentielle. De plus, la connectivit\u00e9 <b>USB<\/b> facilite l\u2019int\u00e9gration avec des syst\u00e8mes externes et la communication avec d\u2019autres appareils. Le <b>moniteur tactile 0702L<\/b> d\u2019Elo Touch Systems offre, avec son guide d\u2019installation inclus, une solution robuste et polyvalente pour les applications exigeant une haute pr\u00e9cision tactile, une qualit\u00e9 visuelle et une installation ais\u00e9e dans un format r\u00e9duit. C\u2019est une option fiable pour les professionnels cherchant \u00e0 optimiser l\u2019interaction utilisateur-appareil dans divers environnements op\u00e9rationnels.<\/p>\n<ul>\n<li>Produit \u00e0 brancher: Oui<\/li>\n<li>Type de prise: Prise EU<\/li>\n<li>Classification IP: IP54<\/li>\n<li>Diagonale de l&#8217;\u00e9cran (cm): 17,8 cm<\/li>\n<li>Type: \u00c9cran<\/li>\n<li>Bloc d\u2019Alimentation: r\u00e9seau \u00e9lectrique<\/li>\n<li>Couleur: Noir<\/li>\n<li>Caract\u00e9ristiques:\n<ul>\n<li>Ecran tactile<\/li>\n<li>Montage mural<\/li>\n<li>Guide d&#8217;installation inclus<\/li>\n<\/ul>\n<\/li>\n<li>Rapport d&#8217;aspect: 5:3<\/li>\n<li>Ecran: 7&#8243;<\/li>\n<li>Brille: 500 cd\/m2<\/li>\n<li>VESA: 7,5 x 7,5 cm<\/li>\n<li>consommation d&#8217;\u00e9nergie: 9 W<\/li>\n<li>Temps de r\u00e9ponse: 25 ms<\/li>\n<li>Fr\u00e9quence: 60 Hz<\/li>\n<li>Connexions:\n<ul>\n<li>USB<\/li>\n<li>Micro USB<\/li>\n<\/ul>\n<\/li>\n<li>R\u00e9solution:\n<ul>\n<li>LCD<\/li>\n<li>800 x 480 px<\/li>\n<\/ul>\n<\/li>\n<li>Technologie: LCD<\/li>\n<li>Pr\u00e9cision (humidit\u00e9 relative): 20 % &#8211; 80 %<\/li>\n<li>Montage: VESA<\/li>\n<\/ul>","protected":false},"excerpt":{"rendered":"<p>Si vous \u00eates passionn\u00e9 d&#8217;informatique et d&#8217;\u00e9lectronique, si vous \u00eates \u00e0 la pointe de la technologie et qu&#8217;aucun d\u00e9tail ne vous \u00e9chappe, achetez \u00c9cran Elo Touch Systems 0702L 7&#8243; 60 Hz au meilleur prix. Le moniteur Elo Touch Systems 0702L est une solution professionnelle con\u00e7ue pour les environnements n\u00e9cessitant une interaction tactile efficace et pr\u00e9cise. [&hellip;]<\/p>\n","protected":false},"featured_media":21628,"comment_status":"open","ping_status":"closed","template":"","meta":[],"product_brand":[980],"product_cat":[65,581,616],"product_tag":[213,106],"class_list":{"0":"post-21637","1":"product","2":"type-product","3":"status-publish","4":"has-post-thumbnail","6":"product_brand-brandp_4775","7":"product_cat-informatique-electronique","8":"product_cat-informatique-peripheriques-et-consommables","9":"product_cat-moniteurs","10":"product_tag-tag_933","11":"product_tag-tag_1295","13":"first","14":"instock","15":"taxable","16":"shipping-taxable","17":"purchasable","18":"product-type-simple"},"_links":{"self":[{"href":"https:\/\/bigbuy.tupique.com\/pt\/wp-json\/wp\/v2\/product\/21637","targetHints":{"allow":["GET"]}}],"collection":[{"href":"https:\/\/bigbuy.tupique.com\/pt\/wp-json\/wp\/v2\/product"}],"about":[{"href":"https:\/\/bigbuy.tupique.com\/pt\/wp-json\/wp\/v2\/types\/product"}],"replies":[{"embeddable":true,"href":"https:\/\/bigbuy.tupique.com\/pt\/wp-json\/wp\/v2\/comments?post=21637"}],"wp:featuredmedia":[{"embeddable":true,"href":"https:\/\/bigbuy.tupique.com\/pt\/wp-json\/wp\/v2\/media\/21628"}],"wp:attachment":[{"href":"https:\/\/bigbuy.tupique.com\/pt\/wp-json\/wp\/v2\/media?parent=21637"}],"wp:term":[{"taxonomy":"product_brand","embeddable":true,"href":"https:\/\/bigbuy.tupique.com\/pt\/wp-json\/wp\/v2\/product_brand?post=21637"},{"taxonomy":"product_cat","embeddable":true,"href":"https:\/\/bigbuy.tupique.com\/pt\/wp-json\/wp\/v2\/product_cat?post=21637"},{"taxonomy":"product_tag","embeddable":true,"href":"https:\/\/bigbuy.tupique.com\/pt\/wp-json\/wp\/v2\/product_tag?post=21637"}],"curies":[{"name":"wp","href":"https:\/\/api.w.org\/{rel}","templated":true}]}}