{"id":21572,"date":"2026-03-29T18:05:05","date_gmt":"2026-03-29T17:05:05","guid":{"rendered":"https:\/\/bigbuy.tupique.com\/produto\/headphones-logitech-pro-x-2-black-white\/"},"modified":"2026-04-16T18:55:34","modified_gmt":"2026-04-16T17:55:34","slug":"headphones-logitech-pro-x-2-black-white","status":"publish","type":"product","link":"https:\/\/bigbuy.tupique.com\/pt\/produto\/headphones-logitech-pro-x-2-black-white\/","title":{"rendered":"Casque Logitech PRO X 2 Noir\/Blanc"},"content":{"rendered":"<p>Si vous \u00eates passionn\u00e9 d&#8217;<b>informatique et d&#8217;\u00e9lectronique<\/b>, si vous \u00eates \u00e0 la pointe de la technologie et qu&#8217;aucun d\u00e9tail ne vous \u00e9chappe, achetez <b>Casque Logitech PRO X 2 Noir\/Blanc<\/b> au meilleur prix.<\/p>\n<ul>\n<li>Type:\n<ul>\n<li>\u00c9couteur<\/li>\n<li>Casque audio<\/li>\n<li>Sans fil<\/li>\n<li>Casque<\/li>\n<li>Casques avec Microphone<\/li>\n<li>N\u00e9odyme<\/li>\n<\/ul>\n<\/li>\n<li>Caract\u00e9ristiques:\n<ul>\n<li>Batterie int\u00e9gr\u00e9e<\/li>\n<li>Guide d&#8217;installation inclus<\/li>\n<\/ul>\n<\/li>\n<li>Fr\u00e9quence:\n<ul>\n<li>2,4 GHz<\/li>\n<li>20 &#8211; 20000 Hz<\/li>\n<li>100 &#8211; 10000 Hz<\/li>\n<\/ul>\n<\/li>\n<li>Batterie: Oui<\/li>\n<li>Longueur du c\u00e2ble: 1,8 m<\/li>\n<li>Port\u00e9e: 30 m<\/li>\n<li>Utilisation recommand\u00e9e:\n<ul>\n<li>Jeu<\/li>\n<li>Jeux<\/li>\n<\/ul>\n<\/li>\n<li>Quantit\u00e9: 1<\/li>\n<li>Connectivit\u00e9:\n<ul>\n<li>Bluetooth<\/li>\n<li>Sans fil<\/li>\n<li>Fr\u00e9quence radio<\/li>\n<\/ul>\n<\/li>\n<li>Connexions:\n<ul>\n<li>USB-C<\/li>\n<li>USB<\/li>\n<li>Jack 3.5 mm<\/li>\n<li>USB-A &#8211; USB-C<\/li>\n<\/ul>\n<\/li>\n<li>Couleur:\n<ul>\n<li>Blanc<\/li>\n<li>Noir<\/li>\n<\/ul>\n<\/li>\n<li>Type de casque: Circonf\u00e9rence externe<\/li>\n<li>Inclut:\n<ul>\n<li>Coussinets<\/li>\n<li>\u00c9tui<\/li>\n<\/ul>\n<\/li>\n<li>\u00c2ge recommand\u00e9: Adultes<\/li>\n<li>Casque: Binaural<\/li>\n<li>Son: Dolby Surround 7.1<\/li>\n<\/ul>","protected":false},"excerpt":{"rendered":"<p>Si vous \u00eates passionn\u00e9 d&#8217;informatique et d&#8217;\u00e9lectronique, si vous \u00eates \u00e0 la pointe de la technologie et qu&#8217;aucun d\u00e9tail ne vous \u00e9chappe, achetez Casque Logitech PRO X 2 Noir\/Blanc au meilleur prix. Type: \u00c9couteur Casque audio Sans fil Casque Casques avec Microphone N\u00e9odyme Caract\u00e9ristiques: Batterie int\u00e9gr\u00e9e Guide d&#8217;installation inclus Fr\u00e9quence: 2,4 GHz 20 &#8211; 20000 [&hellip;]<\/p>\n","protected":false},"featured_media":21562,"comment_status":"open","ping_status":"closed","template":"","meta":[],"product_brand":[647],"product_cat":[65,581,594],"product_tag":[213,59,566,106],"class_list":{"0":"post-21572","1":"product","2":"type-product","3":"status-publish","4":"has-post-thumbnail","6":"product_brand-brandp_561","7":"product_cat-informatique-electronique","8":"product_cat-informatique-peripheriques-et-consommables","9":"product_cat-micros-et-ecouteurs","10":"product_tag-tag_933","11":"product_tag-tag_1304","12":"product_tag-tag_547","13":"product_tag-tag_1295","15":"first","16":"instock","17":"taxable","18":"shipping-taxable","19":"purchasable","20":"product-type-simple"},"_links":{"self":[{"href":"https:\/\/bigbuy.tupique.com\/pt\/wp-json\/wp\/v2\/product\/21572","targetHints":{"allow":["GET"]}}],"collection":[{"href":"https:\/\/bigbuy.tupique.com\/pt\/wp-json\/wp\/v2\/product"}],"about":[{"href":"https:\/\/bigbuy.tupique.com\/pt\/wp-json\/wp\/v2\/types\/product"}],"replies":[{"embeddable":true,"href":"https:\/\/bigbuy.tupique.com\/pt\/wp-json\/wp\/v2\/comments?post=21572"}],"wp:featuredmedia":[{"embeddable":true,"href":"https:\/\/bigbuy.tupique.com\/pt\/wp-json\/wp\/v2\/media\/21562"}],"wp:attachment":[{"href":"https:\/\/bigbuy.tupique.com\/pt\/wp-json\/wp\/v2\/media?parent=21572"}],"wp:term":[{"taxonomy":"product_brand","embeddable":true,"href":"https:\/\/bigbuy.tupique.com\/pt\/wp-json\/wp\/v2\/product_brand?post=21572"},{"taxonomy":"product_cat","embeddable":true,"href":"https:\/\/bigbuy.tupique.com\/pt\/wp-json\/wp\/v2\/product_cat?post=21572"},{"taxonomy":"product_tag","embeddable":true,"href":"https:\/\/bigbuy.tupique.com\/pt\/wp-json\/wp\/v2\/product_tag?post=21572"}],"curies":[{"name":"wp","href":"https:\/\/api.w.org\/{rel}","templated":true}]}}