{"id":21525,"date":"2026-03-29T18:03:53","date_gmt":"2026-03-29T17:03:53","guid":{"rendered":"https:\/\/bigbuy.tupique.com\/produto\/tablet-cover-apple-ipad-pro-black\/"},"modified":"2026-05-11T20:00:55","modified_gmt":"2026-05-11T18:00:55","slug":"tablet-cover-apple-ipad-pro-black","status":"publish","type":"product","link":"https:\/\/bigbuy.tupique.com\/pt\/produto\/tablet-cover-apple-ipad-pro-black\/","title":{"rendered":"Housse pour Tablette Apple iPad Pro Noir"},"content":{"rendered":"<p>Si vous \u00eates passionn\u00e9 d&#8217;<b>informatique et d&#8217;\u00e9lectronique<\/b>, si vous \u00eates \u00e0 la pointe de la technologie et qu&#8217;aucun d\u00e9tail ne vous \u00e9chappe, achetez <b>Housse pour Tablette Apple iPad Pro Noir<\/b> au meilleur prix.<\/p>\n<p>Le <b>Magic Keyboard pour iPad Pro 11<\/b> d\u2019<b>Apple<\/b> est une <b>housse pour tablette<\/b> con\u00e7ue pour offrir une exp\u00e9rience de frappe et d\u2019utilisation de l\u2019iPad Pro particuli\u00e8rement confortable et fonctionnelle. Sa structure en <b>aluminium noir<\/b> assure une construction robuste et durable, tout en apportant une finition \u00e9l\u00e9gante et sophistiqu\u00e9e, caract\u00e9ristique de la marque. Ce clavier int\u00e8gre une rang\u00e9e compl\u00e8te de <b>14 touches de fonction<\/b> facilitant l\u2019acc\u00e8s direct aux r\u00e9glages essentiels comme la luminosit\u00e9 de l\u2019\u00e9cran et le volume, am\u00e9liorant la productivit\u00e9 sans quitter l\u2019application en cours. Il dispose d\u2019une innovante <b>barre tactile int\u00e9gr\u00e9e<\/b> et d\u2019une <b>grande surface de trackpad avec retour haptique<\/b> permettant des gestes Multi-Touch intuitifs, parfaits pour des t\u00e2ches pr\u00e9cises telles que l\u2019\u00e9dition de feuilles de calcul ou la s\u00e9lection de texte, fonctionnant comme une souris classique. Son design flottant et ajustable offre plusieurs positions d\u2019affichage pour adapter l\u2019iPad \u00e0 la posture et \u00e0 l\u2019environnement de l\u2019utilisateur, augmentant ainsi l\u2019ergonomie lors de sessions prolong\u00e9es. De plus, il poss\u00e8de un port de charge USB-C ind\u00e9pendant permettant de recharger l\u2019iPad sans d\u00e9connecter le clavier, pour plus de confort. L\u2019alliance entre protection compl\u00e8te et fonctionnalit\u00e9 fait de cette housse un accessoire indispensable pour les professionnels et cr\u00e9atifs souhaitant exploiter pleinement leur iPad Pro 11. En r\u00e9sum\u00e9, le Magic Keyboard repr\u00e9sente une solution avanc\u00e9e combinant clavier, trackpad et support en un seul accessoire con\u00e7u pour une efficacit\u00e9 et une durabilit\u00e9 maximales.<\/p>\n<ul>\n<li>Langue: Fran\u00e7ais<\/li>\n<li>Type: Housse pour Tablette<\/li>\n<li>Couleur: Noir<\/li>\n<li>Mati\u00e8re: Aluminium<\/li>\n<li>Touches: 64<\/li>\n<\/ul>","protected":false},"excerpt":{"rendered":"<p>Si vous \u00eates passionn\u00e9 d&#8217;informatique et d&#8217;\u00e9lectronique, si vous \u00eates \u00e0 la pointe de la technologie et qu&#8217;aucun d\u00e9tail ne vous \u00e9chappe, achetez Housse pour Tablette Apple iPad Pro Noir au meilleur prix. Le Magic Keyboard pour iPad Pro 11 d\u2019Apple est une housse pour tablette con\u00e7ue pour offrir une exp\u00e9rience de frappe et d\u2019utilisation [&hellip;]<\/p>\n","protected":false},"featured_media":21520,"comment_status":"open","ping_status":"closed","template":"","meta":[],"product_brand":[979],"product_cat":[575,971,65],"product_tag":[59,566,106],"class_list":{"0":"post-21525","1":"product","2":"type-product","3":"status-publish","4":"has-post-thumbnail","6":"product_brand-brandp_533","7":"product_cat-electronique-telephonie-et-tablettes","8":"product_cat-housse-de-tablette","9":"product_cat-informatique-electronique","10":"product_tag-tag_1304","11":"product_tag-tag_547","12":"product_tag-tag_1295","14":"first","15":"instock","16":"taxable","17":"shipping-taxable","18":"purchasable","19":"product-type-simple"},"_links":{"self":[{"href":"https:\/\/bigbuy.tupique.com\/pt\/wp-json\/wp\/v2\/product\/21525","targetHints":{"allow":["GET"]}}],"collection":[{"href":"https:\/\/bigbuy.tupique.com\/pt\/wp-json\/wp\/v2\/product"}],"about":[{"href":"https:\/\/bigbuy.tupique.com\/pt\/wp-json\/wp\/v2\/types\/product"}],"replies":[{"embeddable":true,"href":"https:\/\/bigbuy.tupique.com\/pt\/wp-json\/wp\/v2\/comments?post=21525"}],"wp:featuredmedia":[{"embeddable":true,"href":"https:\/\/bigbuy.tupique.com\/pt\/wp-json\/wp\/v2\/media\/21520"}],"wp:attachment":[{"href":"https:\/\/bigbuy.tupique.com\/pt\/wp-json\/wp\/v2\/media?parent=21525"}],"wp:term":[{"taxonomy":"product_brand","embeddable":true,"href":"https:\/\/bigbuy.tupique.com\/pt\/wp-json\/wp\/v2\/product_brand?post=21525"},{"taxonomy":"product_cat","embeddable":true,"href":"https:\/\/bigbuy.tupique.com\/pt\/wp-json\/wp\/v2\/product_cat?post=21525"},{"taxonomy":"product_tag","embeddable":true,"href":"https:\/\/bigbuy.tupique.com\/pt\/wp-json\/wp\/v2\/product_tag?post=21525"}],"curies":[{"name":"wp","href":"https:\/\/api.w.org\/{rel}","templated":true}]}}