{"id":21439,"date":"2026-03-29T17:52:13","date_gmt":"2026-03-29T16:52:13","guid":{"rendered":"https:\/\/bigbuy.tupique.com\/produto\/network-storage-qnap-tvs-h874t-i9-64g-black\/"},"modified":"2026-04-16T10:06:04","modified_gmt":"2026-04-16T09:06:04","slug":"network-storage-qnap-tvs-h874t-i9-64g-black","status":"publish","type":"product","link":"https:\/\/bigbuy.tupique.com\/pt\/produto\/network-storage-qnap-tvs-h874t-i9-64g-black\/","title":{"rendered":"Stockage r\u00e9seau Qnap TVS-H874T-I9-64G Noir"},"content":{"rendered":"<p>Si vous \u00eates passionn\u00e9 d&#8217;<b>informatique et d&#8217;\u00e9lectronique<\/b>, si vous \u00eates \u00e0 la pointe de la technologie et qu&#8217;aucun d\u00e9tail ne vous \u00e9chappe, achetez <b>Stockage r\u00e9seau Qnap TVS-H874T-I9-64G Noir<\/b> au meilleur prix.<\/p>\n<p>Le <b>QNAP TVS-H874T-I9-64G<\/b> est un appareil de <b>stockage en r\u00e9seau (NAS)<\/b> con\u00e7u pour les utilisateurs domestiques recherchant performance et fiabilit\u00e9 dans une solution de serveur personnel. Ce mod\u00e8le tour compact de couleur <b>noir<\/b> int\u00e8gre un puissant processeur de la famille <b>Intel\u00ae Core\u2122 i9<\/b>, garantissant une capacit\u00e9 de traitement avanc\u00e9e pour la gestion des donn\u00e9es, applications et multim\u00e9dia en r\u00e9seau. Il dispose de <b>64 Go de m\u00e9moire interne DDR4<\/b>, facilitant un multit\u00e2che efficace et un acc\u00e8s rapide \u00e0 l\u2019information. Bien que la capacit\u00e9 de stockage install\u00e9e par d\u00e9faut soit de <b>0 To<\/b>, cet \u00e9quipement est compatible avec des disques durs et des unit\u00e9s \u00e0 \u00e9tat solide (<b>HDD\/SSD<\/b>), permettant de configurer et d\u2019\u00e9tendre le syst\u00e8me selon les besoins de l\u2019utilisateur. Le NAS offre une connectivit\u00e9 multim\u00e9dia via <b>HDMI<\/b>, permettant la connexion directe \u00e0 des \u00e9crans pour la lecture de contenu ou la gestion locale sans d\u00e9pendre d\u2019un autre ordinateur, et int\u00e8gre \u00e9galement des ports USB pour \u00e9tendre les options de connexion et de sauvegarde. Il est \u00e9quip\u00e9 d\u2019un <b>interrupteur marche\/arr\u00eat<\/b> accessible et d\u2019un <b>\u00e9cran int\u00e9gr\u00e9<\/b> facilitant la surveillance du syst\u00e8me et de son \u00e9tat op\u00e9rationnel. Il fonctionne sous le syst\u00e8me d\u2019exploitation <b>QNAP QTS<\/b>, qui propose une interface intuitive et de nombreuses applications pour l\u2019administration, la s\u00e9curit\u00e9, le stockage et la sauvegarde des donn\u00e9es, id\u00e9al pour g\u00e9rer un environnement multim\u00e9dia domestique ou un petit espace de travail avec la flexibilit\u00e9 et la s\u00e9curit\u00e9 propres \u00e0 un NAS. En r\u00e9sum\u00e9, le TVS-H874T-I9-64G est une solution robuste et \u00e9volutive qui combine la puissance d\u2019un processeur Intel i9 avec une grande capacit\u00e9 m\u00e9moire et des options de stockage flexibles, con\u00e7ue pour les utilisateurs exigeants n\u00e9cessitant un stockage r\u00e9seau avanc\u00e9 avec une connectivit\u00e9 polyvalente.<\/p>\n<ul>\n<li>Produit \u00e0 brancher: Oui<\/li>\n<li>Type de prise: Prise EU<\/li>\n<li>Bloc d\u2019Alimentation:\n<ul>\n<li>r\u00e9seau \u00e9lectrique<\/li>\n<li>350 W<\/li>\n<li>Int\u00e9rieur<\/li>\n<\/ul>\n<\/li>\n<li>Type:\n<ul>\n<li>DDR4<\/li>\n<li>NAS<\/li>\n<li>HDD<\/li>\n<li>HDD\/SSD<\/li>\n<\/ul>\n<\/li>\n<li>Couleur: Noir<\/li>\n<li>Caract\u00e9ristiques:\n<ul>\n<li>\u00c9cran integr\u00e9<\/li>\n<li>Interrupteur marche\/arr\u00eat<\/li>\n<li>Vibromasseur<\/li>\n<\/ul>\n<\/li>\n<li>Connexions:\n<ul>\n<li>HDMI<\/li>\n<li>RJ45 x 2<\/li>\n<li>Ethernet LAN<\/li>\n<li>2<\/li>\n<li>SO-DIMM<\/li>\n<li>Sata II<\/li>\n<li>USB<\/li>\n<li>RJ45<\/li>\n<li>HDMI 1.4<\/li>\n<li>USB A 3.2 Gen 2 (3.1 Gen 2) x 2<\/li>\n<li>USB-C 3.2 Gen 2 (3.1 Gen 2)<\/li>\n<\/ul>\n<\/li>\n<li>Tension:\n<ul>\n<li>100-240 V<\/li>\n<li>100 &#8211; 240 V<\/li>\n<\/ul>\n<\/li>\n<li>Compatible: HDD\/SSD<\/li>\n<li>M\u00e9moire interne: 64 GB<\/li>\n<li>Ventillateur:\n<ul>\n<li>3<\/li>\n<li>12 cm<\/li>\n<\/ul>\n<\/li>\n<li>Batterie au lithium rechargeable: 350 mAh<\/li>\n<li>Connectivit\u00e9: Ethernet LAN<\/li>\n<li>Type de m\u00e9moire: DDR4<\/li>\n<li>Technologie: LCD<\/li>\n<li>Facteur de forme: SO-DIMM<\/li>\n<li>Connecteurs: Kensington<\/li>\n<li>M\u00e9moire: x 2<\/li>\n<li>vitesse: 10\/100\/1000\/2500 Mbps<\/li>\n<li>Noyaux: 16 Noyaux<\/li>\n<li>Famille de processeurs: Intel<\/li>\n<\/ul>","protected":false},"excerpt":{"rendered":"<p>Si vous \u00eates passionn\u00e9 d&#8217;informatique et d&#8217;\u00e9lectronique, si vous \u00eates \u00e0 la pointe de la technologie et qu&#8217;aucun d\u00e9tail ne vous \u00e9chappe, achetez Stockage r\u00e9seau Qnap TVS-H874T-I9-64G Noir au meilleur prix. Le QNAP TVS-H874T-I9-64G est un appareil de stockage en r\u00e9seau (NAS) con\u00e7u pour les utilisateurs domestiques recherchant performance et fiabilit\u00e9 dans une solution de [&hellip;]<\/p>\n","protected":false},"featured_media":21433,"comment_status":"open","ping_status":"closed","template":"","meta":[],"product_brand":[646],"product_cat":[588,65,584],"product_tag":[106],"class_list":{"0":"post-21439","1":"product","2":"type-product","3":"status-publish","4":"has-post-thumbnail","6":"product_brand-brandp_4747","7":"product_cat-disques-durs","8":"product_cat-informatique-electronique","9":"product_cat-informatique-reseaux-et-composants","10":"product_tag-tag_1295","12":"first","13":"instock","14":"taxable","15":"shipping-taxable","16":"purchasable","17":"product-type-simple"},"_links":{"self":[{"href":"https:\/\/bigbuy.tupique.com\/pt\/wp-json\/wp\/v2\/product\/21439","targetHints":{"allow":["GET"]}}],"collection":[{"href":"https:\/\/bigbuy.tupique.com\/pt\/wp-json\/wp\/v2\/product"}],"about":[{"href":"https:\/\/bigbuy.tupique.com\/pt\/wp-json\/wp\/v2\/types\/product"}],"replies":[{"embeddable":true,"href":"https:\/\/bigbuy.tupique.com\/pt\/wp-json\/wp\/v2\/comments?post=21439"}],"wp:featuredmedia":[{"embeddable":true,"href":"https:\/\/bigbuy.tupique.com\/pt\/wp-json\/wp\/v2\/media\/21433"}],"wp:attachment":[{"href":"https:\/\/bigbuy.tupique.com\/pt\/wp-json\/wp\/v2\/media?parent=21439"}],"wp:term":[{"taxonomy":"product_brand","embeddable":true,"href":"https:\/\/bigbuy.tupique.com\/pt\/wp-json\/wp\/v2\/product_brand?post=21439"},{"taxonomy":"product_cat","embeddable":true,"href":"https:\/\/bigbuy.tupique.com\/pt\/wp-json\/wp\/v2\/product_cat?post=21439"},{"taxonomy":"product_tag","embeddable":true,"href":"https:\/\/bigbuy.tupique.com\/pt\/wp-json\/wp\/v2\/product_tag?post=21439"}],"curies":[{"name":"wp","href":"https:\/\/api.w.org\/{rel}","templated":true}]}}