{"id":21357,"date":"2026-03-29T17:49:59","date_gmt":"2026-03-29T16:49:59","guid":{"rendered":"https:\/\/bigbuy.tupique.com\/produto\/shower-column-grohe-vitalio-start-system-250-black-abs\/"},"modified":"2026-04-16T18:21:38","modified_gmt":"2026-04-16T17:21:38","slug":"shower-column-grohe-vitalio-start-system-250-black-abs","status":"publish","type":"product","link":"https:\/\/bigbuy.tupique.com\/pt\/produto\/shower-column-grohe-vitalio-start-system-250-black-abs\/","title":{"rendered":"Colonne de douche Grohe Vitalio Start System 250 Noir ABS"},"content":{"rendered":"<p>Si vous aimez prendre soin de chaque d\u00e9tail de votre maison et d&#8217;\u00eatre \u00e0 la derni\u00e8re mode en mati\u00e8re de produits qui vous rendront la vie plus facile, achetez <b>Colonne de douche Grohe Vitalio Start System 250 Noir ABS<\/b> au meilleur prix.<\/p>\n<p>La <b>colonne de douche Vitalio Start System 250<\/b> de <b>Grohe<\/b> est un \u00e9l\u00e9ment fonctionnel et moderne con\u00e7u pour une installation murale, id\u00e9al pour ceux qui recherchent une solution pratique et \u00e9l\u00e9gante dans leur salle de bains. Cette colonne de douche pr\u00e9sente une finition en <b>noir mat<\/b> qui apporte une touche contemporaine et raffin\u00e9e \u00e0 tout espace. Fabriqu\u00e9e en <b>ABS<\/b>, un mat\u00e9riau r\u00e9sistant et l\u00e9ger, elle garantit durabilit\u00e9 et facilit\u00e9 d\u2019entretien. Parmi ses caract\u00e9ristiques techniques, on trouve le <b>diverter manuel<\/b> qui permet de basculer ais\u00e9ment entre diff\u00e9rentes sorties d\u2019eau, offrant ainsi une grande polyvalence au quotidien. De plus, elle int\u00e8gre des composants en <b>silicone<\/b> facilitant le nettoyage et emp\u00eachant l\u2019accumulation de calcaire, ce qui prolonge la dur\u00e9e de vie du produit. Son design allie esth\u00e9tique et \u00e9conomie d\u2019eau, contribuant \u00e0 une utilisation efficace et responsable sans compromettre le confort sous la douche. Cette colonne s\u2019installe facilement et en toute s\u00e9curit\u00e9 gr\u00e2ce \u00e0 son montage mural, compatible avec les installations standards, offrant une exp\u00e9rience d\u2019utilisation fiable et confortable. En r\u00e9sum\u00e9, la <b>Vitalio Start System 250<\/b> est une solution pratique et bien pens\u00e9e, combinant qualit\u00e9 des mat\u00e9riaux, fonctionnalit\u00e9 et design contemporain pour am\u00e9liorer tout espace de salle de bains.<\/p>\n<ul>\n<li>Couleur:\n<ul>\n<li>Noir<\/li>\n<li>Noir mat<\/li>\n<\/ul>\n<\/li>\n<li>Mati\u00e8re:\n<ul>\n<li>ABS<\/li>\n<li>Silicone<\/li>\n<\/ul>\n<\/li>\n<li>Type d&#8217;installation: Montage mural<\/li>\n<\/ul>","protected":false},"excerpt":{"rendered":"<p>Si vous aimez prendre soin de chaque d\u00e9tail de votre maison et d&#8217;\u00eatre \u00e0 la derni\u00e8re mode en mati\u00e8re de produits qui vous rendront la vie plus facile, achetez Colonne de douche Grohe Vitalio Start System 250 Noir ABS au meilleur prix. La colonne de douche Vitalio Start System 250 de Grohe est un \u00e9l\u00e9ment [&hellip;]<\/p>\n","protected":false},"featured_media":21352,"comment_status":"open","ping_status":"closed","template":"","meta":[],"product_brand":[848],"product_cat":[781,239,780],"product_tag":[59,210],"class_list":{"0":"post-21357","1":"product","2":"type-product","3":"status-publish","4":"has-post-thumbnail","6":"product_brand-brandp_3107","7":"product_cat-accessoires-et-robinets","8":"product_cat-maison-jardin","9":"product_cat-salle-de-bain","10":"product_tag-tag_1304","11":"product_tag-tag_25","13":"first","14":"instock","15":"taxable","16":"shipping-taxable","17":"purchasable","18":"product-type-simple"},"_links":{"self":[{"href":"https:\/\/bigbuy.tupique.com\/pt\/wp-json\/wp\/v2\/product\/21357","targetHints":{"allow":["GET"]}}],"collection":[{"href":"https:\/\/bigbuy.tupique.com\/pt\/wp-json\/wp\/v2\/product"}],"about":[{"href":"https:\/\/bigbuy.tupique.com\/pt\/wp-json\/wp\/v2\/types\/product"}],"replies":[{"embeddable":true,"href":"https:\/\/bigbuy.tupique.com\/pt\/wp-json\/wp\/v2\/comments?post=21357"}],"wp:featuredmedia":[{"embeddable":true,"href":"https:\/\/bigbuy.tupique.com\/pt\/wp-json\/wp\/v2\/media\/21352"}],"wp:attachment":[{"href":"https:\/\/bigbuy.tupique.com\/pt\/wp-json\/wp\/v2\/media?parent=21357"}],"wp:term":[{"taxonomy":"product_brand","embeddable":true,"href":"https:\/\/bigbuy.tupique.com\/pt\/wp-json\/wp\/v2\/product_brand?post=21357"},{"taxonomy":"product_cat","embeddable":true,"href":"https:\/\/bigbuy.tupique.com\/pt\/wp-json\/wp\/v2\/product_cat?post=21357"},{"taxonomy":"product_tag","embeddable":true,"href":"https:\/\/bigbuy.tupique.com\/pt\/wp-json\/wp\/v2\/product_tag?post=21357"}],"curies":[{"name":"wp","href":"https:\/\/api.w.org\/{rel}","templated":true}]}}