{"id":21351,"date":"2026-03-29T17:49:50","date_gmt":"2026-03-29T16:49:50","guid":{"rendered":"https:\/\/bigbuy.tupique.com\/produto\/electric-planer-metabo-18-v\/"},"modified":"2026-04-16T20:01:20","modified_gmt":"2026-04-16T19:01:20","slug":"electric-planer-metabo-18-v","status":"publish","type":"product","link":"https:\/\/bigbuy.tupique.com\/pt\/produto\/electric-planer-metabo-18-v\/","title":{"rendered":"Rabot de charpente \u00e9lectrique Metabo 18 V"},"content":{"rendered":"<p>Si vous aimez prendre soin de chaque d\u00e9tail de votre maison et d&#8217;\u00eatre \u00e0 la derni\u00e8re mode en mati\u00e8re de produits qui vous rendront la vie plus facile, achetez <b>Rabot de charpente \u00e9lectrique Metabo 18 V<\/b> au meilleur prix.<\/p>\n<p>La <b>raboteuse d\u2019\u00e9tabli<\/b> Metabo HO 18 LTX 20-82 est un outil sans fil con\u00e7u pour offrir haute performance et polyvalence dans les travaux de menuiserie et bricolage professionnel. Elle fonctionne avec un syst\u00e8me de batterie <b>18 V<\/b>, assurant une totale libert\u00e9 sans c\u00e2ble tout en conservant puissance et efficacit\u00e9, id\u00e9ale pour les environnements o\u00f9 la mobilit\u00e9 est essentielle. Son design en <b>noir<\/b> s\u2019accorde avec l\u2019esth\u00e9tique habituelle des outils robustes et durables, tandis que sa fabrication avec des mat\u00e9riaux r\u00e9sistants, repr\u00e9sent\u00e9e ici par un emballage en <b>carton<\/b>, facilite son transport et son stockage en toute s\u00e9curit\u00e9. Cette raboteuse se distingue \u00e9galement par son niveau sonore fix\u00e9 \u00e0 <b>101 dB<\/b>, un \u00e9l\u00e9ment important pour \u00e9valuer les conditions de travail et la n\u00e9cessit\u00e9 \u00e9ventuelle de protection auditive. Le mod\u00e8le Metabo HO 18 LTX 20-82 est destin\u00e9 aux utilisateurs recherchant une solution compacte et efficace pour lisser et fa\u00e7onner avec pr\u00e9cision les surfaces en bois, b\u00e9n\u00e9ficiant de la technologie batterie qui garantit libert\u00e9 de mouvement et moindre entretien. En r\u00e9sum\u00e9, cette raboteuse repr\u00e9sente un outil pratique et puissant dans la gamme sans fil Metabo, adapt\u00e9 aux professionnels et amateurs en qu\u00eate de fiabilit\u00e9 et confort au quotidien.<\/p>\n<ul>\n<li>Couleur: Noir<\/li>\n<li>Mati\u00e8re: Carton<\/li>\n<li>Tension: 18 V<\/li>\n<li>Volume sonore: 101 dB<\/li>\n<\/ul>","protected":false},"excerpt":{"rendered":"<p>Si vous aimez prendre soin de chaque d\u00e9tail de votre maison et d&#8217;\u00eatre \u00e0 la derni\u00e8re mode en mati\u00e8re de produits qui vous rendront la vie plus facile, achetez Rabot de charpente \u00e9lectrique Metabo 18 V au meilleur prix. La raboteuse d\u2019\u00e9tabli Metabo HO 18 LTX 20-82 est un outil sans fil con\u00e7u pour offrir [&hellip;]<\/p>\n","protected":false},"featured_media":21347,"comment_status":"open","ping_status":"closed","template":"","meta":[],"product_brand":[1003],"product_cat":[613,239],"product_tag":[59,210],"class_list":{"0":"post-21351","1":"product","2":"type-product","3":"status-publish","4":"has-post-thumbnail","6":"product_brand-brandp_6129","7":"product_cat-bricolage-et-materiel","8":"product_cat-maison-jardin","9":"product_tag-tag_1304","10":"product_tag-tag_25","12":"first","13":"instock","14":"taxable","15":"shipping-taxable","16":"purchasable","17":"product-type-simple"},"_links":{"self":[{"href":"https:\/\/bigbuy.tupique.com\/pt\/wp-json\/wp\/v2\/product\/21351","targetHints":{"allow":["GET"]}}],"collection":[{"href":"https:\/\/bigbuy.tupique.com\/pt\/wp-json\/wp\/v2\/product"}],"about":[{"href":"https:\/\/bigbuy.tupique.com\/pt\/wp-json\/wp\/v2\/types\/product"}],"replies":[{"embeddable":true,"href":"https:\/\/bigbuy.tupique.com\/pt\/wp-json\/wp\/v2\/comments?post=21351"}],"wp:featuredmedia":[{"embeddable":true,"href":"https:\/\/bigbuy.tupique.com\/pt\/wp-json\/wp\/v2\/media\/21347"}],"wp:attachment":[{"href":"https:\/\/bigbuy.tupique.com\/pt\/wp-json\/wp\/v2\/media?parent=21351"}],"wp:term":[{"taxonomy":"product_brand","embeddable":true,"href":"https:\/\/bigbuy.tupique.com\/pt\/wp-json\/wp\/v2\/product_brand?post=21351"},{"taxonomy":"product_cat","embeddable":true,"href":"https:\/\/bigbuy.tupique.com\/pt\/wp-json\/wp\/v2\/product_cat?post=21351"},{"taxonomy":"product_tag","embeddable":true,"href":"https:\/\/bigbuy.tupique.com\/pt\/wp-json\/wp\/v2\/product_tag?post=21351"}],"curies":[{"name":"wp","href":"https:\/\/api.w.org\/{rel}","templated":true}]}}