{"id":21307,"date":"2026-03-29T17:48:45","date_gmt":"2026-03-29T16:48:45","guid":{"rendered":"https:\/\/bigbuy.tupique.com\/produto\/drill-and-accessories-set-bosch-gbh-18v-36-c-professional-18-v\/"},"modified":"2026-05-11T20:02:38","modified_gmt":"2026-05-11T18:02:38","slug":"drill-and-accessories-set-bosch-gbh-18v-36-c-professional-18-v","status":"publish","type":"product","link":"https:\/\/bigbuy.tupique.com\/pt\/produto\/drill-and-accessories-set-bosch-gbh-18v-36-c-professional-18-v\/","title":{"rendered":"Set de forage et accessoires BOSCH GBH 18V-36 C Professional 18 V"},"content":{"rendered":"<p>Si vous aimez prendre soin de chaque d\u00e9tail de votre maison et d&#8217;\u00eatre \u00e0 la derni\u00e8re mode en mati\u00e8re de produits qui vous rendront la vie plus facile, achetez <b>Set de forage et accessoires BOSCH GBH 18V-36 C Professional 18 V<\/b> au meilleur prix.<\/p>\n<ul>\n<li>Couleur:\n<ul>\n<li>Noir<\/li>\n<li>Bleu<\/li>\n<\/ul>\n<\/li>\n<li>Caract\u00e9ristiques:\n<ul>\n<li>Lumi\u00e8re LED<\/li>\n<li>Double poign\u00e9e<\/li>\n<\/ul>\n<\/li>\n<li>Tension: 18 V<\/li>\n<li>Bloc d\u2019Alimentation:\n<ul>\n<li>Batterie<\/li>\n<li>Batterie rechargeable<\/li>\n<\/ul>\n<\/li>\n<li>Moteur: Sans brosse<\/li>\n<li>Fonctionne \u00e0 piles: Oui<\/li>\n<li>Inclut:\n<ul>\n<li>Batterie<\/li>\n<li>Batterie au lithium rechargeable<\/li>\n<li>Chargeur de batterie<\/li>\n<li>Housse de transport<\/li>\n<\/ul>\n<\/li>\n<li>Piles incluses: Oui<\/li>\n<li>Volume sonore: 101 dB<\/li>\n<li>Type de batterie: Litio Ion<\/li>\n<\/ul>","protected":false},"excerpt":{"rendered":"<p>Si vous aimez prendre soin de chaque d\u00e9tail de votre maison et d&#8217;\u00eatre \u00e0 la derni\u00e8re mode en mati\u00e8re de produits qui vous rendront la vie plus facile, achetez Set de forage et accessoires BOSCH GBH 18V-36 C Professional 18 V au meilleur prix. Couleur: Noir Bleu Caract\u00e9ristiques: Lumi\u00e8re LED Double poign\u00e9e Tension: 18 V [&hellip;]<\/p>\n","protected":false},"featured_media":21305,"comment_status":"open","ping_status":"closed","template":"","meta":[],"product_brand":[162],"product_cat":[613,239],"product_tag":[59,210],"class_list":{"0":"post-21307","1":"product","2":"type-product","3":"status-publish","4":"has-post-thumbnail","6":"product_brand-brandp_959","7":"product_cat-bricolage-et-materiel","8":"product_cat-maison-jardin","9":"product_tag-tag_1304","10":"product_tag-tag_25","12":"first","13":"instock","14":"taxable","15":"shipping-taxable","16":"purchasable","17":"product-type-simple"},"_links":{"self":[{"href":"https:\/\/bigbuy.tupique.com\/pt\/wp-json\/wp\/v2\/product\/21307","targetHints":{"allow":["GET"]}}],"collection":[{"href":"https:\/\/bigbuy.tupique.com\/pt\/wp-json\/wp\/v2\/product"}],"about":[{"href":"https:\/\/bigbuy.tupique.com\/pt\/wp-json\/wp\/v2\/types\/product"}],"replies":[{"embeddable":true,"href":"https:\/\/bigbuy.tupique.com\/pt\/wp-json\/wp\/v2\/comments?post=21307"}],"wp:featuredmedia":[{"embeddable":true,"href":"https:\/\/bigbuy.tupique.com\/pt\/wp-json\/wp\/v2\/media\/21305"}],"wp:attachment":[{"href":"https:\/\/bigbuy.tupique.com\/pt\/wp-json\/wp\/v2\/media?parent=21307"}],"wp:term":[{"taxonomy":"product_brand","embeddable":true,"href":"https:\/\/bigbuy.tupique.com\/pt\/wp-json\/wp\/v2\/product_brand?post=21307"},{"taxonomy":"product_cat","embeddable":true,"href":"https:\/\/bigbuy.tupique.com\/pt\/wp-json\/wp\/v2\/product_cat?post=21307"},{"taxonomy":"product_tag","embeddable":true,"href":"https:\/\/bigbuy.tupique.com\/pt\/wp-json\/wp\/v2\/product_tag?post=21307"}],"curies":[{"name":"wp","href":"https:\/\/api.w.org\/{rel}","templated":true}]}}