{"id":21245,"date":"2026-03-29T17:47:10","date_gmt":"2026-03-29T16:47:10","guid":{"rendered":"https:\/\/bigbuy.tupique.com\/produto\/electric-screwdriver-metabo-6798308-1300-w\/"},"modified":"2026-04-16T20:01:21","modified_gmt":"2026-04-16T19:01:21","slug":"electric-screwdriver-metabo-6798308-1300-w","status":"publish","type":"product","link":"https:\/\/bigbuy.tupique.com\/pt\/produto\/electric-screwdriver-metabo-6798308-1300-w\/","title":{"rendered":"Tournevis \u00e9lectrique Metabo 6798308 1300 W"},"content":{"rendered":"<p>Si vous aimez prendre soin de chaque d\u00e9tail de votre maison et d&#8217;\u00eatre \u00e0 la derni\u00e8re mode en mati\u00e8re de produits qui vous rendront la vie plus facile, achetez <b>Tournevis \u00e9lectrique Metabo 6798308 1300 W<\/b> au meilleur prix.<\/p>\n<p>Le <b>tournevis \u00e9lectrique Metabo mod\u00e8le 6798308<\/b> est un outil robuste et polyvalent con\u00e7u pour les travaux professionnels et domestiques n\u00e9cessitant pr\u00e9cision et puissance. Il pr\u00e9sente un design ergonomique en <b>vert<\/b>, couleur caract\u00e9ristique de la marque Metabo, facilitant une prise en main confortable lors d\u2019une utilisation prolong\u00e9e. Ce mod\u00e8le fonctionne sous un <b>voltage de 18 V<\/b> et est aliment\u00e9 par un <b>c\u00e2ble \u00e9lectrique<\/b> avec prise standard EU, garantissant une alimentation constante et sans interruption, id\u00e9al pour les t\u00e2ches demandant un usage continu sans souci de batterie. De plus, il dispose d\u2019une puissance de <b>1300 W<\/b> permettant d\u2019aborder efficacement les travaux de vissage et de per\u00e7age, y compris gr\u00e2ce \u00e0 son mandrin \u00e0 cl\u00e9, un accessoire offrant plus de s\u00e9curit\u00e9 et facilitant le changement rapide et s\u00fbr des embouts. Ce tournevis \u00e9lectrique int\u00e8gre \u00e9galement la cl\u00e9 de mandrin MET4007430314352, qui optimise le montage et d\u00e9montage des accessoires, \u00e9largissant sa fonctionnalit\u00e9. Son alimentation par c\u00e2ble assure stabilit\u00e9 et performance constante, contrairement aux mod\u00e8les uniquement sur batterie. La combinaison de ces caract\u00e9ristiques fait de ce tournevis \u00e9lectrique un outil adapt\u00e9 aux utilisateurs recherchant un \u00e9quilibre entre puissance, fiabilit\u00e9 et facilit\u00e9 d\u2019utilisation pour des projets de bricolage, construction ou maintenance. En r\u00e9sum\u00e9, le Metabo 6798308 est une solution technique solide pour ceux qui ont besoin d\u2019un tournevis \u00e9lectrique efficace et durable.<\/p>\n<ul>\n<li>Produit \u00e0 brancher: Oui<\/li>\n<li>Type de prise: Prise EU<\/li>\n<li>Type: Tournevis \u00e9lectrique<\/li>\n<li>Bloc d\u2019Alimentation:\n<ul>\n<li>r\u00e9seau \u00e9lectrique<\/li>\n<li>C\u00e2ble \u00e9lectrique<\/li>\n<\/ul>\n<\/li>\n<li>Dimensions approx.: 28 x 9 x 36 cm<\/li>\n<li>Couleur: Vert<\/li>\n<li>puissance: 1300 W<\/li>\n<li>Tension: 18 V<\/li>\n<li>Mati\u00e8re: M\u00e9tal\/Plastique<\/li>\n<li>Poids: 3 g<\/li>\n<\/ul>","protected":false},"excerpt":{"rendered":"<p>Si vous aimez prendre soin de chaque d\u00e9tail de votre maison et d&#8217;\u00eatre \u00e0 la derni\u00e8re mode en mati\u00e8re de produits qui vous rendront la vie plus facile, achetez Tournevis \u00e9lectrique Metabo 6798308 1300 W au meilleur prix. Le tournevis \u00e9lectrique Metabo mod\u00e8le 6798308 est un outil robuste et polyvalent con\u00e7u pour les travaux professionnels [&hellip;]<\/p>\n","protected":false},"featured_media":21232,"comment_status":"open","ping_status":"closed","template":"","meta":[],"product_brand":[1003],"product_cat":[613,239],"product_tag":[59,210],"class_list":{"0":"post-21245","1":"product","2":"type-product","3":"status-publish","4":"has-post-thumbnail","6":"product_brand-brandp_6129","7":"product_cat-bricolage-et-materiel","8":"product_cat-maison-jardin","9":"product_tag-tag_1304","10":"product_tag-tag_25","12":"first","13":"instock","14":"taxable","15":"shipping-taxable","16":"purchasable","17":"product-type-simple"},"_links":{"self":[{"href":"https:\/\/bigbuy.tupique.com\/pt\/wp-json\/wp\/v2\/product\/21245","targetHints":{"allow":["GET"]}}],"collection":[{"href":"https:\/\/bigbuy.tupique.com\/pt\/wp-json\/wp\/v2\/product"}],"about":[{"href":"https:\/\/bigbuy.tupique.com\/pt\/wp-json\/wp\/v2\/types\/product"}],"replies":[{"embeddable":true,"href":"https:\/\/bigbuy.tupique.com\/pt\/wp-json\/wp\/v2\/comments?post=21245"}],"wp:featuredmedia":[{"embeddable":true,"href":"https:\/\/bigbuy.tupique.com\/pt\/wp-json\/wp\/v2\/media\/21232"}],"wp:attachment":[{"href":"https:\/\/bigbuy.tupique.com\/pt\/wp-json\/wp\/v2\/media?parent=21245"}],"wp:term":[{"taxonomy":"product_brand","embeddable":true,"href":"https:\/\/bigbuy.tupique.com\/pt\/wp-json\/wp\/v2\/product_brand?post=21245"},{"taxonomy":"product_cat","embeddable":true,"href":"https:\/\/bigbuy.tupique.com\/pt\/wp-json\/wp\/v2\/product_cat?post=21245"},{"taxonomy":"product_tag","embeddable":true,"href":"https:\/\/bigbuy.tupique.com\/pt\/wp-json\/wp\/v2\/product_tag?post=21245"}],"curies":[{"name":"wp","href":"https:\/\/api.w.org\/{rel}","templated":true}]}}