{"id":21226,"date":"2026-03-29T17:46:42","date_gmt":"2026-03-29T16:46:42","guid":{"rendered":"https:\/\/bigbuy.tupique.com\/produto\/processor-amd-100-100001590box-amd-am5\/"},"modified":"2026-05-11T19:59:47","modified_gmt":"2026-05-11T17:59:47","slug":"processor-amd-100-100001590box-amd-am5","status":"publish","type":"product","link":"https:\/\/bigbuy.tupique.com\/pt\/produto\/processor-amd-100-100001590box-amd-am5\/","title":{"rendered":"Processeur AMD 100-100001590BOX AMD AM5"},"content":{"rendered":"<p>Si vous \u00eates passionn\u00e9 d&#8217;<b>informatique et d&#8217;\u00e9lectronique<\/b>, si vous \u00eates \u00e0 la pointe de la technologie et qu&#8217;aucun d\u00e9tail ne vous \u00e9chappe, achetez <b>Processeur AMD 100-100001590BOX AMD AM5<\/b> au meilleur prix.<\/p>\n<p>Le <b>processeur AMD Ryzen 7 8700F<\/b> (mod\u00e8le 100-100001590BOX) est un composant haute performance con\u00e7u pour les syst\u00e8mes n\u00e9cessitant une puissance de calcul avanc\u00e9e et une efficacit\u00e9 \u00e9nerg\u00e9tique. Ce <b>processeur<\/b> fait partie de la c\u00e9l\u00e8bre famille <b>AMD Ryzen 7<\/b> et dispose de <b>8 c\u0153urs<\/b>, ce qui lui permet de g\u00e9rer plusieurs t\u00e2ches et applications exigeantes avec fluidit\u00e9, des jeux aux logiciels professionnels. Il utilise la technologie DDR5 avec une fr\u00e9quence de <b>3600 MHz<\/b>, offrant une bande passante sup\u00e9rieure pour optimiser les performances globales et la r\u00e9activit\u00e9. Son <b>socket AMD AM5<\/b> assure la compatibilit\u00e9 avec les derni\u00e8res cartes m\u00e8res de l\u2019\u00e9cosyst\u00e8me AMD, facilitant les mises \u00e0 jour futures. Ce mod\u00e8le supporte une consommation \u00e9nerg\u00e9tique efficace, avec un TDP nominal d\u2019environ <b>65 W<\/b> ou m\u00eame des profils r\u00e9duits \u00e0 <b>45 W<\/b> pour des configurations plus mod\u00e9r\u00e9es, aidant \u00e0 maintenir des temp\u00e9ratures ma\u00eetris\u00e9es et une consommation moindre sans sacrifier la puissance. Il se distingue aussi par sa <b>m\u00e9moire cache de 16 Mo<\/b>, qui acc\u00e9l\u00e8re la gestion des donn\u00e9es et r\u00e9duit les temps d\u2019attente lors du traitement des instructions. Ce processeur ne comprend pas de graphiques int\u00e9gr\u00e9s (le suffixe F indique l\u2019absence de GPU int\u00e9gr\u00e9), il est donc recommand\u00e9 de l\u2019utiliser avec une carte graphique d\u00e9di\u00e9e pour exploiter pleinement les performances en graphisme et jeux. En r\u00e9sum\u00e9, l\u2019AMD Ryzen 7 8700F est une option solide dans le segment des processeurs milieu-haut de gamme pour les utilisateurs recherchant un \u00e9quilibre entre performances multi-thread, compatibilit\u00e9 avec les nouvelles technologies m\u00e9moire et consommation mod\u00e9r\u00e9e, faisant de lui un choix polyvalent pour construire ou mettre \u00e0 jour un PC de bureau orient\u00e9 productivit\u00e9 et divertissement num\u00e9rique.<\/p>\n<ul>\n<li>Noyaux: 8 Noyaux<\/li>\n<li>Famille de processeurs: AMD Ryzen 7<\/li>\n<li>Connexions: PCI Express 4.0<\/li>\n<\/ul>","protected":false},"excerpt":{"rendered":"<p>Si vous \u00eates passionn\u00e9 d&#8217;informatique et d&#8217;\u00e9lectronique, si vous \u00eates \u00e0 la pointe de la technologie et qu&#8217;aucun d\u00e9tail ne vous \u00e9chappe, achetez Processeur AMD 100-100001590BOX AMD AM5 au meilleur prix. Le processeur AMD Ryzen 7 8700F (mod\u00e8le 100-100001590BOX) est un composant haute performance con\u00e7u pour les syst\u00e8mes n\u00e9cessitant une puissance de calcul avanc\u00e9e et [&hellip;]<\/p>\n","protected":false},"featured_media":21224,"comment_status":"open","ping_status":"closed","template":"","meta":[],"product_brand":[801],"product_cat":[65,584,743],"product_tag":[106],"class_list":{"0":"post-21226","1":"product","2":"type-product","3":"status-publish","4":"has-post-thumbnail","6":"product_brand-brandp_531","7":"product_cat-informatique-electronique","8":"product_cat-informatique-reseaux-et-composants","9":"product_cat-processeurs","10":"product_tag-tag_1295","12":"first","13":"instock","14":"taxable","15":"shipping-taxable","16":"purchasable","17":"product-type-simple"},"_links":{"self":[{"href":"https:\/\/bigbuy.tupique.com\/pt\/wp-json\/wp\/v2\/product\/21226","targetHints":{"allow":["GET"]}}],"collection":[{"href":"https:\/\/bigbuy.tupique.com\/pt\/wp-json\/wp\/v2\/product"}],"about":[{"href":"https:\/\/bigbuy.tupique.com\/pt\/wp-json\/wp\/v2\/types\/product"}],"replies":[{"embeddable":true,"href":"https:\/\/bigbuy.tupique.com\/pt\/wp-json\/wp\/v2\/comments?post=21226"}],"wp:featuredmedia":[{"embeddable":true,"href":"https:\/\/bigbuy.tupique.com\/pt\/wp-json\/wp\/v2\/media\/21224"}],"wp:attachment":[{"href":"https:\/\/bigbuy.tupique.com\/pt\/wp-json\/wp\/v2\/media?parent=21226"}],"wp:term":[{"taxonomy":"product_brand","embeddable":true,"href":"https:\/\/bigbuy.tupique.com\/pt\/wp-json\/wp\/v2\/product_brand?post=21226"},{"taxonomy":"product_cat","embeddable":true,"href":"https:\/\/bigbuy.tupique.com\/pt\/wp-json\/wp\/v2\/product_cat?post=21226"},{"taxonomy":"product_tag","embeddable":true,"href":"https:\/\/bigbuy.tupique.com\/pt\/wp-json\/wp\/v2\/product_tag?post=21226"}],"curies":[{"name":"wp","href":"https:\/\/api.w.org\/{rel}","templated":true}]}}