{"id":21184,"date":"2026-03-29T17:45:41","date_gmt":"2026-03-29T16:45:41","guid":{"rendered":"https:\/\/bigbuy.tupique.com\/produto\/wall-mounted-rack-cabinet-vertiv-vr3357\/"},"modified":"2026-04-16T09:11:46","modified_gmt":"2026-04-16T08:11:46","slug":"wall-mounted-rack-cabinet-vertiv-vr3357","status":"publish","type":"product","link":"https:\/\/bigbuy.tupique.com\/pt\/produto\/wall-mounted-rack-cabinet-vertiv-vr3357\/","title":{"rendered":"Armoire Murale Rack Vertiv VR3357"},"content":{"rendered":"<p>Si vous \u00eates passionn\u00e9 d&#8217;<b>informatique et d&#8217;\u00e9lectronique<\/b>, si vous \u00eates \u00e0 la pointe de la technologie et qu&#8217;aucun d\u00e9tail ne vous \u00e9chappe, achetez <b>Armoire Murale Rack Vertiv VR3357<\/b> au meilleur prix.<\/p>\n<ul>\n<li>Largeur: 80 cm<\/li>\n<li>Type: Rangement<\/li>\n<li>Mati\u00e8re: M\u00e9tal<\/li>\n<li>Montage en rack: 48U<\/li>\n<li>Poids Max. support\u00e9: 1361 Kg<\/li>\n<li>Couleur: Noir<\/li>\n<li>Taille: 19&#8243;<\/li>\n<li>Certificat: RoHS<\/li>\n<li>Caract\u00e9ristiques: Verrou de s\u00e9curit\u00e9<\/li>\n<li>Inclut: Vis<\/li>\n<\/ul>","protected":false},"excerpt":{"rendered":"<p>Si vous \u00eates passionn\u00e9 d&#8217;informatique et d&#8217;\u00e9lectronique, si vous \u00eates \u00e0 la pointe de la technologie et qu&#8217;aucun d\u00e9tail ne vous \u00e9chappe, achetez Armoire Murale Rack Vertiv VR3357 au meilleur prix. Largeur: 80 cm Type: Rangement Mati\u00e8re: M\u00e9tal Montage en rack: 48U Poids Max. support\u00e9: 1361 Kg Couleur: Noir Taille: 19&#8243; Certificat: RoHS Caract\u00e9ristiques: Verrou [&hellip;]<\/p>\n","protected":false},"featured_media":21181,"comment_status":"open","ping_status":"closed","template":"","meta":[],"product_brand":[655],"product_cat":[605,65,584],"product_tag":[106],"class_list":{"0":"post-21184","1":"product","2":"type-product","3":"status-publish","4":"has-post-thumbnail","6":"product_brand-brandp_4751","7":"product_cat-armoires-rack","8":"product_cat-informatique-electronique","9":"product_cat-informatique-reseaux-et-composants","10":"product_tag-tag_1295","12":"first","13":"instock","14":"taxable","15":"shipping-taxable","16":"purchasable","17":"product-type-simple"},"_links":{"self":[{"href":"https:\/\/bigbuy.tupique.com\/pt\/wp-json\/wp\/v2\/product\/21184","targetHints":{"allow":["GET"]}}],"collection":[{"href":"https:\/\/bigbuy.tupique.com\/pt\/wp-json\/wp\/v2\/product"}],"about":[{"href":"https:\/\/bigbuy.tupique.com\/pt\/wp-json\/wp\/v2\/types\/product"}],"replies":[{"embeddable":true,"href":"https:\/\/bigbuy.tupique.com\/pt\/wp-json\/wp\/v2\/comments?post=21184"}],"wp:featuredmedia":[{"embeddable":true,"href":"https:\/\/bigbuy.tupique.com\/pt\/wp-json\/wp\/v2\/media\/21181"}],"wp:attachment":[{"href":"https:\/\/bigbuy.tupique.com\/pt\/wp-json\/wp\/v2\/media?parent=21184"}],"wp:term":[{"taxonomy":"product_brand","embeddable":true,"href":"https:\/\/bigbuy.tupique.com\/pt\/wp-json\/wp\/v2\/product_brand?post=21184"},{"taxonomy":"product_cat","embeddable":true,"href":"https:\/\/bigbuy.tupique.com\/pt\/wp-json\/wp\/v2\/product_cat?post=21184"},{"taxonomy":"product_tag","embeddable":true,"href":"https:\/\/bigbuy.tupique.com\/pt\/wp-json\/wp\/v2\/product_tag?post=21184"}],"curies":[{"name":"wp","href":"https:\/\/api.w.org\/{rel}","templated":true}]}}