{"id":21134,"date":"2026-03-29T17:34:16","date_gmt":"2026-03-29T16:34:16","guid":{"rendered":"https:\/\/bigbuy.tupique.com\/produto\/snowplow-ryobi-ry36stx45a-140\/"},"modified":"2026-04-16T20:36:24","modified_gmt":"2026-04-16T19:36:24","slug":"snowplow-ryobi-ry36stx45a-140","status":"publish","type":"product","link":"https:\/\/bigbuy.tupique.com\/pt\/produto\/snowplow-ryobi-ry36stx45a-140\/","title":{"rendered":"Chasse-neige Ryobi RY36STX45A-140"},"content":{"rendered":"<p>Si vous aimez prendre soin de chaque d\u00e9tail de votre maison et d&#8217;\u00eatre \u00e0 la derni\u00e8re mode en mati\u00e8re de produits qui vous rendront la vie plus facile, achetez <b>Chasse-neige Ryobi RY36STX45A-140<\/b> au meilleur prix.<\/p>\n<p>Le <b>d\u00e9broussailleur Ryobi RY36STX45A-140<\/b> est une solution efficace et pratique pour le d\u00e9neigement des zones r\u00e9sidentielles et petites surfaces. Cet appareil sans fil fonctionne avec une <b>batterie 36 V<\/b>, \u00e9liminant les c\u00e2bles et facilitant la prise en main, offrant plus de libert\u00e9 de mouvement et une utilisation simple. Son moteur sans balais (brushless) assure une meilleure durabilit\u00e9 et efficacit\u00e9 \u00e9nerg\u00e9tique, optimisant les performances lors de l\u2019utilisation. Avec une largeur de travail de <b>45 cm<\/b> et une capacit\u00e9 de d\u00e9blayage jusqu\u2019\u00e0 <b>25 cm<\/b> de profondeur, il permet de d\u00e9gager rapidement de grandes surfaces enneig\u00e9es. De plus, son jet de neige peut atteindre jusqu\u2019\u00e0 <b>8 m\u00e8tres<\/b>, facilitant un d\u00e9blayage efficace sans interruption fr\u00e9quente pour enlever les accumulations. Le design ergonomique et l\u00e9ger de ce d\u00e9broussailleur garantit un usage confortable et facile, \u00e9vitant les efforts inutiles et simplifiant la maniabilit\u00e9 sur diff\u00e9rents terrains. Il est id\u00e9al pour les utilisateurs recherchant un appareil relativement silencieux, sans \u00e9missions directes, avec la qualit\u00e9 reconnue de la marque Ryobi en outils de jardin et ext\u00e9rieur. Ce mod\u00e8le se pr\u00e9sente comme un outil robuste et pratique pour les travaux de d\u00e9neigement avec autonomie et bon rendement.<\/p>\n<ul>\n<li>Bloc d\u2019Alimentation: Batterie<\/li>\n<li>Tension: 36 V<\/li>\n<li>Caract\u00e9ristiques: Utilisation pratique et simple<\/li>\n<\/ul>","protected":false},"excerpt":{"rendered":"<p>Si vous aimez prendre soin de chaque d\u00e9tail de votre maison et d&#8217;\u00eatre \u00e0 la derni\u00e8re mode en mati\u00e8re de produits qui vous rendront la vie plus facile, achetez Chasse-neige Ryobi RY36STX45A-140 au meilleur prix. Le d\u00e9broussailleur Ryobi RY36STX45A-140 est une solution efficace et pratique pour le d\u00e9neigement des zones r\u00e9sidentielles et petites surfaces. Cet [&hellip;]<\/p>\n","protected":false},"featured_media":21129,"comment_status":"open","ping_status":"closed","template":"","meta":[],"product_brand":[830],"product_cat":[613,239],"product_tag":[59,208,210],"class_list":{"0":"post-21134","1":"product","2":"type-product","3":"status-publish","4":"has-post-thumbnail","6":"product_brand-brandp_3104","7":"product_cat-bricolage-et-materiel","8":"product_cat-maison-jardin","9":"product_tag-tag_1304","10":"product_tag-tag_587","11":"product_tag-tag_25","13":"first","14":"instock","15":"taxable","16":"shipping-taxable","17":"purchasable","18":"product-type-simple"},"_links":{"self":[{"href":"https:\/\/bigbuy.tupique.com\/pt\/wp-json\/wp\/v2\/product\/21134","targetHints":{"allow":["GET"]}}],"collection":[{"href":"https:\/\/bigbuy.tupique.com\/pt\/wp-json\/wp\/v2\/product"}],"about":[{"href":"https:\/\/bigbuy.tupique.com\/pt\/wp-json\/wp\/v2\/types\/product"}],"replies":[{"embeddable":true,"href":"https:\/\/bigbuy.tupique.com\/pt\/wp-json\/wp\/v2\/comments?post=21134"}],"wp:featuredmedia":[{"embeddable":true,"href":"https:\/\/bigbuy.tupique.com\/pt\/wp-json\/wp\/v2\/media\/21129"}],"wp:attachment":[{"href":"https:\/\/bigbuy.tupique.com\/pt\/wp-json\/wp\/v2\/media?parent=21134"}],"wp:term":[{"taxonomy":"product_brand","embeddable":true,"href":"https:\/\/bigbuy.tupique.com\/pt\/wp-json\/wp\/v2\/product_brand?post=21134"},{"taxonomy":"product_cat","embeddable":true,"href":"https:\/\/bigbuy.tupique.com\/pt\/wp-json\/wp\/v2\/product_cat?post=21134"},{"taxonomy":"product_tag","embeddable":true,"href":"https:\/\/bigbuy.tupique.com\/pt\/wp-json\/wp\/v2\/product_tag?post=21134"}],"curies":[{"name":"wp","href":"https:\/\/api.w.org\/{rel}","templated":true}]}}