{"id":21112,"date":"2026-03-29T17:33:43","date_gmt":"2026-03-29T16:33:43","guid":{"rendered":"https:\/\/bigbuy.tupique.com\/produto\/barbecue-portable-ninja-og850eu\/"},"modified":"2026-04-16T20:01:22","modified_gmt":"2026-04-16T19:01:22","slug":"barbecue-portable-ninja-og850eu","status":"publish","type":"product","link":"https:\/\/bigbuy.tupique.com\/pt\/produto\/barbecue-portable-ninja-og850eu\/","title":{"rendered":"Barbecue Portable NINJA OG850EU"},"content":{"rendered":"<p>Si vous aimez prendre soin de chaque d\u00e9tail de votre maison et d&#8217;\u00eatre \u00e0 la derni\u00e8re mode en mati\u00e8re de produits qui vous rendront la vie plus facile, achetez <b>Barbecue Portable NINJA OG850EU<\/b> au meilleur prix.<\/p>\n<ul>\n<li>Type: Grill<\/li>\n<li>Couleur: Noir<\/li>\n<li>Caract\u00e9ristiques:\n<ul>\n<li>Amovible<\/li>\n<li>Minuterie<\/li>\n<li>Bac d&#8217;\u00e9gouttage amovible<\/li>\n<li>Thermo\u00e9lectrique<\/li>\n<li>Interrupteur marche\/arr\u00eat<\/li>\n<li>Base antid\u00e9rapante<\/li>\n<li>Facile \u00e0 nettoyer<\/li>\n<li>Thermom\u00e8tre<\/li>\n<\/ul>\n<\/li>\n<li>Forme: Rectangulaire<\/li>\n<li>Tension: 240 V<\/li>\n<li>Zones de cuisson: 1<\/li>\n<li>Poids approx.: 18 kg<\/li>\n<li>Temp\u00e9rature max.: 240 \u00baC<\/li>\n<li>Inclut:\n<ul>\n<li>Manuel de l&#8217;utilisateur<\/li>\n<li>Manuel de recettes<\/li>\n<\/ul>\n<\/li>\n<\/ul>","protected":false},"excerpt":{"rendered":"<p>Si vous aimez prendre soin de chaque d\u00e9tail de votre maison et d&#8217;\u00eatre \u00e0 la derni\u00e8re mode en mati\u00e8re de produits qui vous rendront la vie plus facile, achetez Barbecue Portable NINJA OG850EU au meilleur prix. Type: Grill Couleur: Noir Caract\u00e9ristiques: Amovible Minuterie Bac d&#8217;\u00e9gouttage amovible Thermo\u00e9lectrique Interrupteur marche\/arr\u00eat Base antid\u00e9rapante Facile \u00e0 nettoyer Thermom\u00e8tre [&hellip;]<\/p>\n","protected":false},"featured_media":21106,"comment_status":"open","ping_status":"closed","template":"","meta":[],"product_brand":[287],"product_cat":[1058,759,239],"product_tag":[390,721,59,211],"class_list":{"0":"post-21112","1":"product","2":"type-product","3":"status-publish","4":"has-post-thumbnail","6":"product_brand-brandp_6527","7":"product_cat-barbecues-et-accessoires","8":"product_cat-jardin-et-terrasse","9":"product_cat-maison-jardin","10":"product_tag-tag_8","11":"product_tag-tag_124","12":"product_tag-tag_1304","13":"product_tag-tag_3","15":"first","16":"instock","17":"taxable","18":"shipping-taxable","19":"purchasable","20":"product-type-simple"},"_links":{"self":[{"href":"https:\/\/bigbuy.tupique.com\/pt\/wp-json\/wp\/v2\/product\/21112","targetHints":{"allow":["GET"]}}],"collection":[{"href":"https:\/\/bigbuy.tupique.com\/pt\/wp-json\/wp\/v2\/product"}],"about":[{"href":"https:\/\/bigbuy.tupique.com\/pt\/wp-json\/wp\/v2\/types\/product"}],"replies":[{"embeddable":true,"href":"https:\/\/bigbuy.tupique.com\/pt\/wp-json\/wp\/v2\/comments?post=21112"}],"wp:featuredmedia":[{"embeddable":true,"href":"https:\/\/bigbuy.tupique.com\/pt\/wp-json\/wp\/v2\/media\/21106"}],"wp:attachment":[{"href":"https:\/\/bigbuy.tupique.com\/pt\/wp-json\/wp\/v2\/media?parent=21112"}],"wp:term":[{"taxonomy":"product_brand","embeddable":true,"href":"https:\/\/bigbuy.tupique.com\/pt\/wp-json\/wp\/v2\/product_brand?post=21112"},{"taxonomy":"product_cat","embeddable":true,"href":"https:\/\/bigbuy.tupique.com\/pt\/wp-json\/wp\/v2\/product_cat?post=21112"},{"taxonomy":"product_tag","embeddable":true,"href":"https:\/\/bigbuy.tupique.com\/pt\/wp-json\/wp\/v2\/product_tag?post=21112"}],"curies":[{"name":"wp","href":"https:\/\/api.w.org\/{rel}","templated":true}]}}