{"id":21101,"date":"2026-03-29T17:33:26","date_gmt":"2026-03-29T16:33:26","guid":{"rendered":"https:\/\/bigbuy.tupique.com\/produto\/infrared-thermometer-bosch-gis-1000-c\/"},"modified":"2026-04-16T16:18:33","modified_gmt":"2026-04-16T15:18:33","slug":"infrared-thermometer-bosch-gis-1000-c","status":"publish","type":"product","link":"https:\/\/bigbuy.tupique.com\/pt\/produto\/infrared-thermometer-bosch-gis-1000-c\/","title":{"rendered":"Thermom\u00e8tre infrarouge BOSCH GIS 1000 C"},"content":{"rendered":"<p>Si vous aimez prendre soin de chaque d\u00e9tail de votre maison et d&#8217;\u00eatre \u00e0 la derni\u00e8re mode en mati\u00e8re de produits qui vous rendront la vie plus facile, achetez <b>Thermom\u00e8tre infrarouge BOSCH GIS 1000 C<\/b> au meilleur prix.<\/p>\n<p>Le <b>GIS 1000 C<\/b> de <b>BOSCH<\/b> est un <b>thermom\u00e8tre infrarouge<\/b> professionnel con\u00e7u pour des mesures de temp\u00e9rature rapides et pr\u00e9cises dans diverses applications industrielles et techniques. Cet appareil, de couleur bleue, se distingue par sa robustesse et sa portabilit\u00e9, avec des dimensions de <b>36 x 14 x 44 cm<\/b> facilitant sa manipulation aussi bien en int\u00e9rieur qu\u2019en ext\u00e9rieur. Aliment\u00e9 par une <b>batterie rechargeable de 12 V<\/b>, le GIS 1000 C offre autonomie et fiabilit\u00e9 lors de longues journ\u00e9es de travail, avec une recharge facile gr\u00e2ce \u00e0 sa compatibilit\u00e9 avec un <b>c\u00e2ble Micro USB<\/b>, offrant ainsi une grande flexibilit\u00e9 dans diff\u00e9rents environnements professionnels. Sa technologie infrarouge permet d\u2019effectuer des mesures de temp\u00e9rature pr\u00e9cises sans contact, id\u00e9al pour d\u00e9tecter des points chauds ou froids sur des \u00e9quipements \u00e9lectriques, des syst\u00e8mes de chauffage, de climatisation ou des tableaux de distribution, am\u00e9liorant la s\u00e9curit\u00e9 et l\u2019efficacit\u00e9 lors de la d\u00e9tection d\u2019anomalies thermiques. De plus, son ergonomie est pens\u00e9e pour un usage professionnel intensif, apportant la qualit\u00e9 caract\u00e9ristique des \u00e9quipements Bosch. Le BOSCH GIS 1000 C est le choix id\u00e9al pour les techniciens et professionnels recherchant un instrument fiable pour le diagnostic thermique dans de nombreuses situations.<\/p>\n<ul>\n<li>Inclut: C\u00e2ble Micro USB<\/li>\n<li>Temp\u00e9rature approximative: \u201340 \u00b0 &#8211; 1000 \u00b0C<\/li>\n<li>Couleur: Bleu<\/li>\n<li>Dimensions approx.: 36 x 14 x 44 cm<\/li>\n<li>Tension: 12 V<\/li>\n<li>Bloc d\u2019Alimentation: Batterie<\/li>\n<\/ul>","protected":false},"excerpt":{"rendered":"<p>Si vous aimez prendre soin de chaque d\u00e9tail de votre maison et d&#8217;\u00eatre \u00e0 la derni\u00e8re mode en mati\u00e8re de produits qui vous rendront la vie plus facile, achetez Thermom\u00e8tre infrarouge BOSCH GIS 1000 C au meilleur prix. Le GIS 1000 C de BOSCH est un thermom\u00e8tre infrarouge professionnel con\u00e7u pour des mesures de temp\u00e9rature [&hellip;]<\/p>\n","protected":false},"featured_media":21095,"comment_status":"open","ping_status":"closed","template":"","meta":[],"product_brand":[162],"product_cat":[613,239],"product_tag":[59,210],"class_list":{"0":"post-21101","1":"product","2":"type-product","3":"status-publish","4":"has-post-thumbnail","6":"product_brand-brandp_959","7":"product_cat-bricolage-et-materiel","8":"product_cat-maison-jardin","9":"product_tag-tag_1304","10":"product_tag-tag_25","12":"first","13":"instock","14":"taxable","15":"shipping-taxable","16":"purchasable","17":"product-type-simple"},"_links":{"self":[{"href":"https:\/\/bigbuy.tupique.com\/pt\/wp-json\/wp\/v2\/product\/21101","targetHints":{"allow":["GET"]}}],"collection":[{"href":"https:\/\/bigbuy.tupique.com\/pt\/wp-json\/wp\/v2\/product"}],"about":[{"href":"https:\/\/bigbuy.tupique.com\/pt\/wp-json\/wp\/v2\/types\/product"}],"replies":[{"embeddable":true,"href":"https:\/\/bigbuy.tupique.com\/pt\/wp-json\/wp\/v2\/comments?post=21101"}],"wp:featuredmedia":[{"embeddable":true,"href":"https:\/\/bigbuy.tupique.com\/pt\/wp-json\/wp\/v2\/media\/21095"}],"wp:attachment":[{"href":"https:\/\/bigbuy.tupique.com\/pt\/wp-json\/wp\/v2\/media?parent=21101"}],"wp:term":[{"taxonomy":"product_brand","embeddable":true,"href":"https:\/\/bigbuy.tupique.com\/pt\/wp-json\/wp\/v2\/product_brand?post=21101"},{"taxonomy":"product_cat","embeddable":true,"href":"https:\/\/bigbuy.tupique.com\/pt\/wp-json\/wp\/v2\/product_cat?post=21101"},{"taxonomy":"product_tag","embeddable":true,"href":"https:\/\/bigbuy.tupique.com\/pt\/wp-json\/wp\/v2\/product_tag?post=21101"}],"curies":[{"name":"wp","href":"https:\/\/api.w.org\/{rel}","templated":true}]}}