{"id":21085,"date":"2026-03-29T17:33:04","date_gmt":"2026-03-29T16:33:04","guid":{"rendered":"https:\/\/bigbuy.tupique.com\/produto\/power-supply-corsair-1200-w-80-plus-gold\/"},"modified":"2026-04-16T17:11:15","modified_gmt":"2026-04-16T16:11:15","slug":"power-supply-corsair-1200-w-80-plus-gold","status":"publish","type":"product","link":"https:\/\/bigbuy.tupique.com\/pt\/produto\/power-supply-corsair-1200-w-80-plus-gold\/","title":{"rendered":"Bloc d\u2019Alimentation Corsair 1200 W 80 Plus Gold"},"content":{"rendered":"<p>Si vous \u00eates passionn\u00e9 d&#8217;<b>informatique et d&#8217;\u00e9lectronique<\/b>, si vous \u00eates \u00e0 la pointe de la technologie et qu&#8217;aucun d\u00e9tail ne vous \u00e9chappe, achetez <b>Bloc d\u2019Alimentation Corsair 1200 W 80 Plus Gold<\/b> au meilleur prix.<\/p>\n<p>La <b>source d\u2019alimentation<\/b> <b>Corsair RM1000x<\/b> est un composant con\u00e7u pour les utilisateurs recherchant une solution professionnelle et efficace pour alimenter des syst\u00e8mes informatiques exigeants. Avec une <b>puissance nominale de 1200 W<\/b>, cette unit\u00e9 garantit une alimentation stable, capable de supporter des configurations avanc\u00e9es, y compris des syst\u00e8mes gaming, stations de travail ou setups multi-composants. La source dispose d\u2019un design <b>totalement modulaire<\/b>, facilitant la gestion des c\u00e2bles, am\u00e9liorant l\u2019organisation interne et optimisant le flux d\u2019air, essentiels pour maintenir des temp\u00e9ratures ad\u00e9quates et prolonger la dur\u00e9e de vie du mat\u00e9riel. Elle est certifi\u00e9e <b>80 Plus Gold<\/b>, garantissant une haute efficacit\u00e9 \u00e9nerg\u00e9tique, atteignant jusqu\u2019\u00e0 90 % d\u2019efficacit\u00e9 sous charge typique, ce qui se traduit par une consommation \u00e9lectrique r\u00e9duite et moins de chaleur g\u00e9n\u00e9r\u00e9e. De plus, elle int\u00e8gre un <b>interrupteur marche\/arr\u00eat<\/b> pour plus de confort et de s\u00e9curit\u00e9 lors de son utilisation. Le design de la Corsair RM1000x est pens\u00e9 pour une installation simple et flexible, avec des connexions standards telles que le <b>connecteur ATX 24 broches<\/b>, indispensable sur la plupart des cartes m\u00e8res actuelles. Sa construction robuste mais compacte, avec un poids d\u2019environ <b>2 kg<\/b>, fait de cette alimentation un composant fiable et performant, sans compromis sur la qualit\u00e9 ni la fonctionnalit\u00e9. Cette unit\u00e9 blanche apporte une touche esth\u00e9tique distinctive pour ceux qui souhaitent int\u00e9grer leur \u00e9quipement avec un style soign\u00e9. En r\u00e9sum\u00e9, la Corsair RM1000x se positionne comme une alimentation haut de gamme destin\u00e9e aux utilisateurs valorisant qualit\u00e9, efficacit\u00e9 et capacit\u00e9 \u00e0 alimenter des syst\u00e8mes puissants en toute s\u00e9curit\u00e9.<\/p>\n<ul>\n<li>Type:\n<ul>\n<li>Bloc d\u2019Alimentation<\/li>\n<li>Modulaire<\/li>\n<\/ul>\n<\/li>\n<li>Connexions:\n<ul>\n<li>PCIE 6+2 PIN<\/li>\n<li>Molex 4-pin<\/li>\n<li>SATA<\/li>\n<li>ATX 24-pin<\/li>\n<li>CPU 4+4 PIN<\/li>\n<li>24 Pin ATX x 1<\/li>\n<li>24-pin ATX x 1<\/li>\n<li>PCI Express<\/li>\n<\/ul>\n<\/li>\n<li>Certificat: 80 Plus Gold<\/li>\n<li>puissance:\n<ul>\n<li>1200 W<\/li>\n<li>150 W<\/li>\n<\/ul>\n<\/li>\n<li>Produit \u00e0 brancher: Oui<\/li>\n<li>Type de prise: Prise EU<\/li>\n<li>Bloc d\u2019Alimentation: r\u00e9seau \u00e9lectrique<\/li>\n<li>Couleur: Blanc<\/li>\n<li>Caract\u00e9ristiques: Interrupteur marche\/arr\u00eat<\/li>\n<li>Ventillateur: 1<\/li>\n<li>Fr\u00e9quence: 47-63 Hz<\/li>\n<li>Tension: 100 &#8211; 240 V<\/li>\n<li>Utilisation recommand\u00e9e: PC<\/li>\n<li>Connecteurs:\n<ul>\n<li>SATA x 4<\/li>\n<li>PATA x 4<\/li>\n<\/ul>\n<\/li>\n<li>Technologie: FDB<\/li>\n<li>Amp\u00e9rage: 15 A<\/li>\n<li>Longueur du c\u00e2ble: 800 cm<\/li>\n<\/ul>","protected":false},"excerpt":{"rendered":"<p>Si vous \u00eates passionn\u00e9 d&#8217;informatique et d&#8217;\u00e9lectronique, si vous \u00eates \u00e0 la pointe de la technologie et qu&#8217;aucun d\u00e9tail ne vous \u00e9chappe, achetez Bloc d\u2019Alimentation Corsair 1200 W 80 Plus Gold au meilleur prix. La source d\u2019alimentation Corsair RM1000x est un composant con\u00e7u pour les utilisateurs recherchant une solution professionnelle et efficace pour alimenter des [&hellip;]<\/p>\n","protected":false},"featured_media":21076,"comment_status":"open","ping_status":"closed","template":"","meta":[],"product_brand":[857],"product_cat":[65,584,618],"product_tag":[59,210,106],"class_list":{"0":"post-21085","1":"product","2":"type-product","3":"status-publish","4":"has-post-thumbnail","6":"product_brand-brandp_3072","7":"product_cat-informatique-electronique","8":"product_cat-informatique-reseaux-et-composants","9":"product_cat-sources-d-alimentation","10":"product_tag-tag_1304","11":"product_tag-tag_25","12":"product_tag-tag_1295","14":"first","15":"instock","16":"taxable","17":"shipping-taxable","18":"purchasable","19":"product-type-simple"},"_links":{"self":[{"href":"https:\/\/bigbuy.tupique.com\/pt\/wp-json\/wp\/v2\/product\/21085","targetHints":{"allow":["GET"]}}],"collection":[{"href":"https:\/\/bigbuy.tupique.com\/pt\/wp-json\/wp\/v2\/product"}],"about":[{"href":"https:\/\/bigbuy.tupique.com\/pt\/wp-json\/wp\/v2\/types\/product"}],"replies":[{"embeddable":true,"href":"https:\/\/bigbuy.tupique.com\/pt\/wp-json\/wp\/v2\/comments?post=21085"}],"wp:featuredmedia":[{"embeddable":true,"href":"https:\/\/bigbuy.tupique.com\/pt\/wp-json\/wp\/v2\/media\/21076"}],"wp:attachment":[{"href":"https:\/\/bigbuy.tupique.com\/pt\/wp-json\/wp\/v2\/media?parent=21085"}],"wp:term":[{"taxonomy":"product_brand","embeddable":true,"href":"https:\/\/bigbuy.tupique.com\/pt\/wp-json\/wp\/v2\/product_brand?post=21085"},{"taxonomy":"product_cat","embeddable":true,"href":"https:\/\/bigbuy.tupique.com\/pt\/wp-json\/wp\/v2\/product_cat?post=21085"},{"taxonomy":"product_tag","embeddable":true,"href":"https:\/\/bigbuy.tupique.com\/pt\/wp-json\/wp\/v2\/product_tag?post=21085"}],"curies":[{"name":"wp","href":"https:\/\/api.w.org\/{rel}","templated":true}]}}