{"id":20999,"date":"2026-03-29T17:30:50","date_gmt":"2026-03-29T16:30:50","guid":{"rendered":"https:\/\/bigbuy.tupique.com\/produto\/dehumidifier-delonghi-300-w-16-l\/"},"modified":"2026-04-16T17:11:16","modified_gmt":"2026-04-16T16:11:16","slug":"dehumidifier-delonghi-300-w-16-l","status":"publish","type":"product","link":"https:\/\/bigbuy.tupique.com\/pt\/produto\/dehumidifier-delonghi-300-w-16-l\/","title":{"rendered":"D\u00e9shumidificateur DeLonghi 300 W 16 L"},"content":{"rendered":"<p>Si vous recherchez des \u00e9lectrom\u00e9nagers pour votre maison aux meilleurs prix, ne manquez pas <b>D\u00e9shumidificateur DeLonghi 300 W 16 L<\/b> et une large s\u00e9lection de petits \u00e9lectrom\u00e9nagers de qualit\u00e9 !<\/p>\n<p>Le <b>d\u00e9shumidificateur DeLonghi<\/b> est un appareil con\u00e7u pour am\u00e9liorer le confort de la maison en r\u00e9duisant l\u2019exc\u00e8s d\u2019humidit\u00e9 ambiante, aidant \u00e0 maintenir un niveau optimal qui pr\u00e9vient les probl\u00e8mes li\u00e9s \u00e0 la moisissure et \u00e0 la condensation. Avec une <b>capacit\u00e9 d\u2019extraction de 16 litres<\/b> par jour, ce d\u00e9shumidificateur convient aux pi\u00e8ces de taille moyenne \u00e0 grande, favorisant un environnement plus sain et agr\u00e9able. Son design en <b>blanc et noir<\/b>, fabriqu\u00e9 en <b>plastique r\u00e9sistant<\/b>, allie fonctionnalit\u00e9 et esth\u00e9tique, s\u2019adaptant facilement \u00e0 diff\u00e9rents espaces du foyer. L\u2019appareil fonctionne avec un niveau sonore contenu, d\u2019environ <b>40 dB<\/b>, ce qui le rend adapt\u00e9 \u00e0 une utilisation continue sans g\u00eane acoustique notable. De plus, il p\u00e8se <b>10,5 kg<\/b>, offrant une certaine portabilit\u00e9 pour le d\u00e9placer entre les pi\u00e8ces selon les besoins. Il fonctionne sous une tension \u00e9lectrique standard de <b>240 V<\/b>. Ce mod\u00e8le DeLonghi int\u00e8gre un syst\u00e8me de filtres compos\u00e9 d\u2019un <b>filtre anti-poussi\u00e8re, anti-allergies et charbon actif<\/b> qui aide \u00e0 \u00e9liminer particules, allerg\u00e8nes et odeurs d\u00e9sagr\u00e9ables, am\u00e9liorant la qualit\u00e9 de l\u2019air int\u00e9rieur. Ces caract\u00e9ristiques techniques sont compl\u00e9t\u00e9es par une utilisation intuitive et efficace, garantissant une performance fiable pour maintenir un air sec et propre. En somme, ce d\u00e9shumidificateur offre un \u00e9quilibre entre fonctionnalit\u00e9 technique, facilit\u00e9 d\u2019usage et soin sp\u00e9cifique de la qualit\u00e9 de l\u2019air, constituant une solution pratique pour lutter contre l\u2019humidit\u00e9 dans le cadre domestique.<\/p>\n<ul>\n<li>Type: D\u00e9shumidificateur<\/li>\n<li>Couleur: Blanc<\/li>\n<li>Mat\u00e9riel: Plastique<\/li>\n<li>Tension: 240 V<\/li>\n<li>Capacit\u00e9: 16 L<\/li>\n<li>puissance: 300 W<\/li>\n<\/ul>","protected":false},"excerpt":{"rendered":"<p>Si vous recherchez des \u00e9lectrom\u00e9nagers pour votre maison aux meilleurs prix, ne manquez pas D\u00e9shumidificateur DeLonghi 300 W 16 L et une large s\u00e9lection de petits \u00e9lectrom\u00e9nagers de qualit\u00e9 ! Le d\u00e9shumidificateur DeLonghi est un appareil con\u00e7u pour am\u00e9liorer le confort de la maison en r\u00e9duisant l\u2019exc\u00e8s d\u2019humidit\u00e9 ambiante, aidant \u00e0 maintenir un niveau optimal [&hellip;]<\/p>\n","protected":false},"featured_media":20993,"comment_status":"open","ping_status":"closed","template":"","meta":[],"product_brand":[299],"product_cat":[732,733,239],"product_tag":[59,208,210],"class_list":{"0":"post-20999","1":"product","2":"type-product","3":"status-publish","4":"has-post-thumbnail","6":"product_brand-brandp_5487","7":"product_cat-climatisation-et-chauffage","8":"product_cat-humidificateurs","9":"product_cat-maison-jardin","10":"product_tag-tag_1304","11":"product_tag-tag_587","12":"product_tag-tag_25","14":"first","15":"instock","16":"taxable","17":"shipping-taxable","18":"purchasable","19":"product-type-simple"},"_links":{"self":[{"href":"https:\/\/bigbuy.tupique.com\/pt\/wp-json\/wp\/v2\/product\/20999","targetHints":{"allow":["GET"]}}],"collection":[{"href":"https:\/\/bigbuy.tupique.com\/pt\/wp-json\/wp\/v2\/product"}],"about":[{"href":"https:\/\/bigbuy.tupique.com\/pt\/wp-json\/wp\/v2\/types\/product"}],"replies":[{"embeddable":true,"href":"https:\/\/bigbuy.tupique.com\/pt\/wp-json\/wp\/v2\/comments?post=20999"}],"wp:featuredmedia":[{"embeddable":true,"href":"https:\/\/bigbuy.tupique.com\/pt\/wp-json\/wp\/v2\/media\/20993"}],"wp:attachment":[{"href":"https:\/\/bigbuy.tupique.com\/pt\/wp-json\/wp\/v2\/media?parent=20999"}],"wp:term":[{"taxonomy":"product_brand","embeddable":true,"href":"https:\/\/bigbuy.tupique.com\/pt\/wp-json\/wp\/v2\/product_brand?post=20999"},{"taxonomy":"product_cat","embeddable":true,"href":"https:\/\/bigbuy.tupique.com\/pt\/wp-json\/wp\/v2\/product_cat?post=20999"},{"taxonomy":"product_tag","embeddable":true,"href":"https:\/\/bigbuy.tupique.com\/pt\/wp-json\/wp\/v2\/product_tag?post=20999"}],"curies":[{"name":"wp","href":"https:\/\/api.w.org\/{rel}","templated":true}]}}