{"id":20946,"date":"2026-03-29T17:29:28","date_gmt":"2026-03-29T16:29:28","guid":{"rendered":"https:\/\/bigbuy.tupique.com\/produto\/switch-qnap-qsw-m3216r-8s8t\/"},"modified":"2026-04-15T02:19:01","modified_gmt":"2026-04-15T01:19:01","slug":"switch-qnap-qsw-m3216r-8s8t","status":"publish","type":"product","link":"https:\/\/bigbuy.tupique.com\/pt\/produto\/switch-qnap-qsw-m3216r-8s8t\/","title":{"rendered":"Switch Qnap QSW-M3216R-8S8T"},"content":{"rendered":"<p>Si vous \u00eates passionn\u00e9 d&#8217;<b>informatique et d&#8217;\u00e9lectronique<\/b>, si vous \u00eates \u00e0 la pointe de la technologie et qu&#8217;aucun d\u00e9tail ne vous \u00e9chappe, achetez <b>Switch Qnap QSW-M3216R-8S8T<\/b> au meilleur prix.<\/p>\n<ul>\n<li>Produit \u00e0 brancher: Oui<\/li>\n<li>Type: Switch<\/li>\n<li>Type de prise: Prise EU<\/li>\n<li>Bloc d\u2019Alimentation: r\u00e9seau \u00e9lectrique<\/li>\n<li>Couleur: Noir<\/li>\n<li>Connexions:\n<ul>\n<li>RJ45<\/li>\n<li>SFP+ x 8<\/li>\n<li>rj45 x 8<\/li>\n<\/ul>\n<\/li>\n<li>Tension:\n<ul>\n<li>100-240 V<\/li>\n<li>100 &#8211; 240 V<\/li>\n<\/ul>\n<\/li>\n<li>Fr\u00e9quence: 50-60 Hz<\/li>\n<li>Poids: 1,5 Kg<\/li>\n<li>Ports: 16<\/li>\n<li>Fr\u00e9quence d&#8217;entr\u00e9e AC: 50-60 Hz<\/li>\n<li>Capacit\u00e9: 1,5 Kg<\/li>\n<li>Facteur de forme: 1U<\/li>\n<\/ul>","protected":false},"excerpt":{"rendered":"<p>Si vous \u00eates passionn\u00e9 d&#8217;informatique et d&#8217;\u00e9lectronique, si vous \u00eates \u00e0 la pointe de la technologie et qu&#8217;aucun d\u00e9tail ne vous \u00e9chappe, achetez Switch Qnap QSW-M3216R-8S8T au meilleur prix. Produit \u00e0 brancher: Oui Type: Switch Type de prise: Prise EU Bloc d\u2019Alimentation: r\u00e9seau \u00e9lectrique Couleur: Noir Connexions: RJ45 SFP+ x 8 rj45 x 8 Tension: [&hellip;]<\/p>\n","protected":false},"featured_media":20943,"comment_status":"open","ping_status":"closed","template":"","meta":[],"product_brand":[646],"product_cat":[65,584,585],"product_tag":[106],"class_list":{"0":"post-20946","1":"product","2":"type-product","3":"status-publish","4":"has-post-thumbnail","6":"product_brand-brandp_4747","7":"product_cat-informatique-electronique","8":"product_cat-informatique-reseaux-et-composants","9":"product_cat-switch","10":"product_tag-tag_1295","12":"first","13":"instock","14":"taxable","15":"shipping-taxable","16":"purchasable","17":"product-type-simple"},"_links":{"self":[{"href":"https:\/\/bigbuy.tupique.com\/pt\/wp-json\/wp\/v2\/product\/20946","targetHints":{"allow":["GET"]}}],"collection":[{"href":"https:\/\/bigbuy.tupique.com\/pt\/wp-json\/wp\/v2\/product"}],"about":[{"href":"https:\/\/bigbuy.tupique.com\/pt\/wp-json\/wp\/v2\/types\/product"}],"replies":[{"embeddable":true,"href":"https:\/\/bigbuy.tupique.com\/pt\/wp-json\/wp\/v2\/comments?post=20946"}],"wp:featuredmedia":[{"embeddable":true,"href":"https:\/\/bigbuy.tupique.com\/pt\/wp-json\/wp\/v2\/media\/20943"}],"wp:attachment":[{"href":"https:\/\/bigbuy.tupique.com\/pt\/wp-json\/wp\/v2\/media?parent=20946"}],"wp:term":[{"taxonomy":"product_brand","embeddable":true,"href":"https:\/\/bigbuy.tupique.com\/pt\/wp-json\/wp\/v2\/product_brand?post=20946"},{"taxonomy":"product_cat","embeddable":true,"href":"https:\/\/bigbuy.tupique.com\/pt\/wp-json\/wp\/v2\/product_cat?post=20946"},{"taxonomy":"product_tag","embeddable":true,"href":"https:\/\/bigbuy.tupique.com\/pt\/wp-json\/wp\/v2\/product_tag?post=20946"}],"curies":[{"name":"wp","href":"https:\/\/api.w.org\/{rel}","templated":true}]}}